{"id":19138,"date":"2014-07-01T16:35:37","date_gmt":"2014-07-01T14:35:37","guid":{"rendered":"http:\/\/www2.lyceejeanperrin.fr\/?page_id=19138"},"modified":"2026-01-19T10:50:35","modified_gmt":"2026-01-19T09:50:35","slug":"seconde-generale","status":"publish","type":"page","link":"https:\/\/www.lyceejeanperrin.fr\/?page_id=19138","title":{"rendered":"La seconde g\u00e9n\u00e9rale et technologique"},"content":{"rendered":"<p style=\"text-align: center;\"><span style=\"color: #ff0000;\">Plaquette de pr\u00e9sentation de la classe de 2nde :<\/span> <a href=\"https:\/\/www.lyceejeanperrin.fr\/wp-content\/uploads\/2026\/01\/Presentation-classe-de-SECONDE.pdf\">CLIQUEZ ICI<\/a><\/p>\n<ul>\n<li><strong>Horaires<\/strong> : <a href=\"https:\/\/www.lyceejeanperrin.fr\/wp-content\/uploads\/2014\/07\/Horaires-2nde.pdf\">Horaires 2nde<\/a>\n<div class=\"jQhVs-haAclf jQhVs-rM9Gsd jQhVs-haAclf-piqGWb-jQhVs-ZiwkRe\">\n<div id=\"featurecardPanel\" class=\"HzV7m-b0t70b-haAclf HzV7m-b0t70b-bnBfGc HzV7m-b0t70b-ZiwkRe\">\n<div>\n<div class=\"dzWwaf-qqvbed SfQLQb-T3iPGc qqvbed-tJHJj-kn2Jyc\">\n<div class=\"qqvbed-bN97Pc\">\n<div class=\"qqvbed-UmHwN\">\n<div class=\"qqvbed-p83tee\">\n<div class=\"qqvbed-p83tee-lTBxed\"><strong>options propos\u00e9es au lyc\u00e9e Jean Perrin :<\/strong><\/div>\n<div class=\"qqvbed-p83tee-lTBxed\"><\/div>\n<\/div>\n<div class=\"qqvbed-p83tee\">\n<div class=\"qqvbed-p83tee-V1ur5d\">Enseignements optionnels technologiques ( en seconde uniquement) :<\/div>\n<div class=\"qqvbed-p83tee-V1ur5d\"><\/div>\n<div class=\"qqvbed-p83tee-lTBxed\">&#8211; Management et gestion<br \/>\n&#8211; Sciences et laboratoires<\/div>\n<div class=\"qqvbed-p83tee-lTBxed\"><\/div>\n<\/div>\n<div class=\"qqvbed-p83tee\">\n<div class=\"qqvbed-p83tee-V1ur5d\">Enseignements optionnels (de la 2nde \u00e0 la Terminale) :<\/div>\n<div class=\"qqvbed-p83tee-V1ur5d\"><\/div>\n<div class=\"qqvbed-p83tee-lTBxed\">&#8211; LCA : Latin<br \/>\n&#8211; LCA : Grec<br \/>\n&#8211; Russe<\/div>\n<div class=\"qqvbed-p83tee-lTBxed\">&#8211; Musique<\/div>\n<div class=\"qqvbed-p83tee-lTBxed\">&#8211; E.PS.<\/div>\n<\/div>\n<\/div>\n<div title=\"\"><\/div>\n<\/div>\n<\/div>\n<\/div>\n<\/div>\n<\/div>\n<\/li>\n<li>la section europ\u00e9enne anglais est propos\u00e9e au Lyc\u00e9e Jean Perrin : 1h d&rsquo;anglais renforc\u00e9 et 1h de D.N.L. (Discipline Non Linguistique enseign\u00e9e en anglais) en Histoire-G\u00e9ographie par semaine.<\/li>\n<li>la section europ\u00e9enne allemand est \u00e9galement propos\u00e9e : 1h d&rsquo;allemand renforc\u00e9 et une heure de D.N.L. (Discipline Non Linguistique enseign\u00e9e en allemand) en math\u00e9matiques par semaine. <strong><em>Attention : cette section doit \u00eatre demand\u00e9e lors de l&rsquo;affection.<\/em><\/strong><\/li>\n<\/ul>\n<p style=\"text-align: center;\"><span style=\"font-size: 12pt;\"><strong>N.B. : Le Lyc\u00e9e Jean Perrin propose les langues vivantes :<\/strong><\/span><\/p>\n<p style=\"text-align: center;\"><strong><span style=\"font-size: 12pt;\">Anglais et Allemand (LVA-LVB)<\/span> &#8211; Espagnol (LVB) &#8211; Russe (LVC)<br \/>\n<\/strong><\/p>\n","protected":false},"excerpt":{"rendered":"<p>Plaquette de pr\u00e9sentation de la classe de 2nde : CLIQUEZ ICI Horaires : Horaires 2nde options propos\u00e9es au lyc\u00e9e Jean Perrin : Enseignements optionnels technologiques ( en seconde uniquement) : &#8211; Management et gestion &#8211; Sciences et laboratoires Enseignements optionnels (de la 2nde \u00e0 la Terminale) : &#8211; LCA : &#8230;<\/p>\n","protected":false},"author":2,"featured_media":0,"parent":2270,"menu_order":0,"comment_status":"closed","ping_status":"closed","template":"","meta":{"footnotes":""},"class_list":["post-19138","page","type-page","status-publish","hentry","column","threecol"],"_links":{"self":[{"href":"https:\/\/www.lyceejeanperrin.fr\/index.php?rest_route=\/wp\/v2\/pages\/19138","targetHints":{"allow":["GET"]}}],"collection":[{"href":"https:\/\/www.lyceejeanperrin.fr\/index.php?rest_route=\/wp\/v2\/pages"}],"about":[{"href":"https:\/\/www.lyceejeanperrin.fr\/index.php?rest_route=\/wp\/v2\/types\/page"}],"author":[{"embeddable":true,"href":"https:\/\/www.lyceejeanperrin.fr\/index.php?rest_route=\/wp\/v2\/users\/2"}],"replies":[{"embeddable":true,"href":"https:\/\/www.lyceejeanperrin.fr\/index.php?rest_route=%2Fwp%2Fv2%2Fcomments&post=19138"}],"version-history":[{"count":4,"href":"https:\/\/www.lyceejeanperrin.fr\/index.php?rest_route=\/wp\/v2\/pages\/19138\/revisions"}],"predecessor-version":[{"id":91378,"href":"https:\/\/www.lyceejeanperrin.fr\/index.php?rest_route=\/wp\/v2\/pages\/19138\/revisions\/91378"}],"up":[{"embeddable":true,"href":"https:\/\/www.lyceejeanperrin.fr\/index.php?rest_route=\/wp\/v2\/pages\/2270"}],"wp:attachment":[{"href":"https:\/\/www.lyceejeanperrin.fr\/index.php?rest_route=%2Fwp%2Fv2%2Fmedia&parent=19138"}],"curies":[{"name":"wp","href":"https:\/\/api.w.org\/{rel}","templated":true}]}}