{"id":20935,"date":"2014-07-02T17:01:35","date_gmt":"2014-07-02T15:01:35","guid":{"rendered":"http:\/\/www2.lyceejeanperrin.fr\/?page_id=20935"},"modified":"2026-01-19T11:54:11","modified_gmt":"2026-01-19T10:54:11","slug":"stmg","status":"publish","type":"page","link":"https:\/\/www.lyceejeanperrin.fr\/?page_id=20935","title":{"rendered":"La Voie Technologique STMG"},"content":{"rendered":"<p>Les formations de la voie technologique sont organis\u00e9es par grands domaines (industries, gestion et management, d\u00e9veloppement durable, laboratoire etc). Dans toutes les s\u00e9ries, les enseignements technologiques sont privil\u00e9gi\u00e9s, principalement par le biais des projets et d&rsquo;\u00e9tudes de cas concrets. Les enseignements g\u00e9n\u00e9raux (fran\u00e7ais, histoire g\u00e9ographie, langues&#8230;) permettent de consolider les savoirs fondamentaux en donnant aux \u00e9l\u00e8ves des rep\u00e8res culturels et historiques. (source ONISEP)<\/p>\n<p>Le lyc\u00e9e Jean Perrin pr\u00e9pare au bac STMG :<\/p>\n<p><strong>D\u00e8s la seconde l&rsquo;<span style=\"text-decoration: underline;\">option<\/span><\/strong> \u00ab\u00a0<a href=\"https:\/\/www.lyceejeanperrin.fr\/wp-content\/uploads\/2019\/01\/presentation-option-2de-MANAGEMENT-ET-GESTION.pdf\">Management et Gestion<\/a>\u00a0\u00bb peut \u00eatre prise (voir le descriptif en cliquant sur le lien) , elle repose sur un enseignement de 1h30 hebdomadaire.<\/p>\n<h1><span style=\"font-size: 18pt;\">Sciences et Technologies du Management et de la Gestion<\/span><\/h1>\n<p style=\"text-align: center;\">Vous obtiendrez plus d&rsquo;informations sur cette fili\u00e8re en allant sur le <a href=\"https:\/\/www.onisep.fr\/ressources\/univers-formation\/formations\/lycees\/classe-de-1re-stmg-sciences-et-technologies-du-management-et-de-la-gestion\">Site de l&rsquo;ONISEP<\/a>.<\/p>\n<p style=\"text-align: center;\">\u00a0<\/p>\n\n\n<p><\/p>\n","protected":false},"excerpt":{"rendered":"<p>Les formations de la voie technologique sont organis\u00e9es par grands domaines (industries, gestion et management, d\u00e9veloppement durable, laboratoire etc). Dans toutes les s\u00e9ries, les enseignements technologiques sont privil\u00e9gi\u00e9s, principalement par le biais des projets et d&rsquo;\u00e9tudes de cas concrets. Les enseignements g\u00e9n\u00e9raux (fran\u00e7ais, histoire g\u00e9ographie, langues&#8230;) permettent de consolider les &#8230;<\/p>\n","protected":false},"author":2,"featured_media":0,"parent":2270,"menu_order":2,"comment_status":"closed","ping_status":"closed","template":"","meta":{"footnotes":""},"class_list":["post-20935","page","type-page","status-publish","hentry","column","threecol"],"_links":{"self":[{"href":"https:\/\/www.lyceejeanperrin.fr\/index.php?rest_route=\/wp\/v2\/pages\/20935","targetHints":{"allow":["GET"]}}],"collection":[{"href":"https:\/\/www.lyceejeanperrin.fr\/index.php?rest_route=\/wp\/v2\/pages"}],"about":[{"href":"https:\/\/www.lyceejeanperrin.fr\/index.php?rest_route=\/wp\/v2\/types\/page"}],"author":[{"embeddable":true,"href":"https:\/\/www.lyceejeanperrin.fr\/index.php?rest_route=\/wp\/v2\/users\/2"}],"replies":[{"embeddable":true,"href":"https:\/\/www.lyceejeanperrin.fr\/index.php?rest_route=%2Fwp%2Fv2%2Fcomments&post=20935"}],"version-history":[{"count":2,"href":"https:\/\/www.lyceejeanperrin.fr\/index.php?rest_route=\/wp\/v2\/pages\/20935\/revisions"}],"predecessor-version":[{"id":91391,"href":"https:\/\/www.lyceejeanperrin.fr\/index.php?rest_route=\/wp\/v2\/pages\/20935\/revisions\/91391"}],"up":[{"embeddable":true,"href":"https:\/\/www.lyceejeanperrin.fr\/index.php?rest_route=\/wp\/v2\/pages\/2270"}],"wp:attachment":[{"href":"https:\/\/www.lyceejeanperrin.fr\/index.php?rest_route=%2Fwp%2Fv2%2Fmedia&parent=20935"}],"curies":[{"name":"wp","href":"https:\/\/api.w.org\/{rel}","templated":true}]}}