{"id":20996,"date":"2014-07-02T18:19:10","date_gmt":"2014-07-02T16:19:10","guid":{"rendered":"http:\/\/www2.lyceejeanperrin.fr\/?page_id=20996"},"modified":"2025-09-06T11:16:58","modified_gmt":"2025-09-06T09:16:58","slug":"20996-2","status":"publish","type":"page","link":"https:\/\/www.lyceejeanperrin.fr\/?page_id=20996","title":{"rendered":"BTS C.G."},"content":{"rendered":"<h2 style=\"text-align: center;\"><span style=\"font-family: verdana,geneva;\">\u00a0<strong>C<\/strong>omptabilit\u00e9 et <strong>G<\/strong>estion<br \/><\/span><\/h2>\n<p>INSCRIPTIONS uniquement via <a href=\"https:\/\/www.parcoursup.fr\/\">PARCOURSUP<\/a><\/p>\n<ul style=\"text-align: justify;\">\n<li><a href=\"https:\/\/www.lyceejeanperrin.fr\/wp-content\/uploads\/2023\/01\/Plaquette_BTS_CG_Janv-2023.pdf\">Plaquette de pr\u00e9sentation du B.T.S. C.G.<\/a><\/li>\n<\/ul>\n<ol style=\"text-align: justify;\">\n<li>\n<h4><span style=\"font-family: verdana,geneva;\">Les conditions d&rsquo;acc\u00e8s au B.T.S. C.G. :<\/span><\/h4>\n<\/li>\n<\/ol>\n<p><strong>La section BTS CG, ouverte \u00e0 tout bachelier, recrute plus particuli\u00e8rement :<\/strong><\/p>\n<ul>\n<li><span style=\"font-family: verdana,geneva;\">les titulaires d&rsquo;un baccalaur\u00e9at professionnel<\/span><\/li>\n<li><span style=\"font-family: verdana,geneva;\">les titulaires d\u2019un baccalaur\u00e9at STMG<\/span><\/li>\n<li><span style=\"font-family: verdana,geneva;\"> les titulaires d&rsquo;un baccalaur\u00e9at G\u00e9n\u00e9ral<br \/><\/span><\/li>\n<li>les \u00e9tudiants qui ont d\u00e9j\u00e0 effectu\u00e9 une ou deux ann\u00e9es d&rsquo;\u00e9tudes sup\u00e9rieures<\/li>\n<\/ul>\n<ul>\n<li style=\"list-style-type: none;\">\n<ul>\n<li><span style=\"font-family: verdana,geneva;\">Les qualit\u00e9s d&rsquo;un \u00e9tudiant en BTS CG :<\/span><\/li>\n<\/ul>\n<\/li>\n<\/ul>\n<ul>\n<li><span style=\"font-family: verdana,geneva;\">int\u00e9r\u00eat pour le monde de l&rsquo;entreprise<\/span><\/li>\n<li><span style=\"font-family: verdana,geneva;\">Rigueur et m\u00e9thode<\/span><\/li>\n<li><span style=\"font-family: verdana,geneva;\">Go\u00fbt du travail en \u00e9quipe<\/span><\/li>\n<li><span style=\"font-family: verdana,geneva;\">Go\u00fbt de l&rsquo;organisation et de la communication<\/span><\/li>\n<li>Autonomie et sens des responsabilit\u00e9s<\/li>\n<\/ul>\n<ol style=\"text-align: justify;\" start=\"2\">\n<li>\n<h4><span style=\"font-family: verdana,geneva;\">La formation :<\/span><\/h4>\n<\/li>\n<\/ol>\n<p><span style=\"font-family: verdana,geneva;\">Ouverte sur l\u2019ext\u00e9rieur, tout en d\u00e9veloppant les connaissances th\u00e9oriques et la culture g\u00e9n\u00e9rale, indispensables aujourd\u2019hui\u00a0!<\/span><\/p>\n<p><span style=\"font-family: verdana,geneva;\">Les \u00e9tudiants re\u00e7oivent une double formation\u00a0<\/span><\/p>\n<ul>\n<li><span style=\"font-family: verdana,geneva;\">Th\u00e9orique<\/span><\/li>\n<\/ul>\n\n<table id=\"tablepress-13\" class=\"tablepress tablepress-id-13\">\n<thead>\n<tr class=\"row-1\">\n\t<th class=\"column-1\">Mati\u00e8res enseign\u00e9es<\/th><th class=\"column-2\">1\u00e8re ann\u00e9e<\/th><th class=\"column-3\">2\u00e8me ann\u00e9e<\/th>\n<\/tr>\n<\/thead>\n<tbody>\n<tr class=\"row-2\">\n\t<td class=\"column-1\">Culture g\u00e9n\u00e9rale et expression<\/td><td class=\"column-2\">3 h<\/td><td class=\"column-3\">3 h<\/td>\n<\/tr>\n<tr class=\"row-3\">\n\t<td class=\"column-1\">Langue vivante \u00e9trang\u00e8re<\/td><td class=\"column-2\">2 h<\/td><td class=\"column-3\">2 h<\/td>\n<\/tr>\n<tr class=\"row-4\">\n\t<td class=\"column-1\">Math\u00e9matiques appliqu\u00e9es<\/td><td class=\"column-2\">2 h<\/td><td class=\"column-3\">2 h<\/td>\n<\/tr>\n<tr class=\"row-5\">\n\t<td class=\"column-1\">Culture \u00c9conomique, Juridique et Manag\u00e9riale (CEJM)<\/td><td class=\"column-2\">4 h<\/td><td class=\"column-3\">4 h<\/td>\n<\/tr>\n<tr class=\"row-6\">\n\t<td class=\"column-1\">CEJM Appliqu\u00e9e<\/td><td class=\"column-2\">1 h 30<\/td><td class=\"column-3\">1 h 30<\/td>\n<\/tr>\n<tr class=\"row-7\">\n\t<td class=\"column-1\">Gestion des obligations fiscales et sociales<\/td><td class=\"column-2\">5 h<\/td><td class=\"column-3\">2 h<\/td>\n<\/tr>\n<tr class=\"row-8\">\n\t<td class=\"column-1\">Contr\u00f4le, traitement, comptable des op\u00e9rations commerciales et production de l'information financi\u00e8re<\/td><td class=\"column-2\">6 h<\/td><td class=\"column-3\">4 h<\/td>\n<\/tr>\n<tr class=\"row-9\">\n\t<td class=\"column-1\">Analyse, pr\u00e9vision de l'activit\u00e9 et analyse de la situation financi\u00e8re<\/td><td class=\"column-2\">2 h<\/td><td class=\"column-3\">5 h<\/td>\n<\/tr>\n<tr class=\"row-10\">\n\t<td class=\"column-1\">Fiabilisation de l'information comptable et syst\u00e8me d'information comptable<\/td><td class=\"column-2\">2 h<\/td><td class=\"column-3\">2 h<\/td>\n<\/tr>\n<tr class=\"row-11\">\n\t<td class=\"column-1\">Atelier professionnel<\/td><td class=\"column-2\">3 h<\/td><td class=\"column-3\">4 h<\/td>\n<\/tr>\n<tr class=\"row-12\">\n\t<td class=\"column-1\">Module optionnel d'approfondissement<\/td><td class=\"column-2\"><\/td><td class=\"column-3\">2 h<\/td>\n<\/tr>\n<tr class=\"row-13\">\n\t<td class=\"column-1\">Remise \u00e0 niveau<\/td><td class=\"column-2\">2 h<\/td><td class=\"column-3\"><\/td>\n<\/tr>\n<\/tbody>\n<\/table>\n<!-- #tablepress-13 from cache -->\n<ul>\n<li><span style=\"font-family: verdana,geneva;\">Pratique\u00a0<\/span><\/li>\n<\/ul>\n<p><span style=\"font-family: verdana,geneva;\">Pendant la formation, l\u2019\u00e9tudiant est amen\u00e9 \u00e0 accomplir deux stages pour acqu\u00e9rir ou approfondir des comp\u00e9tences professionnelles en situation r\u00e9elle de travail.<\/span><\/p>\n<p><span style=\"font-family: verdana,geneva;\">&#8211; 6 semaines en premi\u00e8re ann\u00e9e<\/span><\/p>\n<p><span style=\"font-family: verdana,geneva;\"> &#8211; 4 semaines en deuxi\u00e8me ann\u00e9e<\/span><\/p>\n<ol style=\"text-align: justify;\" start=\"3\">\n<li>\n<h4><span style=\"font-family: verdana,geneva;\">Les objectifs :<\/span><\/h4>\n<\/li>\n<\/ol>\n<p><span style=\"font-family: verdana,geneva;\">Le BTS CG poursuit des objectifs multiples :<\/span><\/p>\n<ul>\n<li><span style=\"font-family: verdana,geneva;\">Acqu\u00e9rir les techniques comptables<\/span><\/li>\n<li><span style=\"font-family: verdana,geneva;\">Comprendre son environnement et conna\u00eetre l\u2019entreprise<\/span><\/li>\n<li><span style=\"font-family: verdana,geneva;\">Ma\u00eetriser les probl\u00e8mes de gestion<\/span><\/li>\n<li><span style=\"font-family: verdana,geneva;\">Ma\u00eetriser les logiciels professionnels de gestion et les logiciels d&rsquo;outils (progiciel de gestion, tableur, base de donn\u00e9es\u2026)<\/span><\/li>\n<\/ul>\n<ol style=\"text-align: justify;\" start=\"4\">\n<li>\n<h4><span style=\"font-family: verdana,geneva;\">Les m\u00e9tiers :<\/span><\/h4>\n<\/li>\n<\/ol>\n<p><span style=\"font-family: verdana,geneva;\">Le BTS CG permet un acc\u00e8s aux m\u00e9tiers de la gestion :<\/span><\/p>\n<ul>\n<li><span style=\"font-family: verdana,geneva;\">Assistant puis Collaborateur Comptable<\/span><\/li>\n<li><span style=\"font-family: verdana,geneva;\">Assistant puis Contr\u00f4leur de gestion<\/span><\/li>\n<li><span style=\"font-family: verdana,geneva;\">Tr\u00e9sorier des organisations publiques et priv\u00e9es<\/span><\/li>\n<li><span style=\"font-family: verdana,geneva;\">Assistant puis Responsable administratif et financier<\/span><\/li>\n<li><span style=\"font-family: verdana,geneva;\">Assistant puis Responsable paie<\/span><\/li>\n<\/ul>\n<ol style=\"text-align: justify;\" start=\"5\">\n<li>\n<h4><span style=\"font-family: verdana,geneva;\">Les atouts de Jean Perrin :<\/span><\/h4>\n<\/li>\n<\/ol>\n<ul>\n<li style=\"text-align: justify;\"><span style=\"font-family: verdana,geneva;\">Travail en petit effectif<br \/><\/span><\/li>\n<li style=\"text-align: justify;\"><span style=\"font-family: verdana,geneva;\">S\u00e9ances de soutien en enseignement professionnel<\/span><\/li>\n<li style=\"text-align: justify;\"><strong>Proposition d&rsquo;un module d&rsquo;approfondissement en gestion des relations sociales<\/strong> en partenariat avec l&rsquo;Ordre de Experts-Comptables du Nord Pas de Calais<\/li>\n<li><strong>Partenariat avec Vilogia-Pr\u00e9mium \u00e0 travers une initiation \u00e0 la comptabilit\u00e9 de copropri\u00e9t\u00e9<\/strong><\/li>\n<li style=\"text-align: justify;\">Suivi individualis\u00e9 des stages<\/li>\n<\/ul>\n\n\n<figure class=\"wp-block-video\"><video height=\"720\" style=\"aspect-ratio: 1280 \/ 720;\" width=\"1280\" controls src=\"https:\/\/www.lyceejeanperrin.fr\/wp-content\/uploads\/2025\/09\/BTS_C_G_Jean_Perrin.mp4\"><\/video><\/figure>\n","protected":false},"excerpt":{"rendered":"<p>\u00a0Comptabilit\u00e9 et Gestion INSCRIPTIONS uniquement via PARCOURSUP Plaquette de pr\u00e9sentation du B.T.S. C.G. Les conditions d&rsquo;acc\u00e8s au B.T.S. C.G. : La section BTS CG, ouverte \u00e0 tout bachelier, recrute plus particuli\u00e8rement : les titulaires d&rsquo;un baccalaur\u00e9at professionnel les titulaires d\u2019un baccalaur\u00e9at STMG les titulaires d&rsquo;un baccalaur\u00e9at G\u00e9n\u00e9ral les \u00e9tudiants qui &#8230;<\/p>\n","protected":false},"author":2,"featured_media":0,"parent":20980,"menu_order":0,"comment_status":"closed","ping_status":"closed","template":"","meta":{"footnotes":""},"class_list":["post-20996","page","type-page","status-publish","hentry","column","threecol"],"_links":{"self":[{"href":"https:\/\/www.lyceejeanperrin.fr\/index.php?rest_route=\/wp\/v2\/pages\/20996","targetHints":{"allow":["GET"]}}],"collection":[{"href":"https:\/\/www.lyceejeanperrin.fr\/index.php?rest_route=\/wp\/v2\/pages"}],"about":[{"href":"https:\/\/www.lyceejeanperrin.fr\/index.php?rest_route=\/wp\/v2\/types\/page"}],"author":[{"embeddable":true,"href":"https:\/\/www.lyceejeanperrin.fr\/index.php?rest_route=\/wp\/v2\/users\/2"}],"replies":[{"embeddable":true,"href":"https:\/\/www.lyceejeanperrin.fr\/index.php?rest_route=%2Fwp%2Fv2%2Fcomments&post=20996"}],"version-history":[{"count":4,"href":"https:\/\/www.lyceejeanperrin.fr\/index.php?rest_route=\/wp\/v2\/pages\/20996\/revisions"}],"predecessor-version":[{"id":91197,"href":"https:\/\/www.lyceejeanperrin.fr\/index.php?rest_route=\/wp\/v2\/pages\/20996\/revisions\/91197"}],"up":[{"embeddable":true,"href":"https:\/\/www.lyceejeanperrin.fr\/index.php?rest_route=\/wp\/v2\/pages\/20980"}],"wp:attachment":[{"href":"https:\/\/www.lyceejeanperrin.fr\/index.php?rest_route=%2Fwp%2Fv2%2Fmedia&parent=20996"}],"curies":[{"name":"wp","href":"https:\/\/api.w.org\/{rel}","templated":true}]}}