{"id":21082,"date":"2014-07-03T16:22:58","date_gmt":"2014-07-03T14:22:58","guid":{"rendered":"http:\/\/www2.lyceejeanperrin.fr\/?page_id=21082"},"modified":"2022-05-24T14:27:32","modified_gmt":"2022-05-24T12:27:32","slug":"vie-du-lycee","status":"publish","type":"page","link":"https:\/\/www.lyceejeanperrin.fr\/?page_id=21082","title":{"rendered":"Vie du Lyc\u00e9e"},"content":{"rendered":"<h1 style=\"text-align: center;\">La restauration scolaire<\/h1>\n<p style=\"text-align: center;\">Le b\u00e2timent du restaurant scolaire a \u00e9t\u00e9 enti\u00e8rement r\u00e9nov\u00e9 en 2009.<br \/>Les utilisateurs ont le choix entre un menu classique \u00e9quilibr\u00e9<br \/>et (au maximum une fois par semaine), une formule de restauration rapide.<br \/>L&rsquo;\u00e9quipe du chef de cuisine se met en quatre pour varier au maximum<br \/>les menus de tous les jours.<br \/>Il a ainsi \u00e9t\u00e9 possible de go\u00fbter cette ann\u00e9e \u00e0 la cuisine allemande, chilienne, chinoise&#8230;<a href=\"https:\/\/www.lyceejeanperrin.fr\/wp-content\/uploads\/2014\/07\/restau.jpg\"><img loading=\"lazy\" decoding=\"async\" class=\"size-full wp-image-25450\" src=\"https:\/\/www.lyceejeanperrin.fr\/wp-content\/uploads\/2014\/07\/restau.jpg\" alt=\"restau\" width=\"565\" height=\"389\" srcset=\"https:\/\/www.lyceejeanperrin.fr\/wp-content\/uploads\/2014\/07\/restau.jpg 565w, https:\/\/www.lyceejeanperrin.fr\/wp-content\/uploads\/2014\/07\/restau-300x207.jpg 300w, https:\/\/www.lyceejeanperrin.fr\/wp-content\/uploads\/2014\/07\/restau-332x229.jpg 332w\" sizes=\"auto, (max-width: 565px) 100vw, 565px\" \/><\/a><\/p>\n<p>Le service de restauration d\u00e9bute \u00e0 11h15 et se termine \u00e0 13h45.<\/p>\n\n\n<p><\/p>\n","protected":false},"excerpt":{"rendered":"<p>La restauration scolaire Le b\u00e2timent du restaurant scolaire a \u00e9t\u00e9 enti\u00e8rement r\u00e9nov\u00e9 en 2009.Les utilisateurs ont le choix entre un menu classique \u00e9quilibr\u00e9et (au maximum une fois par semaine), une formule de restauration rapide.L&rsquo;\u00e9quipe du chef de cuisine se met en quatre pour varier au maximumles menus de tous les &#8230;<\/p>\n","protected":false},"author":2,"featured_media":0,"parent":0,"menu_order":7,"comment_status":"closed","ping_status":"closed","template":"","meta":{"footnotes":""},"class_list":["post-21082","page","type-page","status-publish","hentry","column","threecol"],"_links":{"self":[{"href":"https:\/\/www.lyceejeanperrin.fr\/index.php?rest_route=\/wp\/v2\/pages\/21082","targetHints":{"allow":["GET"]}}],"collection":[{"href":"https:\/\/www.lyceejeanperrin.fr\/index.php?rest_route=\/wp\/v2\/pages"}],"about":[{"href":"https:\/\/www.lyceejeanperrin.fr\/index.php?rest_route=\/wp\/v2\/types\/page"}],"author":[{"embeddable":true,"href":"https:\/\/www.lyceejeanperrin.fr\/index.php?rest_route=\/wp\/v2\/users\/2"}],"replies":[{"embeddable":true,"href":"https:\/\/www.lyceejeanperrin.fr\/index.php?rest_route=%2Fwp%2Fv2%2Fcomments&post=21082"}],"version-history":[{"count":1,"href":"https:\/\/www.lyceejeanperrin.fr\/index.php?rest_route=\/wp\/v2\/pages\/21082\/revisions"}],"predecessor-version":[{"id":90098,"href":"https:\/\/www.lyceejeanperrin.fr\/index.php?rest_route=\/wp\/v2\/pages\/21082\/revisions\/90098"}],"wp:attachment":[{"href":"https:\/\/www.lyceejeanperrin.fr\/index.php?rest_route=%2Fwp%2Fv2%2Fmedia&parent=21082"}],"curies":[{"name":"wp","href":"https:\/\/api.w.org\/{rel}","templated":true}]}}