{"id":21797,"date":"2014-07-04T13:21:44","date_gmt":"2014-07-04T11:21:44","guid":{"rendered":"http:\/\/www2.lyceejeanperrin.fr\/?page_id=21797"},"modified":"2024-09-12T09:31:45","modified_gmt":"2024-09-12T07:31:45","slug":"c-d-i","status":"publish","type":"page","link":"https:\/\/www.lyceejeanperrin.fr\/?page_id=21797","title":{"rendered":"C.D.I."},"content":{"rendered":"<h2 style=\"text-align: justify;\">Centre de Documentation et d&rsquo;Information<\/h2>\n<p style=\"text-align: justify;\">Le C.D.I. de l&rsquo;\u00e9tablissement est un local particuli\u00e8rement beau et attrayant, enti\u00e8rement refait \u00e0 neuf en 2010 afin de le redimensionner \u00e0 l&rsquo;\u00e9chelle des besoins croissants du lyc\u00e9e. Il se situe au rez-de-chauss\u00e9e du b\u00e2timent F. La documentation papier, audiovisuelle et num\u00e9rique dont il dispose, s&rsquo;adresse \u00e0 l&rsquo;ensemble de la communaut\u00e9 scolaire et en particulier aux \u00e9l\u00e8ves. L&rsquo;accueil varie entre 1000 \u00e0 1500 \u00e9l\u00e8ves par semaine.<\/p>\n\r\n\t<div class=\"slideshow_container slideshow_container_style-light\" style=\"height: 600px; \" data-slideshow-id=\"40168\" data-style-name=\"style-light\" data-style-version=\"2.3.1\" >\r\n\r\n\t\t\t\t\t<div class=\"slideshow_loading_icon\"><\/div>\r\n\t\t\r\n\t\t<div class=\"slideshow_content\" style=\"display: none;\">\r\n\r\n\t\t\t<div class=\"slideshow_view\">\r\n\t\t\t\t<div class=\"slideshow_slide slideshow_slide_image\">\r\n\t\t\t\t\t\t\t\t\t\t\t<img src=\"https:\/\/www.lyceejeanperrin.fr\/wp-content\/uploads\/2018\/05\/IMG-20180524-00178.jpg\" alt=\"IMG-20180524-00178\" width=\"1536\" height=\"2048\" \/>\r\n\t\t\t\t\t\t\t\t\t\t<div class=\"slideshow_description_box slideshow_transparent\">\r\n\t\t\t\t\t\t<div class=\"slideshow_title\">IMG-20180524-00178<\/div>\t\t\t\t\t\t\t\t\t\t\t<\/div>\r\n\t\t\t\t<\/div>\r\n\r\n\t\t\t\t\t\t<div style=\"clear: both;\"><\/div><\/div><div class=\"slideshow_view\">\r\n\t\t\t\t<div class=\"slideshow_slide slideshow_slide_image\">\r\n\t\t\t\t\t\t\t\t\t\t\t<img src=\"https:\/\/www.lyceejeanperrin.fr\/wp-content\/uploads\/2018\/02\/IApresentoir.jpg\" alt=\"IApr\u00e9sentoir\" width=\"1536\" height=\"2048\" \/>\r\n\t\t\t\t\t\t\t\t\t\t<div class=\"slideshow_description_box slideshow_transparent\">\r\n\t\t\t\t\t\t<div class=\"slideshow_title\">IApr\u00e9sentoir<\/div>\t\t\t\t\t\t\t\t\t\t\t<\/div>\r\n\t\t\t\t<\/div>\r\n\r\n\t\t\t\t\t\t<div style=\"clear: both;\"><\/div><\/div><div class=\"slideshow_view\">\r\n\t\t\t\t<div class=\"slideshow_slide slideshow_slide_image\">\r\n\t\t\t\t\t\t\t\t\t\t\t<img src=\"https:\/\/www.lyceejeanperrin.fr\/wp-content\/uploads\/2014\/08\/Lycee2014-2.jpg\" alt=\"Lycee2014 (2)\" width=\"800\" height=\"600\" \/>\r\n\t\t\t\t\t\t\t\t\t\t<div class=\"slideshow_description_box slideshow_transparent\">\r\n\t\t\t\t\t\t<div class=\"slideshow_title\">Lycee2014 (2)<\/div>\t\t\t\t\t\t\t\t\t\t\t<\/div>\r\n\t\t\t\t<\/div>\r\n\r\n\t\t\t\t\t\t<div style=\"clear: both;\"><\/div><\/div><div class=\"slideshow_view\">\r\n\t\t\t\t<div class=\"slideshow_slide slideshow_slide_image\">\r\n\t\t\t\t\t\t\t\t\t\t\t<img src=\"https:\/\/www.lyceejeanperrin.fr\/wp-content\/uploads\/2014\/08\/Lycee2014-1.jpg\" alt=\"Lycee2014 (1)\" width=\"800\" height=\"600\" \/>\r\n\t\t\t\t\t\t\t\t\t\t<div class=\"slideshow_description_box slideshow_transparent\">\r\n\t\t\t\t\t\t<div class=\"slideshow_title\">Lycee2014 (1)<\/div>\t\t\t\t\t\t\t\t\t\t\t<\/div>\r\n\t\t\t\t<\/div>\r\n\r\n\t\t\t\t\t\t<div style=\"clear: both;\"><\/div><\/div><div class=\"slideshow_view\">\r\n\t\t\t\t<div class=\"slideshow_slide slideshow_slide_image\">\r\n\t\t\t\t\t\t\t\t\t\t\t<img src=\"https:\/\/www.lyceejeanperrin.fr\/wp-content\/uploads\/2014\/08\/Lycee2014-16.jpg\" alt=\"Lycee2014 (16)\" width=\"800\" height=\"600\" \/>\r\n\t\t\t\t\t\t\t\t\t\t<div class=\"slideshow_description_box slideshow_transparent\">\r\n\t\t\t\t\t\t<div class=\"slideshow_title\">Lycee2014 (16)<\/div>\t\t\t\t\t\t\t\t\t\t\t<\/div>\r\n\t\t\t\t<\/div>\r\n\r\n\t\t\t\t\t\t<div style=\"clear: both;\"><\/div><\/div>\r\n\t\t<\/div>\r\n\r\n\t\t<div class=\"slideshow_controlPanel slideshow_transparent\" style=\"display: none;\"><ul><li class=\"slideshow_togglePlay\" data-play-text=\"Play\" data-pause-text=\"Pause\"><\/li><\/ul><\/div>\r\n\r\n\t\t<div class=\"slideshow_button slideshow_previous slideshow_transparent\" role=\"button\" data-previous-text=\"Pr\u00e9c\u00e9dent\" style=\"display: none;\"><\/div>\r\n\t\t<div class=\"slideshow_button slideshow_next slideshow_transparent\" role=\"button\" data-next-text=\"Suivant\" style=\"display: none;\"><\/div>\r\n\r\n\t\t<div class=\"slideshow_pagination\" style=\"display: none;\" data-go-to-text=\"Go to slide\"><div class=\"slideshow_pagination_center\"><\/div><\/div>\r\n\r\n\t\t<!-- WordPress Slideshow Version 2.3.1 -->\r\n\r\n\t\t\t<\/div>\r\n\r\n\n<p style=\"text-align: justify;\">D&rsquo;une superficie totale de 550 m2, le C.D.I. comprend plusieurs espaces de travail :<\/p>\n<ul style=\"text-align: justify;\">\n<li>Une grande <b>salle de documentation<\/b> de 50 places environ, \u00e9quip\u00e9e de 12 ordinateurs en acc\u00e8s libre.<\/li>\n<li><b>Deux box<\/b> de 8 places chacun pour les travaux en groupes restreints (TPE, clubs de langues, etc&#8230;)<\/li>\n<li>Une <b>salle multim\u00e9dia<\/b> climatis\u00e9e avec 19 ordinateurs<\/li>\n<li>Une <b>salle audiovisuelle<\/b> d&rsquo;une trentaine de places, \u00e9quip\u00e9e d&rsquo;un grand \u00e9cran avec lecteurs VHS et DVD<\/li>\n<li>Un local <b>\u00ab\u00a0Archives\u00a0\u00bb<\/b><\/li>\n<\/ul>\n<p style=\"text-align: justify;\">Les Documentalistes sont : <b>Mme BRUNET <\/b>et\u00a0<b>Mme DEMOLIN<\/b><\/p>\n<p style=\"text-align: justify;\">Pour l&rsquo;ann\u00e9e scolaire 2024-2025 les horaires du C.D.I. sont les suivants:<\/p>\n<table>\n<thead>\n<tr>\n<th style=\"text-align: center;\">Lundi<\/th>\n<th style=\"text-align: center;\">Mardi<\/th>\n<th style=\"text-align: center;\">Mercredi<\/th>\n<th style=\"text-align: center;\">Jeudi<\/th>\n<th style=\"text-align: center;\">Vendredi<\/th>\n<th style=\"text-align: center;\"><\/th>\n<\/tr>\n<\/thead>\n<tbody>\n<tr>\n<td style=\"text-align: center;\">8h00 &#8211; 12h30<\/p>\n<p>13h00 -18h00<\/p>\n<p>ferm\u00e9 pendant les r\u00e9cr\u00e9ations<\/td>\n<td style=\"text-align: center;\">8h00 &#8211; 18h00<\/td>\n<td style=\"text-align: center;\">8h00 &#8211; 13h00<\/td>\n<td style=\"text-align: center;\">8h00 &#8211; 12h30<\/p>\n<p>13h00-18h00<\/p>\n<p>ferm\u00e9 pendant les r\u00e9cr\u00e9ations<\/td>\n<td style=\"text-align: center;\">8h00 &#8211; 12h30<\/p>\n<p>13h00-17h00<\/p>\n<p>ferm\u00e9 pendant les r\u00e9cr\u00e9ations<\/td>\n<td style=\"text-align: center;\"><\/td>\n<\/tr>\n<\/tbody>\n<\/table>\n<h2 style=\"text-align: justify;\">Ressources disponibles au Lyc\u00e9e :<\/h2>\n<p style=\"text-align: justify;\">Les ressources du C.D.I. sont riches et \u00e9clectiques :<\/p>\n<ul style=\"text-align: justify;\">\n<li>Quelques milliers d&rsquo;<b>ouvrages<\/b> (romans, biographies, dictionnaires, encyclop\u00e9dies, etc&#8230;)<\/li>\n<li>Une cinquantaine d&rsquo;abonnements \u00e0 des <b>revues p\u00e9dagogiques<\/b> relatives \u00e0 tous les domaines (sciences, \u00e9conomie, litt\u00e9rature, histoire, g\u00e9ographie, philosophie, commerce, comptabilit\u00e9, etc&#8230;). Leurs archives sont class\u00e9es dans des bo\u00eetes \u00e0 revues \u00e9tiquet\u00e9es, \u00e0 la disposition de tous. Parall\u00e8lement, l&rsquo;interrogation de la base de donn\u00e9es du C.D.I. permet d&rsquo;obtenir les r\u00e9sum\u00e9s et les r\u00e9f\u00e9rences de tous les articles de presse de ces revues selon leurs th\u00e8mes. Cette base documentaire contient ainsi pr\u00e8s de 60 000 notices.<\/li>\n<li>Des <b>c\u00e9d\u00e9roms<\/b> consultables en r\u00e9seau (Par exemple, les archives de la revue \u00ab\u00a0Le Monde diplomatique\u00a0\u00bb)<\/li>\n<li>Deux <b>quotidiens<\/b> d&rsquo;actualit\u00e9s: \u00ab\u00a0Le Monde\u00a0\u00bb et \u00ab\u00a0La Voix du Nord\u00a0\u00bb.<\/li>\n<li>Un secteur \u00ab\u00a0<b>Orientation<\/b>\u00a0\u00bb offrant un large choix de documents sur les \u00e9tudes et les m\u00e9tiers (brochures ONISEP notamment).<\/li>\n<li>D&rsquo;autres informations sont consultables \u00e9galement comme les renseignements sur les <b>s\u00e9jours \u00e0 l&rsquo;\u00e9tranger<\/b>, les <b>jobs<\/b> d&rsquo;\u00e9t\u00e9, les <b>loisirs<\/b>, les <b>sorties<\/b>,&#8230;<\/li>\n<\/ul>\n<h2 style=\"text-align: justify;\">Interrogation de la base de donn\u00e9es informatique<\/h2>\n<p style=\"text-align: justify;\">Les ressources vari\u00e9es du Centre, leurs possibilit\u00e9s d&#8217;emprunt, ainsi que l&rsquo;utilisation du logiciel documentaire BCDI WEB facilitent le d\u00e9veloppement de l&rsquo;autonomie des \u00e9l\u00e8ves. Ce logiciel, accessible \u00e0 partir de tous les ordinateurs du C.D.I., permet de r\u00e9aliser des recherches informatis\u00e9es rapides, efficaces et pr\u00e9cises au sein des documents du C.D.I.<\/p>\n<p style=\"text-align: justify;\">Cliquer ici pour apprendre \u00e0 utiliser le logiciel BCDI WEB :<a href=\"https:\/\/www.lyceejeanperrin.fr\/wp-content\/uploads\/2014\/08\/bcdi2.pps\">bcdi2<\/a><\/p>\n<h2 style=\"text-align: justify;\">Calme et respect:<\/h2>\n<p style=\"text-align: justify;\">Les Documentalistes tiennent \u00e0 pr\u00e9ciser que <b>le calme et le respect du mat\u00e9riel et des personnes<\/b> sont indispensables pour le bon fonctionnement du Centre et le bien-\u00eatre de tous. Ainsi, les \u00e9l\u00e8ves qui ne respecteraient pas ces r\u00e8gles, peuvent faire l&rsquo;objet de sanctions et, le cas \u00e9ch\u00e9ant, se voir interdits de C.D.I. momentan\u00e9ment ou \u00e0 plus long terme.<\/p>\n<h2 style=\"text-align: justify;\">Activit\u00e9s p\u00e9dagogiques :<\/h2>\n<p style=\"text-align: justify;\">Des <b>visites de pr\u00e9sentation du C.D.I.<\/b> sont organis\u00e9es au d\u00e9but de chaque ann\u00e9e scolaire pour toutes les classes de secondes et les nouveaux arrivants en BTS. Puis, durant le courant de l&rsquo;ann\u00e9e, diverses <b>actions p\u00e9dagogiques<\/b> sont entreprises en collaboration avec les professeurs pour approfondir le travail de lecture, de recherche documentaire et d&rsquo;analyse de documents ( Travaux Personnels Encadr\u00e9s, dossiers d&rsquo;\u00e9ducation civique, connaissance des prix litt\u00e9raires (Goncourt, Renaudot, F\u00e9mina), recherches sur les m\u00e9tiers, etc.)<\/p>\n<p style=\"text-align: justify;\">En plus de l&rsquo;<b>incitation \u00e0 la lecture<\/b>, le C.D.I. joue un r\u00f4le dans la <b>vie culturelle<\/b> de l&rsquo;\u00e9tablissement: affichage des manifestations r\u00e9gionales (forums, spectacles, conf\u00e9rences, &#8230;), invitations d&rsquo;intervenants ext\u00e9rieurs (\u00e9crivains, journalistes&#8230;), organisation d&rsquo;expositions au lyc\u00e9e, etc. Notons enfin, \u00e0 l&rsquo;entr\u00e9e du C.D.I., la pr\u00e9sentation permanente de l&rsquo;actualit\u00e9 cin\u00e9matographique sous la forme de r\u00e9sum\u00e9s et de photographies des films r\u00e9cents \u00e0 l&rsquo;affiche.<\/p>\n<p style=\"text-align: justify;\"><a href=\"https:\/\/www.lyceejeanperrin.fr\/?page_id=21826\">Cliquer ici pour visionner des exemples d&rsquo;actions p\u00e9dagogiques du CDI<\/a><\/p>\n","protected":false},"excerpt":{"rendered":"<p>Centre de Documentation et d&rsquo;Information Le C.D.I. de l&rsquo;\u00e9tablissement est un local particuli\u00e8rement beau et attrayant, enti\u00e8rement refait \u00e0 neuf en 2010 afin de le redimensionner \u00e0 l&rsquo;\u00e9chelle des besoins croissants du lyc\u00e9e. Il se situe au rez-de-chauss\u00e9e du b\u00e2timent F. La documentation papier, audiovisuelle et num\u00e9rique dont il dispose, &#8230;<\/p>\n","protected":false},"author":2,"featured_media":0,"parent":21082,"menu_order":4,"comment_status":"closed","ping_status":"closed","template":"","meta":{"footnotes":""},"class_list":["post-21797","page","type-page","status-publish","hentry","column","threecol"],"_links":{"self":[{"href":"https:\/\/www.lyceejeanperrin.fr\/index.php?rest_route=\/wp\/v2\/pages\/21797","targetHints":{"allow":["GET"]}}],"collection":[{"href":"https:\/\/www.lyceejeanperrin.fr\/index.php?rest_route=\/wp\/v2\/pages"}],"about":[{"href":"https:\/\/www.lyceejeanperrin.fr\/index.php?rest_route=\/wp\/v2\/types\/page"}],"author":[{"embeddable":true,"href":"https:\/\/www.lyceejeanperrin.fr\/index.php?rest_route=\/wp\/v2\/users\/2"}],"replies":[{"embeddable":true,"href":"https:\/\/www.lyceejeanperrin.fr\/index.php?rest_route=%2Fwp%2Fv2%2Fcomments&post=21797"}],"version-history":[{"count":10,"href":"https:\/\/www.lyceejeanperrin.fr\/index.php?rest_route=\/wp\/v2\/pages\/21797\/revisions"}],"predecessor-version":[{"id":91065,"href":"https:\/\/www.lyceejeanperrin.fr\/index.php?rest_route=\/wp\/v2\/pages\/21797\/revisions\/91065"}],"up":[{"embeddable":true,"href":"https:\/\/www.lyceejeanperrin.fr\/index.php?rest_route=\/wp\/v2\/pages\/21082"}],"wp:attachment":[{"href":"https:\/\/www.lyceejeanperrin.fr\/index.php?rest_route=%2Fwp%2Fv2%2Fmedia&parent=21797"}],"curies":[{"name":"wp","href":"https:\/\/api.w.org\/{rel}","templated":true}]}}