{"id":21810,"date":"2014-07-04T13:39:42","date_gmt":"2014-07-04T11:39:42","guid":{"rendered":"http:\/\/www2.lyceejeanperrin.fr\/?page_id=21810"},"modified":"2014-07-04T13:39:42","modified_gmt":"2014-07-04T11:39:42","slug":"21810-2","status":"publish","type":"page","link":"https:\/\/www.lyceejeanperrin.fr\/?page_id=21810","title":{"rendered":"Abonnements du CDI"},"content":{"rendered":"<h2 style=\"text-align: center;\">Liste des abonnements du CDI (au 08\/06\/09):<\/h2>\n<ul>\n<li>Action commerciale<\/li>\n<li>Action juridique (L&rsquo;)<\/li>\n<li>Actu (L&rsquo;)<\/li>\n<li>Actuel CIDJ (Orientation m\u00e9tiers)<\/li>\n<li>Alternatives \u00e9conomiques<\/li>\n<li>Alternatives internationales<\/li>\n<li>Beaux-Arts<\/li>\n<li>Cahiers fran\u00e7ais (Les)<\/li>\n<li>Ca m&rsquo;int\u00e9resse<\/li>\n<li>Collections de l&rsquo;Histoire (Les)<\/li>\n<li>Commerce magazine<\/li>\n<li>Courrier International<\/li>\n<li>Economie et management<\/li>\n<li>Economie et statistique<\/li>\n<li>Etudiant (L&rsquo;)<\/li>\n<li>G\u00e9o<\/li>\n<li>Histoire (L&rsquo;)<\/li>\n<li>Id\u00e9es<\/li>\n<li>InterCDI<\/li>\n<li>Lire<\/li>\n<li>Livres de France (Les)<\/li>\n<li>LSA<\/li>\n<\/ul>\n","protected":false},"excerpt":{"rendered":"<p>Liste des abonnements du CDI (au 08\/06\/09): Action commerciale Action juridique (L&rsquo;) Actu (L&rsquo;) Actuel CIDJ (Orientation m\u00e9tiers) Alternatives \u00e9conomiques Alternatives internationales Beaux-Arts Cahiers fran\u00e7ais (Les) Ca m&rsquo;int\u00e9resse Collections de l&rsquo;Histoire (Les) Commerce magazine Courrier International Economie et management Economie et statistique Etudiant (L&rsquo;) G\u00e9o Histoire (L&rsquo;) Id\u00e9es InterCDI Lire &#8230;<\/p>\n","protected":false},"author":2,"featured_media":0,"parent":21797,"menu_order":0,"comment_status":"closed","ping_status":"closed","template":"","meta":{"footnotes":""},"class_list":["post-21810","page","type-page","status-publish","hentry","column","threecol"],"_links":{"self":[{"href":"https:\/\/www.lyceejeanperrin.fr\/index.php?rest_route=\/wp\/v2\/pages\/21810","targetHints":{"allow":["GET"]}}],"collection":[{"href":"https:\/\/www.lyceejeanperrin.fr\/index.php?rest_route=\/wp\/v2\/pages"}],"about":[{"href":"https:\/\/www.lyceejeanperrin.fr\/index.php?rest_route=\/wp\/v2\/types\/page"}],"author":[{"embeddable":true,"href":"https:\/\/www.lyceejeanperrin.fr\/index.php?rest_route=\/wp\/v2\/users\/2"}],"replies":[{"embeddable":true,"href":"https:\/\/www.lyceejeanperrin.fr\/index.php?rest_route=%2Fwp%2Fv2%2Fcomments&post=21810"}],"version-history":[{"count":0,"href":"https:\/\/www.lyceejeanperrin.fr\/index.php?rest_route=\/wp\/v2\/pages\/21810\/revisions"}],"up":[{"embeddable":true,"href":"https:\/\/www.lyceejeanperrin.fr\/index.php?rest_route=\/wp\/v2\/pages\/21797"}],"wp:attachment":[{"href":"https:\/\/www.lyceejeanperrin.fr\/index.php?rest_route=%2Fwp%2Fv2%2Fmedia&parent=21810"}],"curies":[{"name":"wp","href":"https:\/\/api.w.org\/{rel}","templated":true}]}}