{"id":21826,"date":"2014-07-04T13:43:13","date_gmt":"2014-07-04T11:43:13","guid":{"rendered":"https:\/\/www.lyceejeanperrin.fr\/?page_id=21826"},"modified":"2022-05-24T17:07:04","modified_gmt":"2022-05-24T15:07:04","slug":"actions-pedagogiques","status":"publish","type":"page","link":"https:\/\/www.lyceejeanperrin.fr\/?page_id=21826","title":{"rendered":"Actions p\u00e9dagogiques"},"content":{"rendered":"<article>\n<h2>Cliquer sur une action p\u00e9dagogique pour en conna\u00eetre les d\u00e9tails :<\/h2>\n<p>Prix Folio 2022 : <a href=\"https:\/\/www.lyceejeanperrin.fr\/wp-content\/uploads\/2022\/05\/Article-rencontre-Carole-Five-Arthur-H4.pdf\">Article rencontre Carole Five &#8211; Arthur H<\/a><\/p>\n<p><center><em>NB : Les photographies peuvent \u00eatre flout\u00e9es par respect de l&rsquo;anonymat des \u00e9l\u00e8ves.<\/em><\/center><\/p>\n<blockquote>\n<ul>\n<li><b><span style=\"text-decoration: underline;\"> VISITES DE PRESENTATION DU CDI<\/span><\/b><br \/>\n\u00e0 toutes les classes de 2ndes et aux nouveaux \u00e9tudaints de B.T.S. A cette occasion, apprentissage de l&rsquo;utilisation du logiciel BCDI WEB. A l&rsquo;issue de cette visite, approfondissement de l&rsquo;exploration du C.D.I. par certaines classes gr\u00e2ce \u00e0 des recherches tous azimuts (cf <a href=\"https:\/\/www.lyceejeanperrin.fr\/wp-content\/uploads\/2015\/12\/siterecherchesazimuts.pdf\">liste de courtes recherches ci-jointe)<\/a>.<\/li>\n<li><b><span style=\"text-decoration: underline;\"> <a href=\"https:\/\/www.lyceejeanperrin.fr\/wp-content\/uploads\/2015\/12\/les6etapesrecherchedoc.pdf\">ETAPES DE LA RECHERCHE DOCUMENTAIRE<\/a><\/span><\/b><br \/>\nUn apprentissage de ces \u00e9tapes fait partie de la formation des \u00e9l\u00e8ves.<\/li>\n<li><b><span style=\"text-decoration: underline;\"> <a href=\"https:\/\/www.lyceejeanperrin.fr\/\/wp-content\/uploads\/2015\/12\/siteserieuxevaluation.pdf\">FIABILITE DES INFOS TROUVEES SUR LE NET<\/a><\/span><\/b><br \/>\nLes \u00e9l\u00e8ves sont sensibilis\u00e9s, notamment lors de leurs TPE, \u00e0 prendre du recul face aux informations trouv\u00e9es sur Internet, souvent erron\u00e9es et difficilement v\u00e9rifiables. Il est imp\u00e9ratif de toujours v\u00e9rifier la signature des documents consult\u00e9s et d&rsquo;\u00e9valuer leur pertinence.<\/li>\n<li><b><span style=\"text-decoration: underline;\"><a href=\"https:\/\/www.lyceejeanperrin.fr\/wp-content\/uploads\/2015\/12\/sources2011.pdf\">SAVOIR CITER LES SOURCES D&rsquo;INFORMATION<\/a><\/span><\/b><br \/>\nOn demande aux \u00e9l\u00e8ves, en particulier au cours de leurs TPE, de citer pr\u00e9cis\u00e9ment l&rsquo;origine des sources d&rsquo;informations qu&rsquo;ils utilisent. Le logiciel BCDI WEB peut, \u00e0 cet \u00e9gard, leur faciliter la t\u00e2che.<\/li>\n<li><b><span style=\"text-decoration: underline;\"><a href=\"https:\/\/www.lyceejeanperrin.fr\/wp-content\/uploads\/2015\/12\/grimbert.pps\">INTERVENTION DE L&rsquo;AUTEUR PHILIPPE GRIMBERT <\/a><\/span><\/b><br \/>\nau Lyc\u00e9e pour son livre \u00ab\u00a0Un secret\u00a0\u00bb, Prix Goncourt des lyc\u00e9ens 2004, \u00e9tudi\u00e9 par quatre classes de seconde.<\/li>\n<li><b><span style=\"text-decoration: underline;\"><a href=\"https:\/\/www.lyceejeanperrin.fr\/wp-content\/uploads\/2015\/12\/prix_litter.pps\">CONNAISSANCE DES PRINCIPAUX PRIX LITTERAIRES<\/a><\/span><\/b><br \/>\nPr\u00e9sentation des Prix Goncourt, Renaudot, F\u00e9mina, Interalli\u00e9, Goncourt des lyc\u00e9ens&#8230; par la Documentaliste et le Professeur de Fran\u00e7ais. Lecture par les \u00e9l\u00e8ves de seconde.<\/li>\n<li><b><span style=\"text-decoration: underline;\"><a href=\"https:\/\/www.lyceejeanperrin.fr\/wp-content\/uploads\/2015\/12\/journalisme.pps\">SEMAINE DE LA PRESSE : CONFERENCE SUR LES MEDIAS PAR VALERIE DE SENNEVILLE, JOURNALISTE AU JOURNAL \u00ab\u00a0LES ECHOS\u00a0\u00bb<\/a><\/span><\/b><br \/>\nTh\u00e8me de la conf\u00e9rence: le traitement de l&rsquo;information par les m\u00e9dias. Val\u00e9rie de Senneville, grand reporter, est aussi Docteur en Droit International et dipl\u00f4m\u00e9e de Sciences Po.<\/li>\n<li><b><span style=\"text-decoration: underline;\"> SEMAINE DE LA PRESSE : RENCONTRES JOURNALISTES DE LA VOIX DU NORD\/ELEVES<\/span><\/b><br \/>\nDiscussions,\u00e9changes sur les aspects concrets du m\u00e9tier de journaliste.<\/li>\n<li><b><span style=\"text-decoration: underline;\"> MASQUES AFRICAINS<\/span><\/b><br \/>\ninclus dans le projet Jean Perr&rsquo;art, une exposition de 24 masques africains anciens, pr\u00eat\u00e9s gracieusement par la Galerie Empreintes de Lille. Le mus\u00e9e se d\u00e9place au lyc\u00e9e ! Des classes de seconde ont travaill\u00e9 sur le th\u00e8me des arts premiers et de l&rsquo;Alt\u00e9rit\u00e9.<\/li>\n<li><span style=\"text-decoration: underline;\"><strong><a href=\"https:\/\/www.lyceejeanperrin.fr\/?page_id=87960\">PRIX DU LIVRE DE SCIENCES POUR TOUS<\/a><\/strong><\/span> \u00e9dition 2018<\/li>\n<li><b><span style=\"text-decoration: underline;\"><a href=\"https:\/\/www.lyceejeanperrin.fr\/wp-content\/uploads\/2015\/12\/policiers.pps\">ROMANS POLICIERS et DE SCIENCE-FICTION<\/a><\/span><\/b><\/li>\n<li>Lecture, r\u00e9alisation d&rsquo;affiches et soutenances orales devant la classe + exposition.<\/li>\n<li><b><span style=\"text-decoration: underline;\"><a href=\"http:\/\/www5.ac-lille.fr\/%7Ejperrin\/admin\/menu_06-Centres\/ressources_cdi\/monde_anglophone.pps\">MONDE ANGLOPHONE<\/a><\/span><\/b><br \/>\nConfection d&rsquo;affiches en anglais.<\/li>\n<li><b><span style=\"text-decoration: underline;\"><a href=\"https:\/\/www.lyceejeanperrin.fr\/wp-content\/uploads\/2015\/12\/diaporamaespagnol.pps\">LANGUE HISPANIQUE<\/a><\/span><\/b><br \/>\nCommentaires, en espagnol, par les \u00e9l\u00e8ves de tableaux de peintres renomm\u00e9s, choisis par eux au sein des livres d&rsquo;Arts du C.D.I. ( Picasso, V\u00e9lasquez, Goya, Miro, Dali, Kahlo, Rivera,&#8230;). Exemple d&rsquo;exposition : affiches r\u00e9alis\u00e9es avec l&rsquo;assistant chilien.<\/li>\n<li><b><span style=\"text-decoration: underline;\"><a href=\"http:\/\/www.ledeveloppementdurable.fr\/\">DEVELOPPEMENT DURABLE<\/a><\/span><\/b><br \/>\nExposition des posters de Yann Arthus-Bertrand. Magnifiques photographies.<\/li>\n<li><b><span style=\"text-decoration: underline;\"> ECJS (EDUCATION CIVIQUE, JURIDIQUE ET SOCIALE)<\/span><\/b><br \/>\nRecherches, dossiers, soutenances devant la classe + d\u00e9bat en grand groupe.<\/li>\n<li><b><span style=\"text-decoration: underline;\"> ORIENTATION<\/span><\/b><br \/>\nPolycopi\u00e9 de rappel des ressources du C.D.I. en mati\u00e8re d&rsquo;information sur les m\u00e9tiers. Distribu\u00e9 aux classes Terminales chaque ann\u00e9e.<\/li>\n<li><b><span style=\"text-decoration: underline;\"> SECTIONS TERTIAIRES (S.T.G.) ET GESTION DOCUMENTAIRE<\/span><\/b><br \/>\nInitiation aux t\u00e2ches de documentation informatis\u00e9es. D\u00e9monstration, plus approfondie qu&rsquo;en seconde, de l&rsquo;utilisation du logiciel BCDI.<\/li>\n<li><b><span style=\"text-decoration: underline;\"><a href=\"https:\/\/www.lyceejeanperrin.fr\/wp-content\/uploads\/2015\/12\/tabagisme.pps\">EXPOSITION \u00ab\u00a0LA CIGARETTE ET MOI\u00a0\u00bb<\/a><\/span><\/b><br \/>\navec r\u00e9sultats d&rsquo;enqu\u00eate, r\u00e9alisation d&rsquo;affiches et d\u00e9bat entre \u00e9l\u00e8ves, personnel de sant\u00e9 et professeurs de SVT. L&rsquo;ann\u00e9e suivante, une action sur les addictions a \u00e9t\u00e9 men\u00e9e pour compl\u00e9ter cette r\u00e9flexion.<\/li>\n<\/ul>\n<\/blockquote>\n<\/article>\n","protected":false},"excerpt":{"rendered":"<p>Cliquer sur une action p\u00e9dagogique pour en conna\u00eetre les d\u00e9tails : Prix Folio 2022 : Article rencontre Carole Five &#8211; Arthur H NB : Les photographies peuvent \u00eatre flout\u00e9es par respect de l&rsquo;anonymat des \u00e9l\u00e8ves. VISITES DE PRESENTATION DU CDI \u00e0 toutes les classes de 2ndes et aux nouveaux \u00e9tudaints &#8230;<\/p>\n","protected":false},"author":2,"featured_media":0,"parent":21797,"menu_order":0,"comment_status":"closed","ping_status":"closed","template":"","meta":{"footnotes":""},"class_list":["post-21826","page","type-page","status-publish","hentry","column","threecol"],"_links":{"self":[{"href":"https:\/\/www.lyceejeanperrin.fr\/index.php?rest_route=\/wp\/v2\/pages\/21826","targetHints":{"allow":["GET"]}}],"collection":[{"href":"https:\/\/www.lyceejeanperrin.fr\/index.php?rest_route=\/wp\/v2\/pages"}],"about":[{"href":"https:\/\/www.lyceejeanperrin.fr\/index.php?rest_route=\/wp\/v2\/types\/page"}],"author":[{"embeddable":true,"href":"https:\/\/www.lyceejeanperrin.fr\/index.php?rest_route=\/wp\/v2\/users\/2"}],"replies":[{"embeddable":true,"href":"https:\/\/www.lyceejeanperrin.fr\/index.php?rest_route=%2Fwp%2Fv2%2Fcomments&post=21826"}],"version-history":[{"count":2,"href":"https:\/\/www.lyceejeanperrin.fr\/index.php?rest_route=\/wp\/v2\/pages\/21826\/revisions"}],"predecessor-version":[{"id":90151,"href":"https:\/\/www.lyceejeanperrin.fr\/index.php?rest_route=\/wp\/v2\/pages\/21826\/revisions\/90151"}],"up":[{"embeddable":true,"href":"https:\/\/www.lyceejeanperrin.fr\/index.php?rest_route=\/wp\/v2\/pages\/21797"}],"wp:attachment":[{"href":"https:\/\/www.lyceejeanperrin.fr\/index.php?rest_route=%2Fwp%2Fv2%2Fmedia&parent=21826"}],"curies":[{"name":"wp","href":"https:\/\/api.w.org\/{rel}","templated":true}]}}