{"id":2217,"date":"2014-05-27T14:27:49","date_gmt":"2014-05-27T12:27:49","guid":{"rendered":"http:\/\/www2.lyceejeanperrin.fr\/?page_id=2217"},"modified":"2014-05-27T14:27:49","modified_gmt":"2014-05-27T12:27:49","slug":"infos-pratiques","status":"publish","type":"page","link":"https:\/\/www.lyceejeanperrin.fr\/?page_id=2217","title":{"rendered":"Infos Pratiques"},"content":{"rendered":"<h1 style=\"text-align: center;\"><span style=\"font-family: verdana, geneva; font-size: 24pt;\">Informations pratiques<\/span><\/h1>\n<p style=\"text-align: center;\"><span style=\"font-family: verdana, geneva; font-size: 12pt;\">Vous trouverez ici toutes les informations concernant<\/span><br \/>\n<span style=\"font-family: verdana, geneva; font-size: medium;\"> le fonctionnement du Lyc\u00e9e, les formalit\u00e9s d&rsquo;inscription, les dates des vacances, ou encore les Associations de Parents\u00a0<\/span><span style=\"font-family: verdana, geneva;\"><span style=\"font-size: 15.555556297302246px;\">d\u2019\u00c9l\u00e8ves<\/span><\/span><span style=\"font-family: verdana, geneva; font-size: medium;\">.<\/span><br \/>\n<span style=\"font-family: verdana, geneva; font-size: 12pt;\"> Vous pourrez ainsi, parent comme \u00e9l\u00e8ve, passer une ann\u00e9e scolaire sans probl\u00e8me<\/span><br \/>\n<span style=\"font-family: verdana, geneva; font-size: 12pt;\"> administratif en ayant toutes les clefs en main d\u00e8s la rentr\u00e9e<\/span><\/p>\n<p style=\"text-align: center;\"><span style=\"font-family: verdana, geneva;\"><a href=\"https:\/\/www.lyceejeanperrin.fr\/wp-content\/uploads\/2014\/05\/lycee_07.jpg\"><img loading=\"lazy\" decoding=\"async\" class=\"alignnone size-full wp-image-2231\" src=\"https:\/\/www.lyceejeanperrin.fr\/wp-content\/uploads\/2014\/05\/lycee_07.jpg\" alt=\"KONICA MINOLTA DIGITAL CAMERA\" width=\"320\" height=\"240\" srcset=\"https:\/\/www.lyceejeanperrin.fr\/wp-content\/uploads\/2014\/05\/lycee_07.jpg 320w, https:\/\/www.lyceejeanperrin.fr\/wp-content\/uploads\/2014\/05\/lycee_07-300x225.jpg 300w\" sizes=\"auto, (max-width: 320px) 100vw, 320px\" \/><\/a><\/span><\/p>\n","protected":false},"excerpt":{"rendered":"<p>Informations pratiques Vous trouverez ici toutes les informations concernant le fonctionnement du Lyc\u00e9e, les formalit\u00e9s d&rsquo;inscription, les dates des vacances, ou encore les Associations de Parents\u00a0d\u2019\u00c9l\u00e8ves. Vous pourrez ainsi, parent comme \u00e9l\u00e8ve, passer une ann\u00e9e scolaire sans probl\u00e8me administratif en ayant toutes les clefs en main d\u00e8s la rentr\u00e9e<\/p>\n","protected":false},"author":2,"featured_media":0,"parent":0,"menu_order":2,"comment_status":"closed","ping_status":"closed","template":"","meta":{"footnotes":""},"class_list":["post-2217","page","type-page","status-publish","hentry","column","threecol"],"_links":{"self":[{"href":"https:\/\/www.lyceejeanperrin.fr\/index.php?rest_route=\/wp\/v2\/pages\/2217","targetHints":{"allow":["GET"]}}],"collection":[{"href":"https:\/\/www.lyceejeanperrin.fr\/index.php?rest_route=\/wp\/v2\/pages"}],"about":[{"href":"https:\/\/www.lyceejeanperrin.fr\/index.php?rest_route=\/wp\/v2\/types\/page"}],"author":[{"embeddable":true,"href":"https:\/\/www.lyceejeanperrin.fr\/index.php?rest_route=\/wp\/v2\/users\/2"}],"replies":[{"embeddable":true,"href":"https:\/\/www.lyceejeanperrin.fr\/index.php?rest_route=%2Fwp%2Fv2%2Fcomments&post=2217"}],"version-history":[{"count":0,"href":"https:\/\/www.lyceejeanperrin.fr\/index.php?rest_route=\/wp\/v2\/pages\/2217\/revisions"}],"wp:attachment":[{"href":"https:\/\/www.lyceejeanperrin.fr\/index.php?rest_route=%2Fwp%2Fv2%2Fmedia&parent=2217"}],"curies":[{"name":"wp","href":"https:\/\/api.w.org\/{rel}","templated":true}]}}