{"id":2233,"date":"2014-05-27T16:23:05","date_gmt":"2014-05-27T14:23:05","guid":{"rendered":"http:\/\/www2.lyceejeanperrin.fr\/?page_id=2233"},"modified":"2025-09-24T10:27:25","modified_gmt":"2025-09-24T08:27:25","slug":"contact","status":"publish","type":"page","link":"https:\/\/www.lyceejeanperrin.fr\/?page_id=2233","title":{"rendered":"Contact"},"content":{"rendered":"<h1 style=\"text-align: left;\"><span style=\"font-family: verdana, geneva; font-size: 24pt;\">Contactez-Nous &#8230;<\/span><\/h1>\n<p style=\"text-align: left;\"><span style=\"font-family: verdana, geneva; font-size: 12pt;\">Lyc\u00e9e Polyvalent R\u00e9gional Jean Perrin<\/span><br \/>\n<span style=\"font-family: verdana, geneva; font-size: 12pt;\"> 2, avenue Andre\u00ef Sakharov &#8211; B.P. 129<\/span><br \/>\n<span style=\"font-family: verdana, geneva; font-size: 12pt;\"> 59832 LAMBERSART Cedex<\/span><br \/>\n<span style=\"font-family: verdana, geneva; font-size: 12pt;\"> T\u00e9l\u00e9phone 03.20.08.42.42<\/span><\/p>\n<p><span style=\"font-family: verdana, geneva; font-size: 12pt;\">Adresse E-Mail de l&rsquo;administration :<br \/>\n<a href=\"mailto: ce.0590110z@ac-lille.fr\">ce.0590110z@ac-lille.fr<\/a> (pour contacter Madame la Proviseure)<\/span><br \/>\n<span style=\"font-family: verdana, geneva; font-size: 12pt;\"> Adresse E-Mail de la vie scolaire :<br \/>\n<a href=\"mailto:viescolaire.jpl@ac-lille.fr\">viescolaire.jpl@ac-lille.fr<\/a>\u00a0(pour contacter les C.P.E. et\u00a0les\u00a0surveillants)<\/span><br \/>\n<span style=\"font-family: verdana, geneva; font-size: 12pt;\"> Adresse E-Mail de l&rsquo;internat :<br \/>\n<a href=\"mailto:internat.jpl@ac-lille.fr\">internat.jpl@ac-lille.fr<\/a>\u00a0(pour contacter les C.P.E. responsables de l&rsquo;internat et les ma\u00eetres d&rsquo;internat)<\/span><br \/>\n<span style=\"font-family: verdana, geneva; font-size: 12pt;\"> Adresse E-mail du site:<br \/>\n<a href=\"mailto:jean.perrin@ac-lille.fr\">jean.perrin@ac-lille.fr<\/a>\u00a0(pour contacter le gestionnaire du site)<\/span><\/p>\n<p style=\"text-align: left;\"><span style=\"font-family: verdana, geneva; font-size: 12pt;\">Le lyc\u00e9e Jean Perrin est \u00e9galement accessible via les transports en commun,<\/span><br \/>\n<span style=\"font-family: verdana, geneva; font-size: 12pt;\"> gr\u00e2ce aux lignes 10-51-923 et 924 de<a href=\"http:\/\/www.transpole.fr\/\" target=\"_blank\" rel=\"noopener\"> Il\u00e9via<\/a><\/span><\/p>\n<p><iframe loading=\"lazy\" style=\"border: 0;\" src=\"https:\/\/www.google.com\/maps\/embed?pb=!1m0!3m2!1sfr!2sfr!4v1449672402221!6m8!1m7!1suw_0T-ugCfY9sbOUcBvv5A!2m2!1d50.64769718278287!2d3.038470746066093!3f147.44868875379413!4f-25.703055346988336!5f0.7820865974627469\" width=\"450\" height=\"350\" frameborder=\"5\" allowfullscreen=\"allowfullscreen\"><\/iframe><\/p>\n","protected":false},"excerpt":{"rendered":"<p>Contactez-Nous &#8230; Lyc\u00e9e Polyvalent R\u00e9gional Jean Perrin 2, avenue Andre\u00ef Sakharov &#8211; B.P. 129 59832 LAMBERSART Cedex T\u00e9l\u00e9phone 03.20.08.42.42 Adresse E-Mail de l&rsquo;administration : ce.0590110z@ac-lille.fr (pour contacter Madame la Proviseure) Adresse E-Mail de la vie scolaire : viescolaire.jpl@ac-lille.fr\u00a0(pour contacter les C.P.E. et\u00a0les\u00a0surveillants) Adresse E-Mail de l&rsquo;internat : internat.jpl@ac-lille.fr\u00a0(pour contacter les &#8230;<\/p>\n","protected":false},"author":2,"featured_media":0,"parent":2217,"menu_order":0,"comment_status":"closed","ping_status":"closed","template":"","meta":{"footnotes":""},"class_list":["post-2233","page","type-page","status-publish","hentry","column","threecol"],"_links":{"self":[{"href":"https:\/\/www.lyceejeanperrin.fr\/index.php?rest_route=\/wp\/v2\/pages\/2233","targetHints":{"allow":["GET"]}}],"collection":[{"href":"https:\/\/www.lyceejeanperrin.fr\/index.php?rest_route=\/wp\/v2\/pages"}],"about":[{"href":"https:\/\/www.lyceejeanperrin.fr\/index.php?rest_route=\/wp\/v2\/types\/page"}],"author":[{"embeddable":true,"href":"https:\/\/www.lyceejeanperrin.fr\/index.php?rest_route=\/wp\/v2\/users\/2"}],"replies":[{"embeddable":true,"href":"https:\/\/www.lyceejeanperrin.fr\/index.php?rest_route=%2Fwp%2Fv2%2Fcomments&post=2233"}],"version-history":[{"count":2,"href":"https:\/\/www.lyceejeanperrin.fr\/index.php?rest_route=\/wp\/v2\/pages\/2233\/revisions"}],"predecessor-version":[{"id":91222,"href":"https:\/\/www.lyceejeanperrin.fr\/index.php?rest_route=\/wp\/v2\/pages\/2233\/revisions\/91222"}],"up":[{"embeddable":true,"href":"https:\/\/www.lyceejeanperrin.fr\/index.php?rest_route=\/wp\/v2\/pages\/2217"}],"wp:attachment":[{"href":"https:\/\/www.lyceejeanperrin.fr\/index.php?rest_route=%2Fwp%2Fv2%2Fmedia&parent=2233"}],"curies":[{"name":"wp","href":"https:\/\/api.w.org\/{rel}","templated":true}]}}