{"id":2241,"date":"2014-05-27T17:12:44","date_gmt":"2014-05-27T15:12:44","guid":{"rendered":"http:\/\/www2.lyceejeanperrin.fr\/?page_id=2241"},"modified":"2026-01-06T09:48:11","modified_gmt":"2026-01-06T08:48:11","slug":"vacances","status":"publish","type":"page","link":"https:\/\/www.lyceejeanperrin.fr\/?page_id=2241","title":{"rendered":"Calendrier scolaire"},"content":{"rendered":"<h1 style=\"text-align: center;\">Ann\u00e9e Scolaire 2025-2026<\/h1>\n<p style=\"text-align: center;\">\n<table id=\"tablepress-14\" class=\"tablepress tablepress-id-14\">\n<thead>\n<tr class=\"row-1\">\n\t<th class=\"column-1\">Rentr\u00e9e scolaire<\/th><th class=\"column-2\">Toussaint<\/th><th class=\"column-3\">No\u00ebl<\/th><th class=\"column-4\">Hiver<\/th><th class=\"column-5\">Printemps<\/th><th class=\"column-6\">D\u00e9but des vacances d'\u00e9t\u00e9<\/th>\n<\/tr>\n<\/thead>\n<tbody>\n<tr class=\"row-2\">\n\t<td class=\"column-1\">Le lundi<br \/>\n01-09-2025<\/td><td class=\"column-2\">du samedi<br \/>\n18-10-2025<br \/>\nau lundi<br \/>\n03-11-2025<\/td><td class=\"column-3\">du samedi<br \/>\n20-12-2025<br \/>\nau lundi<br \/>\n05-01-2026<\/td><td class=\"column-4\">du samedi <br \/>\n14-02-2026<br \/>\nau lundi <br \/>\n02-03-2026<\/td><td class=\"column-5\">du samedi<br \/>\n11-04-2026<br \/>\nau mardi<br \/>\n27-04-2026<\/td><td class=\"column-6\">le samedi<br \/>\n04-07-2026<\/td>\n<\/tr>\n<\/tbody>\n<\/table>\n<!-- #tablepress-14 from cache --><\/p>\n<p><strong>Il est \u00e0 noter que les \u00e9l\u00e8ves n&rsquo;auront pas de cours du mercredi 13 mai apr\u00e8s la classe au samedi 16 mai (Pont de l&rsquo;Ascension).<\/strong><\/p>\n<h4><span style=\"color: #0000ff;\">Fin de l&rsquo;ann\u00e9e scolaire le 3 juillet 2026 &#8211; fin des examens 9 juillet 2026<\/span><\/h4>\n<h1 style=\"text-align: center;\">Ann\u00e9e Scolaire 2026-2027<\/h1>\n<p style=\"text-align: center;\">\n<table id=\"tablepress-16\" class=\"tablepress tablepress-id-16\">\n<thead>\n<tr class=\"row-1\">\n\t<th class=\"column-1\">Rentr\u00e9e scolaire<\/th><th class=\"column-2\">Toussaint<\/th><th class=\"column-3\">No\u00ebl<\/th><th class=\"column-4\">Hiver<\/th><th class=\"column-5\">Printemps<\/th><th class=\"column-6\">D\u00e9but des vacances d'\u00e9t\u00e9<\/th>\n<\/tr>\n<\/thead>\n<tbody>\n<tr class=\"row-2\">\n\t<td class=\"column-1\">Le Mardi<br \/>\n01-09-2026<\/td><td class=\"column-2\">du samedi<br \/>\n17-10-2026<br \/>\nau lundi<br \/>\n02-11-2026<\/td><td class=\"column-3\">du samedi<br \/>\n19-12-2026<br \/>\nau lundi<br \/>\n04-01-2027<\/td><td class=\"column-4\">du samedi <br \/>\n20-02-2027<br \/>\nau lundi <br \/>\n08-03-2027<\/td><td class=\"column-5\">du samedi<br \/>\n17-04-2027<br \/>\nau mardi<br \/>\n03-05-2027<\/td><td class=\"column-6\">le samedi<br \/>\n03-07-2027<\/td>\n<\/tr>\n<\/tbody>\n<\/table>\n<!-- #tablepress-16 from cache --><\/p>\n<p><strong>Il est \u00e0 noter que les \u00e9l\u00e8ves n&rsquo;auront pas de cours du mercredi 5 mai apr\u00e8s la classe au samedi 8 mai (Pont de l&rsquo;Ascension).<\/strong><\/p>\n<h4>Fin de l&rsquo;ann\u00e9e scolaire le 2 juillet 2027 &#8211; fin des examens 8 juillet 2027<\/h4>\n<p class=\"center\" style=\"text-align: center;\"><span style=\"font-family: verdana, geneva; font-size: 12pt;\"><a href=\"http:\/\/www.education.gouv.fr\/pid25058\/le-calendrier-scolaire.html\">Lien vers le site du minist\u00e8re<\/a><\/span><\/p>\n","protected":false},"excerpt":{"rendered":"<p>Ann\u00e9e Scolaire 2025-2026 Il est \u00e0 noter que les \u00e9l\u00e8ves n&rsquo;auront pas de cours du mercredi 13 mai apr\u00e8s la classe au samedi 16 mai (Pont de l&rsquo;Ascension). Fin de l&rsquo;ann\u00e9e scolaire le 3 juillet 2026 &#8211; fin des examens 9 juillet 2026 Ann\u00e9e Scolaire 2026-2027 Il est \u00e0 noter &#8230;<\/p>\n","protected":false},"author":2,"featured_media":0,"parent":2217,"menu_order":8,"comment_status":"closed","ping_status":"closed","template":"","meta":{"footnotes":""},"class_list":["post-2241","page","type-page","status-publish","hentry","column","threecol"],"_links":{"self":[{"href":"https:\/\/www.lyceejeanperrin.fr\/index.php?rest_route=\/wp\/v2\/pages\/2241","targetHints":{"allow":["GET"]}}],"collection":[{"href":"https:\/\/www.lyceejeanperrin.fr\/index.php?rest_route=\/wp\/v2\/pages"}],"about":[{"href":"https:\/\/www.lyceejeanperrin.fr\/index.php?rest_route=\/wp\/v2\/types\/page"}],"author":[{"embeddable":true,"href":"https:\/\/www.lyceejeanperrin.fr\/index.php?rest_route=\/wp\/v2\/users\/2"}],"replies":[{"embeddable":true,"href":"https:\/\/www.lyceejeanperrin.fr\/index.php?rest_route=%2Fwp%2Fv2%2Fcomments&post=2241"}],"version-history":[{"count":15,"href":"https:\/\/www.lyceejeanperrin.fr\/index.php?rest_route=\/wp\/v2\/pages\/2241\/revisions"}],"predecessor-version":[{"id":91355,"href":"https:\/\/www.lyceejeanperrin.fr\/index.php?rest_route=\/wp\/v2\/pages\/2241\/revisions\/91355"}],"up":[{"embeddable":true,"href":"https:\/\/www.lyceejeanperrin.fr\/index.php?rest_route=\/wp\/v2\/pages\/2217"}],"wp:attachment":[{"href":"https:\/\/www.lyceejeanperrin.fr\/index.php?rest_route=%2Fwp%2Fv2%2Fmedia&parent=2241"}],"curies":[{"name":"wp","href":"https:\/\/api.w.org\/{rel}","templated":true}]}}