{"id":2270,"date":"2014-05-27T17:19:14","date_gmt":"2014-05-27T15:19:14","guid":{"rendered":"http:\/\/www2.lyceejeanperrin.fr\/?page_id=2270"},"modified":"2014-05-27T17:19:14","modified_gmt":"2014-05-27T15:19:14","slug":"regles-de-vie","status":"publish","type":"page","link":"https:\/\/www.lyceejeanperrin.fr\/?page_id=2270","title":{"rendered":"Voies"},"content":{"rendered":"<h1 style=\"text-align: center;\"><span style=\"font-family: verdana, geneva; font-size: 24pt;\">VOIES<br \/>\n<\/span><\/h1>\n<p style=\"text-align: center;\"><span style=\"font-family: verdana, geneva; font-size: 12pt;\">Le lyc\u00e9e Jean Perrin est un lyc\u00e9e d&rsquo;enseignement g\u00e9n\u00e9ral et technologique (allant de la Seconde \u00e0 la Terminale) et qui dispose \u00e9galement de deux sections de technicien sup\u00e9rieur post-bac (B.T.S.).<\/span><\/p>\n<p style=\"text-align: center;\">Vous trouverez ici les diff\u00e9rentes voies propos\u00e9es.<\/p>\n","protected":false},"excerpt":{"rendered":"<p>VOIES Le lyc\u00e9e Jean Perrin est un lyc\u00e9e d&rsquo;enseignement g\u00e9n\u00e9ral et technologique (allant de la Seconde \u00e0 la Terminale) et qui dispose \u00e9galement de deux sections de technicien sup\u00e9rieur post-bac (B.T.S.). Vous trouverez ici les diff\u00e9rentes voies propos\u00e9es.<\/p>\n","protected":false},"author":2,"featured_media":0,"parent":0,"menu_order":4,"comment_status":"closed","ping_status":"closed","template":"","meta":{"footnotes":""},"class_list":["post-2270","page","type-page","status-publish","hentry","column","threecol"],"_links":{"self":[{"href":"https:\/\/www.lyceejeanperrin.fr\/index.php?rest_route=\/wp\/v2\/pages\/2270","targetHints":{"allow":["GET"]}}],"collection":[{"href":"https:\/\/www.lyceejeanperrin.fr\/index.php?rest_route=\/wp\/v2\/pages"}],"about":[{"href":"https:\/\/www.lyceejeanperrin.fr\/index.php?rest_route=\/wp\/v2\/types\/page"}],"author":[{"embeddable":true,"href":"https:\/\/www.lyceejeanperrin.fr\/index.php?rest_route=\/wp\/v2\/users\/2"}],"replies":[{"embeddable":true,"href":"https:\/\/www.lyceejeanperrin.fr\/index.php?rest_route=%2Fwp%2Fv2%2Fcomments&post=2270"}],"version-history":[{"count":0,"href":"https:\/\/www.lyceejeanperrin.fr\/index.php?rest_route=\/wp\/v2\/pages\/2270\/revisions"}],"wp:attachment":[{"href":"https:\/\/www.lyceejeanperrin.fr\/index.php?rest_route=%2Fwp%2Fv2%2Fmedia&parent=2270"}],"curies":[{"name":"wp","href":"https:\/\/api.w.org\/{rel}","templated":true}]}}