{"id":23887,"date":"2014-07-07T11:06:50","date_gmt":"2014-07-07T09:06:50","guid":{"rendered":"http:\/\/www2.lyceejeanperrin.fr\/?page_id=23887"},"modified":"2026-01-19T15:27:45","modified_gmt":"2026-01-19T14:27:45","slug":"russe","status":"publish","type":"page","link":"https:\/\/www.lyceejeanperrin.fr\/?page_id=23887","title":{"rendered":"Russe"},"content":{"rendered":"<h1><span style=\"font-family: verdana,geneva,sans-serif;\">Le russe au lyc\u00e9e Jean Perrin<\/span><\/h1>\n<p><strong><span style=\"color: #008000;\">LANGUE ET CULTURE &#8211; un apprentissage indissociable<\/span><\/strong><\/p>\n<p style=\"text-align: center;\"><span style=\"font-family: verdana,geneva,sans-serif;\">Ouvert aux d\u00e9butants, l&rsquo;\u00e9tude du Russe commence avec l&rsquo;apprentissage <\/span><\/p>\n<p style=\"text-align: center;\"><span style=\"font-family: verdana,geneva,sans-serif;\">de l&rsquo;alphabet cyrillique<\/span><\/p>\n<p style=\"text-align: center;\"><span style=\"font-family: verdana,geneva,sans-serif;\"> <img loading=\"lazy\" decoding=\"async\" class=\"alignnone size-medium wp-image-91399\" src=\"https:\/\/www.lyceejeanperrin.fr\/wp-content\/uploads\/2026\/01\/ALPHABET-RUSSE-300x238.png\" alt=\"\" width=\"300\" height=\"238\" srcset=\"https:\/\/www.lyceejeanperrin.fr\/wp-content\/uploads\/2026\/01\/ALPHABET-RUSSE-300x238.png 300w, https:\/\/www.lyceejeanperrin.fr\/wp-content\/uploads\/2026\/01\/ALPHABET-RUSSE-332x263.png 332w, https:\/\/www.lyceejeanperrin.fr\/wp-content\/uploads\/2026\/01\/ALPHABET-RUSSE.png 426w\" sizes=\"auto, (max-width: 300px) 100vw, 300px\" \/><\/span><\/p>\n<p><span style=\"font-family: verdana,geneva,sans-serif;\">et va jusqu&rsquo;\u00e0 la d\u00e9couverte de la culture russe en plus des activit\u00e9s langagi\u00e8res et outils linguistiques. Le niveau linguistique attendu \u00e0 la fin du cursus est A1+ en 2nde \/ A2 en 1\u00e8re et A2+\/B1 en Terminale pour la LVC.\u00a0<\/span><\/p>\n<p>L&rsquo;apprentissage du Russe en tant que Langue vivante rare fait partie int\u00e9grante de la formation intellectuelle et citoyenne des \u00e9l\u00e8ves. Avec les autres disciplines, il am\u00e8ne l&rsquo;\u00e9l\u00e8ve \u00e0 comprendre la diversit\u00e9 et la complexit\u00e9 du monde pour y \u00e9voluer en citoyen \u00e9clair\u00e9.<\/p>\n<p>L\u2019apprentissage des langues vivantes, parce qu\u2019il d\u00e9veloppe les comp\u00e9tences de communication ainsi que les rep\u00e8res culturels, ouvre la possibilit\u00e9 de percevoir dans un contexte international les enjeux interculturels et soci\u00e9taux contemporains en prenant en compte leur dimension historique. Il contribue ainsi \u00e0 former l\u2019esprit critique et \u00e0 aiguiser le discernement.<\/p>\n<p><a href=\"https:\/\/www.lyceejeanperrin.fr\/wp-content\/uploads\/2017\/01\/russe.jpg\" rel=\"attachment wp-att-87356\"><img loading=\"lazy\" decoding=\"async\" class=\"aligncenter wp-image-87356 size-medium\" src=\"https:\/\/www.lyceejeanperrin.fr\/wp-content\/uploads\/2017\/01\/russe-300x225.jpg\" alt=\"russe\" width=\"300\" height=\"225\" srcset=\"https:\/\/www.lyceejeanperrin.fr\/wp-content\/uploads\/2017\/01\/russe-300x225.jpg 300w, https:\/\/www.lyceejeanperrin.fr\/wp-content\/uploads\/2017\/01\/russe-1024x768.jpg 1024w, https:\/\/www.lyceejeanperrin.fr\/wp-content\/uploads\/2017\/01\/russe-768x576.jpg 768w, https:\/\/www.lyceejeanperrin.fr\/wp-content\/uploads\/2017\/01\/russe-700x525.jpg 700w, https:\/\/www.lyceejeanperrin.fr\/wp-content\/uploads\/2017\/01\/russe-332x249.jpg 332w, https:\/\/www.lyceejeanperrin.fr\/wp-content\/uploads\/2017\/01\/russe.jpg 1068w\" sizes=\"auto, (max-width: 300px) 100vw, 300px\" \/><\/a><\/p>\n<p>Programme et photos de 2017 du <a href=\"https:\/\/www.lyceejeanperrin.fr\/wp-content\/uploads\/2014\/07\/Voyage-a-Kazan.pdf\" rel=\"\">Voyage-\u00e0-Kazan<\/a><\/p>\n\n\n<pre id=\"tw-target-text\" class=\"wp-block-preformatted\"><strong>\u041f\u0440\u0438\u0445\u043e\u0434\u0438\u0442\u0435 \u0438 \u043e\u0442\u043a\u0440\u043e\u0439\u0442\u0435 \u0434\u043b\u044f \u0441\u0435\u0431\u044f \u0440\u0443\u0441\u0441\u043a\u0438\u0439 \u044f\u0437\u044b\u043a \u0432 \u043b\u0438\u0446\u0435\u0435 \u0416\u0430\u043d\u0430 \u041f\u0435\u0440\u0440\u0435\u043d\u0430!<\/strong> *<\/pre>\n\n\n\n<p>* Venez d\u00e9couvrir le russe au Lyc\u00e9e jean perrin !<\/p>\n\n\n\n<p><\/p>\n","protected":false},"excerpt":{"rendered":"<p>Le russe au lyc\u00e9e Jean Perrin LANGUE ET CULTURE &#8211; un apprentissage indissociable Ouvert aux d\u00e9butants, l&rsquo;\u00e9tude du Russe commence avec l&rsquo;apprentissage de l&rsquo;alphabet cyrillique et va jusqu&rsquo;\u00e0 la d\u00e9couverte de la culture russe en plus des activit\u00e9s langagi\u00e8res et outils linguistiques. Le niveau linguistique attendu \u00e0 la fin du &#8230;<\/p>\n","protected":false},"author":2,"featured_media":0,"parent":89470,"menu_order":5,"comment_status":"closed","ping_status":"closed","template":"","meta":{"footnotes":""},"class_list":["post-23887","page","type-page","status-publish","hentry","column","threecol"],"_links":{"self":[{"href":"https:\/\/www.lyceejeanperrin.fr\/index.php?rest_route=\/wp\/v2\/pages\/23887","targetHints":{"allow":["GET"]}}],"collection":[{"href":"https:\/\/www.lyceejeanperrin.fr\/index.php?rest_route=\/wp\/v2\/pages"}],"about":[{"href":"https:\/\/www.lyceejeanperrin.fr\/index.php?rest_route=\/wp\/v2\/types\/page"}],"author":[{"embeddable":true,"href":"https:\/\/www.lyceejeanperrin.fr\/index.php?rest_route=\/wp\/v2\/users\/2"}],"replies":[{"embeddable":true,"href":"https:\/\/www.lyceejeanperrin.fr\/index.php?rest_route=%2Fwp%2Fv2%2Fcomments&post=23887"}],"version-history":[{"count":3,"href":"https:\/\/www.lyceejeanperrin.fr\/index.php?rest_route=\/wp\/v2\/pages\/23887\/revisions"}],"predecessor-version":[{"id":91403,"href":"https:\/\/www.lyceejeanperrin.fr\/index.php?rest_route=\/wp\/v2\/pages\/23887\/revisions\/91403"}],"up":[{"embeddable":true,"href":"https:\/\/www.lyceejeanperrin.fr\/index.php?rest_route=\/wp\/v2\/pages\/89470"}],"wp:attachment":[{"href":"https:\/\/www.lyceejeanperrin.fr\/index.php?rest_route=%2Fwp%2Fv2%2Fmedia&parent=23887"}],"curies":[{"name":"wp","href":"https:\/\/api.w.org\/{rel}","templated":true}]}}