{"id":39318,"date":"2014-08-26T14:18:11","date_gmt":"2014-08-26T12:18:11","guid":{"rendered":"http:\/\/www2.lyceejeanperrin.fr\/?page_id=39318"},"modified":"2024-12-09T16:26:18","modified_gmt":"2024-12-09T15:26:18","slug":"39318-2","status":"publish","type":"page","link":"https:\/\/www.lyceejeanperrin.fr\/?page_id=39318","title":{"rendered":"Horaires d&rsquo;accueil du lyc\u00e9e"},"content":{"rendered":"<p class=\"center\" style=\"color: #000000; text-align: center;\">En p\u00e9riode de fonctionnement, l&rsquo;accueil du public est assur\u00e9<br \/>\nde 8h00 \u00e0 12h00 et de 13h00 \u00e0 17h00.<\/p>\n","protected":false},"excerpt":{"rendered":"<p>En p\u00e9riode de fonctionnement, l&rsquo;accueil du public est assur\u00e9 de 8h00 \u00e0 12h00 et de 13h00 \u00e0 17h00.<\/p>\n","protected":false},"author":2,"featured_media":0,"parent":2217,"menu_order":3,"comment_status":"closed","ping_status":"closed","template":"","meta":{"footnotes":""},"class_list":["post-39318","page","type-page","status-publish","hentry","column","threecol"],"_links":{"self":[{"href":"https:\/\/www.lyceejeanperrin.fr\/index.php?rest_route=\/wp\/v2\/pages\/39318","targetHints":{"allow":["GET"]}}],"collection":[{"href":"https:\/\/www.lyceejeanperrin.fr\/index.php?rest_route=\/wp\/v2\/pages"}],"about":[{"href":"https:\/\/www.lyceejeanperrin.fr\/index.php?rest_route=\/wp\/v2\/types\/page"}],"author":[{"embeddable":true,"href":"https:\/\/www.lyceejeanperrin.fr\/index.php?rest_route=\/wp\/v2\/users\/2"}],"replies":[{"embeddable":true,"href":"https:\/\/www.lyceejeanperrin.fr\/index.php?rest_route=%2Fwp%2Fv2%2Fcomments&post=39318"}],"version-history":[{"count":3,"href":"https:\/\/www.lyceejeanperrin.fr\/index.php?rest_route=\/wp\/v2\/pages\/39318\/revisions"}],"predecessor-version":[{"id":91011,"href":"https:\/\/www.lyceejeanperrin.fr\/index.php?rest_route=\/wp\/v2\/pages\/39318\/revisions\/91011"}],"up":[{"embeddable":true,"href":"https:\/\/www.lyceejeanperrin.fr\/index.php?rest_route=\/wp\/v2\/pages\/2217"}],"wp:attachment":[{"href":"https:\/\/www.lyceejeanperrin.fr\/index.php?rest_route=%2Fwp%2Fv2%2Fmedia&parent=39318"}],"curies":[{"name":"wp","href":"https:\/\/api.w.org\/{rel}","templated":true}]}}