{"id":40184,"date":"2014-08-27T15:27:27","date_gmt":"2014-08-27T13:27:27","guid":{"rendered":"http:\/\/www2.lyceejeanperrin.fr\/?page_id=40184"},"modified":"2022-09-12T17:44:04","modified_gmt":"2022-09-12T15:44:04","slug":"sante","status":"publish","type":"page","link":"https:\/\/www.lyceejeanperrin.fr\/?page_id=40184","title":{"rendered":"Sant\u00e9"},"content":{"rendered":"<div class=\"orientation\">\n<h2 style=\"text-align: center;\">Horaires de l&rsquo;infirmerie<\/h2>\n<p style=\"text-align: center;\">Mme Claudie BOURLEAU &#8211; Infirmi\u00e8re Scolaire<\/p>\n<\/div>\n<table class=\"orientation\" style=\"width: 100%;\">\n<tbody>\n<tr>\n<th style=\"width: 26.4286%;\">LUNDI:<\/th>\n<td style=\"width: 72.619%;\">\n<p>8h00-17h00<\/p>\n<p>Internat 17h-18h30 (permanence)<\/p>\n<\/td>\n<\/tr>\n<tr>\n<th style=\"width: 26.4286%;\">MARDI:<\/th>\n<td style=\"width: 72.619%;\">\n<p>8h30-15h30<\/p>\n<\/td>\n<\/tr>\n<tr>\n<th style=\"width: 26.4286%;\">MERCREDI:<\/th>\n<td style=\"width: 72.619%;\">\n<p>8h00-12h30<\/p>\n<\/td>\n<\/tr>\n<tr>\n<th style=\"width: 26.4286%;\">JEUDI:<\/th>\n<td style=\"width: 72.619%;\">\n<p>8h30-17h00<\/p>\n<p>Internat 17h-18h30 (permanence)<\/p>\n<\/td>\n<\/tr>\n<tr>\n<th style=\"width: 26.4286%;\">VENDREDI:<\/th>\n<td style=\"width: 72.619%;\">\n<p>8h30-12h30<\/p>\n<\/td>\n<\/tr>\n<\/tbody>\n<\/table>\n<p style=\"text-align: center;\">Pour les internes, l&rsquo;infirmerie est ouverte les lundis et jeudis soirs de <strong>17h \u00e0 18h30.<\/strong><br \/>En cas d&rsquo;absence de l&rsquo;infirmi\u00e8re dans la journ\u00e9e veuillez vous adresser au bureau de vie scolaire.<\/p>\n<p style=\"text-align: center;\"><a href=\"https:\/\/www.lyceejeanperrin.fr\/wp-content\/uploads\/2014\/08\/rougeole.pdf\">Circulaire rectorale sur la rougeole<\/a><\/p>\n<p style=\"text-align: center;\">\u00a0<\/p>\n\n\n<p><\/p>\n","protected":false},"excerpt":{"rendered":"<p>Horaires de l&rsquo;infirmerie Mme Claudie BOURLEAU &#8211; Infirmi\u00e8re Scolaire LUNDI: 8h00-17h00 Internat 17h-18h30 (permanence) MARDI: 8h30-15h30 MERCREDI: 8h00-12h30 JEUDI: 8h30-17h00 Internat 17h-18h30 (permanence) VENDREDI: 8h30-12h30 Pour les internes, l&rsquo;infirmerie est ouverte les lundis et jeudis soirs de 17h \u00e0 18h30.En cas d&rsquo;absence de l&rsquo;infirmi\u00e8re dans la journ\u00e9e veuillez vous adresser &#8230;<\/p>\n","protected":false},"author":2,"featured_media":0,"parent":21082,"menu_order":2,"comment_status":"closed","ping_status":"closed","template":"","meta":{"footnotes":""},"class_list":["post-40184","page","type-page","status-publish","hentry","column","threecol"],"_links":{"self":[{"href":"https:\/\/www.lyceejeanperrin.fr\/index.php?rest_route=\/wp\/v2\/pages\/40184","targetHints":{"allow":["GET"]}}],"collection":[{"href":"https:\/\/www.lyceejeanperrin.fr\/index.php?rest_route=\/wp\/v2\/pages"}],"about":[{"href":"https:\/\/www.lyceejeanperrin.fr\/index.php?rest_route=\/wp\/v2\/types\/page"}],"author":[{"embeddable":true,"href":"https:\/\/www.lyceejeanperrin.fr\/index.php?rest_route=\/wp\/v2\/users\/2"}],"replies":[{"embeddable":true,"href":"https:\/\/www.lyceejeanperrin.fr\/index.php?rest_route=%2Fwp%2Fv2%2Fcomments&post=40184"}],"version-history":[{"count":3,"href":"https:\/\/www.lyceejeanperrin.fr\/index.php?rest_route=\/wp\/v2\/pages\/40184\/revisions"}],"predecessor-version":[{"id":90389,"href":"https:\/\/www.lyceejeanperrin.fr\/index.php?rest_route=\/wp\/v2\/pages\/40184\/revisions\/90389"}],"up":[{"embeddable":true,"href":"https:\/\/www.lyceejeanperrin.fr\/index.php?rest_route=\/wp\/v2\/pages\/21082"}],"wp:attachment":[{"href":"https:\/\/www.lyceejeanperrin.fr\/index.php?rest_route=%2Fwp%2Fv2%2Fmedia&parent=40184"}],"curies":[{"name":"wp","href":"https:\/\/api.w.org\/{rel}","templated":true}]}}