{"id":40224,"date":"2014-08-27T15:51:55","date_gmt":"2014-08-27T13:51:55","guid":{"rendered":"http:\/\/www2.lyceejeanperrin.fr\/?page_id=40224"},"modified":"2024-11-26T13:19:51","modified_gmt":"2024-11-26T12:19:51","slug":"lu-n-s-s","status":"publish","type":"page","link":"https:\/\/www.lyceejeanperrin.fr\/?page_id=40224","title":{"rendered":"L&rsquo;U.N.S.S."},"content":{"rendered":"<p style=\"text-align: center;\">Vous trouverez en cliquant sur le lien ci-dessous le planning des activit\u00e9s de l&rsquo;U.N.S.S. pour l&rsquo;ann\u00e9e scolaire 2024-2025 :<\/p>\n<p style=\"text-align: center;\"><a href=\"https:\/\/www.lyceejeanperrin.fr\/wp-content\/uploads\/2024\/11\/PLANNING-AS.pdf\">Planning des activit\u00e9s de l&rsquo;Association Sportive pour l&rsquo;ann\u00e9e 2024-2025<\/a><\/p>\n<p style=\"text-align: center;\"><a href=\"https:\/\/www.lyceejeanperrin.fr\/wp-content\/uploads\/2024\/11\/Fiche-dinscription-AS-2024-2025.pdf\">Fiche_d_inscription_AS<\/a><\/p>\n<p style=\"text-align: center;\">\n","protected":false},"excerpt":{"rendered":"<p>Vous trouverez en cliquant sur le lien ci-dessous le planning des activit\u00e9s de l&rsquo;U.N.S.S. pour l&rsquo;ann\u00e9e scolaire 2024-2025 : Planning des activit\u00e9s de l&rsquo;Association Sportive pour l&rsquo;ann\u00e9e 2024-2025 Fiche_d_inscription_AS<\/p>\n","protected":false},"author":2,"featured_media":0,"parent":21082,"menu_order":6,"comment_status":"closed","ping_status":"closed","template":"","meta":{"footnotes":""},"class_list":["post-40224","page","type-page","status-publish","hentry","column","threecol"],"_links":{"self":[{"href":"https:\/\/www.lyceejeanperrin.fr\/index.php?rest_route=\/wp\/v2\/pages\/40224","targetHints":{"allow":["GET"]}}],"collection":[{"href":"https:\/\/www.lyceejeanperrin.fr\/index.php?rest_route=\/wp\/v2\/pages"}],"about":[{"href":"https:\/\/www.lyceejeanperrin.fr\/index.php?rest_route=\/wp\/v2\/types\/page"}],"author":[{"embeddable":true,"href":"https:\/\/www.lyceejeanperrin.fr\/index.php?rest_route=\/wp\/v2\/users\/2"}],"replies":[{"embeddable":true,"href":"https:\/\/www.lyceejeanperrin.fr\/index.php?rest_route=%2Fwp%2Fv2%2Fcomments&post=40224"}],"version-history":[{"count":3,"href":"https:\/\/www.lyceejeanperrin.fr\/index.php?rest_route=\/wp\/v2\/pages\/40224\/revisions"}],"predecessor-version":[{"id":90997,"href":"https:\/\/www.lyceejeanperrin.fr\/index.php?rest_route=\/wp\/v2\/pages\/40224\/revisions\/90997"}],"up":[{"embeddable":true,"href":"https:\/\/www.lyceejeanperrin.fr\/index.php?rest_route=\/wp\/v2\/pages\/21082"}],"wp:attachment":[{"href":"https:\/\/www.lyceejeanperrin.fr\/index.php?rest_route=%2Fwp%2Fv2%2Fmedia&parent=40224"}],"curies":[{"name":"wp","href":"https:\/\/api.w.org\/{rel}","templated":true}]}}