{"id":41,"date":"2014-05-23T15:17:32","date_gmt":"2014-05-23T13:17:32","guid":{"rendered":"http:\/\/www2.lyceejeanperrin.fr\/?page_id=41"},"modified":"2025-01-20T14:28:44","modified_gmt":"2025-01-20T13:28:44","slug":"les-chiffres-du-bac","status":"publish","type":"page","link":"https:\/\/www.lyceejeanperrin.fr\/?page_id=41","title":{"rendered":"Les chiffres du bac"},"content":{"rendered":"<h2 style=\"text-align: center;\"><span style=\"font-family: verdana, geneva; font-size: 24pt;\">R\u00e9sultats au BAC<\/span><br \/><span style=\"font-family: verdana, geneva; font-size: 24pt;\"> des \u00e9l\u00e8ves du Lyc\u00e9e JEAN PERRIN<\/span><\/h2>\n<p>A compter du Baccalaur\u00e9at 2021 &#8211; les r\u00e9sultats sont donn\u00e9s pour la fili\u00e8re g\u00e9n\u00e9rale et la fili\u00e8re technologique :<\/p>\n<p><strong>2024\u00a0 \u00a0\u00a0 &#8211;\u00a0\u00a0\u00a0\u00a0\u00a0\u00a0\u00a0\u00a0\u00a0\u00a0\u00a0\u00a0\u00a0\u00a0 Baccalaur\u00e9at G\u00e9n\u00e9ral : 97,5 %\u00a0\u00a0\u00a0\u00a0\u00a0\u00a0\u00a0\u00a0\u00a0 Baccalaur\u00e9at Technologique S.T.M.G. : 93 %<\/strong><\/p>\n<p><strong>2023\u00a0 \u00a0 \u00a0&#8211;\u00a0\u00a0\u00a0\u00a0\u00a0\u00a0\u00a0\u00a0\u00a0\u00a0\u00a0\u00a0\u00a0\u00a0<\/strong> Baccalaur\u00e9at<strong> G\u00e9n\u00e9ral<\/strong> : 95,95 %\u00a0\u00a0\u00a0\u00a0\u00a0\u00a0\u00a0\u00a0\u00a0 Baccalaur\u00e9at <strong>Technologique S.T.M.G.<\/strong> : 84,85 %<\/p>\n<p><strong>2022<\/strong>\u00a0 \u00a0 \u00a0&#8211;\u00a0\u00a0\u00a0\u00a0\u00a0\u00a0\u00a0\u00a0\u00a0\u00a0\u00a0\u00a0\u00a0\u00a0 Baccalaur\u00e9at <strong>G\u00e9n\u00e9ral<\/strong> : 92,77 %\u00a0\u00a0\u00a0\u00a0\u00a0\u00a0\u00a0\u00a0\u00a0 Baccalaur\u00e9at <strong>Technologique S.T.M.G.<\/strong> : 86,89 %<\/p>\n<p><strong>2021<\/strong>\u00a0\u00a0\u00a0\u00a0 &#8211;\u00a0\u00a0\u00a0\u00a0\u00a0\u00a0\u00a0\u00a0\u00a0\u00a0\u00a0\u00a0\u00a0\u00a0 Baccalaur\u00e9at <strong>G\u00e9n\u00e9ral<\/strong> : 97,33 %\u00a0\u00a0\u00a0\u00a0\u00a0\u00a0\u00a0\u00a0\u00a0 Baccalaur\u00e9at <strong>Technologique S.T.M.G.<\/strong> : 95 %<\/p>\n<p><span style=\"font-family: verdana, geneva; font-size: 12pt;\">\n<table id=\"tablepress-1\" class=\"tablepress tablepress-id-1\">\n<thead>\n<tr class=\"row-1\">\n\t<td class=\"column-1\"><\/td><th class=\"column-2\">ES<\/th><th class=\"column-3\">L<\/th><th class=\"column-4\">S<\/th><th class=\"column-5\">STT<br \/>\nSTG<br \/>\nSTMG<\/th><th class=\"column-6\">Total<br \/>\nEtablissement<\/th>\n<\/tr>\n<\/thead>\n<tbody class=\"row-hover\">\n<tr class=\"row-2\">\n\t<td class=\"column-1\">1995<\/td><td class=\"column-2\">65,00 %<\/td><td class=\"column-3\">51,22 %<\/td><td class=\"column-4\">67,96 %<\/td><td class=\"column-5\">65,42 %<\/td><td class=\"column-6\">64,11 %<\/td>\n<\/tr>\n<tr class=\"row-3\">\n\t<td class=\"column-1\">1996<\/td><td class=\"column-2\">64,71 %<\/td><td class=\"column-3\">62,67 %<\/td><td class=\"column-4\">76,88 %<\/td><td class=\"column-5\">79,49 %<\/td><td class=\"column-6\">71,27 %<\/td>\n<\/tr>\n<tr class=\"row-4\">\n\t<td class=\"column-1\">1997<\/td><td class=\"column-2\">61,11 %<\/td><td class=\"column-3\">61,73 %<\/td><td class=\"column-4\">80,27 %<\/td><td class=\"column-5\">83,10 %<\/td><td class=\"column-6\">71,53 %<\/td>\n<\/tr>\n<tr class=\"row-5\">\n\t<td class=\"column-1\">1998<\/td><td class=\"column-2\">67,74 %<\/td><td class=\"column-3\">84,09 %<\/td><td class=\"column-4\">69,57 %<\/td><td class=\"column-5\">87,95 %<\/td><td class=\"column-6\">74,55 %<\/td>\n<\/tr>\n<tr class=\"row-6\">\n\t<td class=\"column-1\">1999<\/td><td class=\"column-2\">67,35 %<\/td><td class=\"column-3\">71,88 %<\/td><td class=\"column-4\">64,34 %<\/td><td class=\"column-5\">81,00 %<\/td><td class=\"column-6\">70,24 %<\/td>\n<\/tr>\n<tr class=\"row-7\">\n\t<td class=\"column-1\">2000<\/td><td class=\"column-2\">72,72 %<\/td><td class=\"column-3\">76,19 %<\/td><td class=\"column-4\">79,85 %<\/td><td class=\"column-5\">80,51 %<\/td><td class=\"column-6\">76,78 %<\/td>\n<\/tr>\n<tr class=\"row-8\">\n\t<td class=\"column-1\">2001<\/td><td class=\"column-2\">78,26 %<\/td><td class=\"column-3\">89,74 %<\/td><td class=\"column-4\">86,89 %<\/td><td class=\"column-5\">89,16 %<\/td><td class=\"column-6\">85,51 %<\/td>\n<\/tr>\n<tr class=\"row-9\">\n\t<td class=\"column-1\">2002<\/td><td class=\"column-2\">88,00 %<\/td><td class=\"column-3\">80,00 %<\/td><td class=\"column-4\">88,80 %<\/td><td class=\"column-5\">84,26 %<\/td><td class=\"column-6\">86,72 %<\/td>\n<\/tr>\n<tr class=\"row-10\">\n\t<td class=\"column-1\">2003<\/td><td class=\"column-2\">81,00 %<\/td><td class=\"column-3\">70,00 %<\/td><td class=\"column-4\">88,00 %<\/td><td class=\"column-5\">87,00 %<\/td><td class=\"column-6\">85,00 %<\/td>\n<\/tr>\n<tr class=\"row-11\">\n\t<td class=\"column-1\">2004<\/td><td class=\"column-2\">83,00 %<\/td><td class=\"column-3\">84,00 %<\/td><td class=\"column-4\">72,00 %<\/td><td class=\"column-5\">78,00 %<\/td><td class=\"column-6\">77,00 %<\/td>\n<\/tr>\n<tr class=\"row-12\">\n\t<td class=\"column-1\">2005<\/td><td class=\"column-2\">79,00 %<\/td><td class=\"column-3\">78,00 %<\/td><td class=\"column-4\">81,00 %<\/td><td class=\"column-5\">82,00 %<\/td><td class=\"column-6\">80,00 %<\/td>\n<\/tr>\n<tr class=\"row-13\">\n\t<td class=\"column-1\">2006<\/td><td class=\"column-2\">80,00 %<\/td><td class=\"column-3\">88,00 %<\/td><td class=\"column-4\">80,00 %<\/td><td class=\"column-5\">78,00 %<\/td><td class=\"column-6\">80,00 %<\/td>\n<\/tr>\n<tr class=\"row-14\">\n\t<td class=\"column-1\">2007<\/td><td class=\"column-2\">88,00 %<\/td><td class=\"column-3\">85,00 %<\/td><td class=\"column-4\">88,00 %<\/td><td class=\"column-5\">82,00 %<\/td><td class=\"column-6\">86,00 %<\/td>\n<\/tr>\n<tr class=\"row-15\">\n\t<td class=\"column-1\">2008<\/td><td class=\"column-2\">81,50 %<\/td><td class=\"column-3\">89,50 %<\/td><td class=\"column-4\">91,30 %<\/td><td class=\"column-5\">75,60 %<\/td><td class=\"column-6\">85,10 %<\/td>\n<\/tr>\n<tr class=\"row-16\">\n\t<td class=\"column-1\">2009<\/td><td class=\"column-2\">88,40 %<\/td><td class=\"column-3\">82,76 %<\/td><td class=\"column-4\">91,00 %<\/td><td class=\"column-5\">75,44 %<\/td><td class=\"column-6\">86,49 %<\/td>\n<\/tr>\n<tr class=\"row-17\">\n\t<td class=\"column-1\">2010<\/td><td class=\"column-2\">91,00 %<\/td><td class=\"column-3\">74,00 %<\/td><td class=\"column-4\">78,00 %<\/td><td class=\"column-5\">92,00 %<\/td><td class=\"column-6\">84,00 %<\/td>\n<\/tr>\n<tr class=\"row-18\">\n\t<td class=\"column-1\">2011<\/td><td class=\"column-2\">89,33 %<\/td><td class=\"column-3\">85,71 %<\/td><td class=\"column-4\">85,40 %<\/td><td class=\"column-5\">92,50%<\/td><td class=\"column-6\">87,54 %<\/td>\n<\/tr>\n<tr class=\"row-19\">\n\t<td class=\"column-1\">2012<\/td><td class=\"column-2\">90,11 %<\/td><td class=\"column-3\">73,68 %<\/td><td class=\"column-4\">82,83 %<\/td><td class=\"column-5\">68,18 %<\/td><td class=\"column-6\">82,21 %<\/td>\n<\/tr>\n<tr class=\"row-20\">\n\t<td class=\"column-1\">2013<\/td><td class=\"column-2\">91,67 %<\/td><td class=\"column-3\">73,91 %<\/td><td class=\"column-4\">91,74 %<\/td><td class=\"column-5\">75,00 %<\/td><td class=\"column-6\">87,12 %<\/td>\n<\/tr>\n<tr class=\"row-21\">\n\t<td class=\"column-1\">2014<\/td><td class=\"column-2\">85.71%<\/td><td class=\"column-3\">100 %<\/td><td class=\"column-4\">82.30%<\/td><td class=\"column-5\">97.78 %<\/td><td class=\"column-6\">91.51 %<\/td>\n<\/tr>\n<tr class=\"row-22\">\n\t<td class=\"column-1\">2015<br \/>\n<\/td><td class=\"column-2\">86,73 %<\/td><td class=\"column-3\">77,27 %\t<\/td><td class=\"column-4\">85,71 %\t<\/td><td class=\"column-5\">95,74 %\t<\/td><td class=\"column-6\">87,03 %<\/td>\n<\/tr>\n<tr class=\"row-23\">\n\t<td class=\"column-1\">2016<\/td><td class=\"column-2\">90 %<\/td><td class=\"column-3\">87,50 %<\/td><td class=\"column-4\">87 %<\/td><td class=\"column-5\">88 %<\/td><td class=\"column-6\">88 %<\/td>\n<\/tr>\n<tr class=\"row-24\">\n\t<td class=\"column-1\">2017<\/td><td class=\"column-2\">80 %<\/td><td class=\"column-3\">88 %<\/td><td class=\"column-4\">89 %<\/td><td class=\"column-5\">90 %<\/td><td class=\"column-6\">86 %<\/td>\n<\/tr>\n<tr class=\"row-25\">\n\t<td class=\"column-1\">2018<\/td><td class=\"column-2\">88 %<\/td><td class=\"column-3\">95 %<\/td><td class=\"column-4\">83 %<\/td><td class=\"column-5\">87 %<\/td><td class=\"column-6\">86 %<\/td>\n<\/tr>\n<tr class=\"row-26\">\n\t<td class=\"column-1\">2019<\/td><td class=\"column-2\">94.50 %<\/td><td class=\"column-3\">100 %<\/td><td class=\"column-4\">92.2 %<\/td><td class=\"column-5\">90 %<\/td><td class=\"column-6\">92.5 %<\/td>\n<\/tr>\n<tr class=\"row-27\">\n\t<td class=\"column-1\">2020<\/td><td class=\"column-2\">95%<\/td><td class=\"column-3\">100%<\/td><td class=\"column-4\">97%<\/td><td class=\"column-5\">85%<\/td><td class=\"column-6\">94%<\/td>\n<\/tr>\n<\/tbody>\n<\/table>\n<!-- #tablepress-1 from cache --><\/span><\/p>\n\n\n<p><\/p>\n","protected":false},"excerpt":{"rendered":"<p>R\u00e9sultats au BAC des \u00e9l\u00e8ves du Lyc\u00e9e JEAN PERRIN A compter du Baccalaur\u00e9at 2021 &#8211; les r\u00e9sultats sont donn\u00e9s pour la fili\u00e8re g\u00e9n\u00e9rale et la fili\u00e8re technologique : 2024\u00a0 \u00a0\u00a0 &#8211;\u00a0\u00a0\u00a0\u00a0\u00a0\u00a0\u00a0\u00a0\u00a0\u00a0\u00a0\u00a0\u00a0\u00a0 Baccalaur\u00e9at G\u00e9n\u00e9ral : 97,5 %\u00a0\u00a0\u00a0\u00a0\u00a0\u00a0\u00a0\u00a0\u00a0 Baccalaur\u00e9at Technologique S.T.M.G. : 93 % 2023\u00a0 \u00a0 \u00a0&#8211;\u00a0\u00a0\u00a0\u00a0\u00a0\u00a0\u00a0\u00a0\u00a0\u00a0\u00a0\u00a0\u00a0\u00a0 Baccalaur\u00e9at G\u00e9n\u00e9ral : 95,95 %\u00a0\u00a0\u00a0\u00a0\u00a0\u00a0\u00a0\u00a0\u00a0 &#8230;<\/p>\n","protected":false},"author":2,"featured_media":0,"parent":25393,"menu_order":7,"comment_status":"closed","ping_status":"closed","template":"","meta":{"footnotes":""},"class_list":["post-41","page","type-page","status-publish","hentry","column","threecol"],"_links":{"self":[{"href":"https:\/\/www.lyceejeanperrin.fr\/index.php?rest_route=\/wp\/v2\/pages\/41","targetHints":{"allow":["GET"]}}],"collection":[{"href":"https:\/\/www.lyceejeanperrin.fr\/index.php?rest_route=\/wp\/v2\/pages"}],"about":[{"href":"https:\/\/www.lyceejeanperrin.fr\/index.php?rest_route=\/wp\/v2\/types\/page"}],"author":[{"embeddable":true,"href":"https:\/\/www.lyceejeanperrin.fr\/index.php?rest_route=\/wp\/v2\/users\/2"}],"replies":[{"embeddable":true,"href":"https:\/\/www.lyceejeanperrin.fr\/index.php?rest_route=%2Fwp%2Fv2%2Fcomments&post=41"}],"version-history":[{"count":6,"href":"https:\/\/www.lyceejeanperrin.fr\/index.php?rest_route=\/wp\/v2\/pages\/41\/revisions"}],"predecessor-version":[{"id":91017,"href":"https:\/\/www.lyceejeanperrin.fr\/index.php?rest_route=\/wp\/v2\/pages\/41\/revisions\/91017"}],"up":[{"embeddable":true,"href":"https:\/\/www.lyceejeanperrin.fr\/index.php?rest_route=\/wp\/v2\/pages\/25393"}],"wp:attachment":[{"href":"https:\/\/www.lyceejeanperrin.fr\/index.php?rest_route=%2Fwp%2Fv2%2Fmedia&parent=41"}],"curies":[{"name":"wp","href":"https:\/\/api.w.org\/{rel}","templated":true}]}}