{"id":5575,"date":"2014-06-03T10:04:58","date_gmt":"2014-06-03T08:04:58","guid":{"rendered":"http:\/\/www2.lyceejeanperrin.fr\/?page_id=5575"},"modified":"2021-10-21T11:32:56","modified_gmt":"2021-10-21T09:32:56","slug":"horaires-de-cours","status":"publish","type":"page","link":"https:\/\/www.lyceejeanperrin.fr\/?page_id=5575","title":{"rendered":"Horaires de cours"},"content":{"rendered":"<p style=\"text-align: left;\"><span style=\"font-family: verdana, geneva; font-size: 12pt;\">\n<table id=\"tablepress-8\" class=\"tablepress tablepress-id-8\">\n<thead>\n<tr class=\"row-1\">\n\t<th class=\"column-1\">Matin<\/th><th class=\"column-2\">Apr\u00e8s-midi<\/th>\n<\/tr>\n<\/thead>\n<tbody class=\"row-striping row-hover\">\n<tr class=\"row-2\">\n\t<td class=\"column-1\">8h15 - 9h10<\/td><td class=\"column-2\">13h10 - 14h05<\/td>\n<\/tr>\n<tr class=\"row-3\">\n\t<td class=\"column-1\">9h10 - 10h05<\/td><td class=\"column-2\">14h05 - 15h00<\/td>\n<\/tr>\n<tr class=\"row-4\">\n\t<td class=\"column-1\">10h20 - 11h15<\/td><td class=\"column-2\">15h00 - 15h55<\/td>\n<\/tr>\n<tr class=\"row-5\">\n\t<td class=\"column-1\">11h15 - 12h10<\/td><td class=\"column-2\">16h10 - 17h05<\/td>\n<\/tr>\n<tr class=\"row-6\">\n\t<td class=\"column-1\">12h10 - 13h05<\/td><td class=\"column-2\">17h05 - 18h00<\/td>\n<\/tr>\n<\/tbody>\n<\/table>\n<!-- #tablepress-8 from cache --><\/span><\/p>\n<p style=\"text-align: center;\"><span style=\"font-family: verdana, geneva; font-size: 12pt;\">Les \u00e9l\u00e8ves doivent se pr\u00e9senter au Lyc\u00e9e le matin <span style=\"text-decoration: underline;\"><span style=\"font-size: 14pt;\"><em><strong>avant 8h10<\/strong><\/em><\/span><\/span>.<\/span><\/p>\n<h3 style=\"text-align: center;\"><span style=\"font-family: verdana, geneva; font-size: 12pt;\">D\u00e9but des cours 8h15 pr\u00e9cises<br \/>\n<\/span><\/h3>\n<p style=\"text-align: center;\"><span style=\"font-family: verdana, geneva; font-size: 12pt;\">Il y a \u00e9galement\u00a0en plus de la pause m\u00e9ridienne, trois\u00a0pauses durant la journ\u00e9e :<\/span><\/p>\n<ul>\n<li><span style=\"font-family: verdana, geneva; font-size: 12pt;\">de 10h05 \u00e0 10h20<\/span><\/li>\n<li><span style=\"font-family: verdana, geneva; font-size: 12pt;\">de 13h05 \u00e0 13h10<\/span><\/li>\n<li><span style=\"font-family: verdana, geneva; font-size: 12pt;\">de 15h55 \u00e0 16h10<\/span><\/li>\n<\/ul>\n<h3 style=\"text-align: center;\"><\/h3>\n","protected":false},"excerpt":{"rendered":"<p>Les \u00e9l\u00e8ves doivent se pr\u00e9senter au Lyc\u00e9e le matin avant 8h10. D\u00e9but des cours 8h15 pr\u00e9cises Il y a \u00e9galement\u00a0en plus de la pause m\u00e9ridienne, trois\u00a0pauses durant la journ\u00e9e : de 10h05 \u00e0 10h20 de 13h05 \u00e0 13h10 de 15h55 \u00e0 16h10<\/p>\n","protected":false},"author":2,"featured_media":0,"parent":2217,"menu_order":2,"comment_status":"closed","ping_status":"closed","template":"","meta":{"footnotes":""},"class_list":["post-5575","page","type-page","status-publish","hentry","column","threecol"],"_links":{"self":[{"href":"https:\/\/www.lyceejeanperrin.fr\/index.php?rest_route=\/wp\/v2\/pages\/5575","targetHints":{"allow":["GET"]}}],"collection":[{"href":"https:\/\/www.lyceejeanperrin.fr\/index.php?rest_route=\/wp\/v2\/pages"}],"about":[{"href":"https:\/\/www.lyceejeanperrin.fr\/index.php?rest_route=\/wp\/v2\/types\/page"}],"author":[{"embeddable":true,"href":"https:\/\/www.lyceejeanperrin.fr\/index.php?rest_route=\/wp\/v2\/users\/2"}],"replies":[{"embeddable":true,"href":"https:\/\/www.lyceejeanperrin.fr\/index.php?rest_route=%2Fwp%2Fv2%2Fcomments&post=5575"}],"version-history":[{"count":1,"href":"https:\/\/www.lyceejeanperrin.fr\/index.php?rest_route=\/wp\/v2\/pages\/5575\/revisions"}],"predecessor-version":[{"id":89996,"href":"https:\/\/www.lyceejeanperrin.fr\/index.php?rest_route=\/wp\/v2\/pages\/5575\/revisions\/89996"}],"up":[{"embeddable":true,"href":"https:\/\/www.lyceejeanperrin.fr\/index.php?rest_route=\/wp\/v2\/pages\/2217"}],"wp:attachment":[{"href":"https:\/\/www.lyceejeanperrin.fr\/index.php?rest_route=%2Fwp%2Fv2%2Fmedia&parent=5575"}],"curies":[{"name":"wp","href":"https:\/\/api.w.org\/{rel}","templated":true}]}}