{"id":6309,"date":"2014-06-03T14:58:21","date_gmt":"2014-06-03T12:58:21","guid":{"rendered":"http:\/\/www2.lyceejeanperrin.fr\/?page_id=6309"},"modified":"2022-05-19T11:09:21","modified_gmt":"2022-05-19T09:09:21","slug":"charte-informatique","status":"publish","type":"page","link":"https:\/\/www.lyceejeanperrin.fr\/?page_id=6309","title":{"rendered":"Charte informatique"},"content":{"rendered":"<p><span style=\"font-family: verdana, geneva; font-size: 12pt;\">Le pr\u00e9sent contrat a pour objet de d\u00e9finir les r\u00e8gles d&rsquo;utilisation du r\u00e9seau p\u00e9dagogique du lyc\u00e9e. Il s&rsquo;inscrit dans le cadre des lois en vigueur :<\/span><\/p>\n<ul>\n<li><span style=\"font-family: verdana, geneva; font-size: 12pt;\">Loi no. 78-17 du 6 janvier 1978 \u00ab\u00a0informatique, fichiers et libert\u00e9s\u00a0\u00bb,<\/span><\/li>\n<li><span style=\"font-family: verdana, geneva; font-size: 12pt;\">Loi no. 78-753 du 17 juillet 1978 sur l&rsquo;acc\u00e8s aux documents administratifs,<\/span><\/li>\n<li><span style=\"font-family: verdana, geneva; font-size: 12pt;\">Loi no. 85.660 du 3 juillet 1985 sur la protection des logiciels,<\/span><\/li>\n<li><span style=\"font-family: verdana, geneva; font-size: 12pt;\">Loi no. 88-19 du 5 janvier 1988 relative \u00e0 la fraude informatique,<\/span><\/li>\n<li><span style=\"font-family: verdana, geneva; font-size: 12pt;\">Loi no. 92-597 du 1er juillet 1992 (code de la propri\u00e9t\u00e9 intellectuelle)<\/span><\/li>\n<li><span style=\"font-size: 12pt;\">R\u00e8glement UE 2016\/679 du 27 avril 2016&nbsp;entr\u00e9 en vigueur le 25 mai 2018<\/span><\/li>\n<\/ul>\n<ul>\n<li>\n<h4><span style=\"font-family: verdana, geneva; font-size: 12pt;\">CHAMP D&rsquo;APPLICATION DU CONTRAT :<\/span><\/h4>\n<p><span style=\"font-family: verdana, geneva; font-size: 12pt;\">Ce contrat s&rsquo;applique \u00e0 toute personne, \u00e9l\u00e8ve, enseignant, personnel administratif ou technique, autoris\u00e9e \u00e0 utiliser les moyens et syst\u00e8mes informatiques \u00e0 usage p\u00e9dagogique du lyc\u00e9e Jean Perrin.<\/span><\/p>\n<p><span style=\"font-family: verdana, geneva; font-size: 12pt;\">Ces moyens comprennent notamment les r\u00e9seaux, serveurs, stations de travail et micro-ordinateurs des salles d&rsquo;enseignement, des laboratoires, et du C.D.I. du lyc\u00e9e.<\/span><\/li>\n<li>\n<h4><span style=\"font-family: verdana, geneva; font-size: 12pt;\">R\u00c8GLES DE GESTION DU R\u00c9SEAU ET DES MOYENS INFORMATIQUES DU LYC\u00c9E JEAN PERRIN :<\/span><\/h4>\n<p><span style=\"font-family: verdana, geneva; font-size: 12pt;\">Chaque ordinateur et chaque r\u00e9seau est g\u00e9r\u00e9 par un ou plusieurs administrateurs. Ce sont eux qui g\u00e8rent le compte de chaque utilisateur.<\/span><\/p>\n<p><span style=\"font-family: verdana, geneva; font-size: 12pt;\">Les administrateurs n&rsquo;ouvrent de compte qu&rsquo;aux utilisateurs ayant pris connaissance du pr\u00e9sent document, et peuvent le fermer s&rsquo;ils ont des raisons de penser que l&rsquo;utilisateur viole les r\u00e8gles \u00e9nonc\u00e9es ici.<\/span><\/p>\n<p><span style=\"font-family: verdana, geneva; font-size: 12pt;\">A partir du moment o\u00f9 un utilisateur saisit son mot de passe, il accepte implicitement de se conformer aux r\u00e8gles du pr\u00e9sent contrat<\/span><\/li>\n<li>\n<h4><span style=\"font-family: verdana, geneva; font-size: 12pt;\">CONDITIONS D&rsquo;ACC\u00c8S AUX MOYENS INFORMATIQUES DU LYC\u00c9E :<\/span><\/h4>\n<p><span style=\"font-family: verdana, geneva; font-size: 12pt;\">L&rsquo;utilisation des moyens informatiques du lyc\u00e9e a pour objet exclusif de mener des activit\u00e9s d&rsquo;enseignement ou de documentation. Sauf autorisation pr\u00e9alable ou convention sign\u00e9e par le Proviseur du lyc\u00e9e, ces moyens ne peuvent \u00eatre utilis\u00e9s en vue de r\u00e9aliser des projets ne relevant pas des missions confi\u00e9es aux utilisateurs.<\/span><\/p>\n<p><span style=\"font-family: verdana, geneva; font-size: 12pt;\">Chaque utilisateur se voit attribuer un compte informatique (nom d&rsquo;utilisateur et mot de passe) qui lui permettra de se connecter au r\u00e9seau p\u00e9dagogique. Les comptes et mots de passe sont nominatifs, personnels et ne peuvent \u00eatre c\u00e9d\u00e9s.<\/span><\/p>\n<p><span style=\"font-family: verdana, geneva; font-size: 12pt;\">Chaque utilisateur est responsable de l&rsquo;utilisation qui est faite de son compte. Le mot de passe choisi ne doit pas \u00eatre devinable par autrui (nom de l&rsquo;utilisateur, date de naissance, &#8230;) et doit \u00eatre chang\u00e9 r\u00e9guli\u00e8rement (au moins chaque ann\u00e9e).<\/span><\/p>\n<p><span style=\"font-family: verdana, geneva; font-size: 12pt;\">L&rsquo;utilisateur pr\u00e9viendra l&rsquo;administrateur si son mot de passe ne lui permet plus de se connecter ou s&rsquo;il soup\u00e7onne que son compte est viol\u00e9.<\/span><\/li>\n<li>\n<h4><span style=\"font-family: verdana, geneva; font-size: 12pt;\">R\u00c8GLES DE BASE :<\/span><\/h4>\n<p><span style=\"font-family: verdana, geneva; font-size: 12pt;\">Chaque utilisateur s&rsquo;engage \u00e0 respecter les r\u00e8gles de la d\u00e9ontologie informatique et notamment \u00e0 ne pas effectuer intentionnellement des op\u00e9rations qui pourraient avoir pour cons\u00e9quences :<\/span><\/p>\n<ul>\n<li><span style=\"font-family: verdana, geneva; font-size: 12pt;\">de masquer sa v\u00e9ritable identit\u00e9 (un utilisateur doit, par exemple indiquer sa v\u00e9ritable identit\u00e9 dans les correspondances de courrier \u00e9lectronique, les pseudonymes sont donc exclus) ;<\/span><\/li>\n<li><span style=\"font-family: verdana, geneva; font-size: 12pt;\">de s&rsquo;approprier le mot de passe d&rsquo;un autre utilisateur ;<\/span><\/li>\n<li><span style=\"font-family: verdana, geneva; font-size: 12pt;\">de modifier ou de d\u00e9truire des informations ne lui appartenant pas sur un des syst\u00e8mes informatiques ;<\/span><\/li>\n<li><span style=\"font-family: verdana, geneva; font-size: 12pt;\">d&rsquo;acc\u00e9der \u00e0 des informations appartenant \u00e0 d&rsquo;autres utilisateurs sans leur autorisation ;<\/span><\/li>\n<li><span style=\"font-family: verdana, geneva; font-size: 12pt;\">de porter atteinte \u00e0 l&rsquo;int\u00e9grit\u00e9 d&rsquo;un autre utilisateur ou \u00e0 sa sensibilit\u00e9, notamment par l&rsquo;interm\u00e9diaire de messages, textes ou images provocants ;<\/span><\/li>\n<li><span style=\"font-family: verdana, geneva; font-size: 12pt;\">d&rsquo;interrompre le fonctionnement normal du r\u00e9seau ou d&rsquo;un des syst\u00e8mes connect\u00e9s ou non au r\u00e9seau ;<\/span><\/li>\n<li><span style=\"font-family: verdana, geneva; font-size: 12pt;\">de se connecter ou d&rsquo;essayer de se connecter sur un site ou un compte sans y \u00eatre autoris\u00e9 ;<\/span><\/li>\n<li><span style=\"font-family: verdana, geneva; font-size: 12pt;\">d&rsquo;installer des logiciels sauf \u00e0 des fins scientifiques ou p\u00e9dagogiques et sur la demande du responsable de la salle ;<\/span><\/li>\n<li><span style=\"font-family: verdana, geneva; font-size: 12pt;\">de faire une copie d&rsquo;un logiciel commercial ;<\/span><\/li>\n<li><span style=\"font-family: verdana, geneva; font-size: 12pt;\">de contourner les restrictions d&rsquo;utilisation d&rsquo;un logiciel ;<\/span><\/li>\n<li><span style=\"font-family: verdana, geneva; font-size: 12pt;\">de d\u00e9velopper, copier des programmes qui s&rsquo;auto dupliquent ou s&rsquo;attachent \u00e0 d&rsquo;autres programmes (virus informatiques). La r\u00e9alisation, l&rsquo;utilisation ou la diffusion d&rsquo;un programme informatique ayant de tels objectifs est strictement interdite.<\/span><\/li>\n<\/ul>\n<p><span style=\"font-family: verdana, geneva; font-size: 12pt;\">L&rsquo;utilisateur s&rsquo;engage \u00e0 utiliser Internet exclusivement pour une utilisation d&rsquo;ordre p\u00e9dagogique. En particulier, la connexion \u00e0 des services de dialogue en direct (\u00ab\u00a0Chat\u00a0\u00bb, IRC, ICQ&#8230;) n&rsquo;est pas autoris\u00e9e. De m\u00eame que le t\u00e9l\u00e9chargement de fichiers MP3 ou de logiciels \u00e0 caract\u00e8re ludique.<\/span><\/li>\n<li>\n<h4><span style=\"font-family: verdana, geneva; font-size: 12pt;\">UTILISATION \u00c9QUITABLE DES MOYENS INFORMATIQUES :<\/span><\/h4>\n<p><span style=\"font-family: verdana, geneva; font-size: 12pt;\">Chaque utilisateur s&rsquo;engage \u00e0 prendre soin du mat\u00e9riel et des locaux informatiques mis \u00e0 sa disposition. Il informe le plus t\u00f4t possible l&rsquo;administrateur r\u00e9seau ou le responsable de la salle de toute anomalie constat\u00e9e.<\/span><\/p>\n<p><span style=\"font-family: verdana, geneva; font-size: 12pt;\">L&rsquo;utilisateur doit s&rsquo;efforcer de n&rsquo;occuper que la quantit\u00e9 d&rsquo;espace disque qui lui est strictement n\u00e9cessaire et d&rsquo;utiliser de fa\u00e7on optimale les moyens de compression des fichiers dont il dispose. En cas de d\u00e9passement de l&rsquo;espace qui est allou\u00e9 \u00e0 l&rsquo;utilisateur, celui-ci sera pr\u00e9venu par un message provenant du serveur. Les fichiers les plus anciens peuvent \u00eatre d\u00e9truits par l&rsquo;administrateur.<\/span><\/p>\n<p><span style=\"font-family: verdana, geneva; font-size: 12pt;\">Les activit\u00e9s risquant d&rsquo;accaparer fortement les ressources informatiques (impression de gros documents, calculs importants, utilisation intensive du r\u00e9seau,&#8230;) devront \u00eatre effectu\u00e9es aux moments qui p\u00e9nalisent le moins la communaut\u00e9.<\/span><\/p>\n<p><span style=\"font-family: verdana, geneva; font-size: 12pt;\">Un utilisateur ne doit jamais quitter un poste de travail sans se d\u00e9connecter (sans fermer sa session de travail). La proc\u00e9dure \u00e0 suivre lui sera indiqu\u00e9e. (Si l&rsquo;utilisateur ne se d\u00e9connecte pas, son r\u00e9pertoire personnel reste accessible pour tout autre utilisateur).<\/span><\/p>\n<p><span style=\"font-family: verdana, geneva; font-size: 12pt;\">Des dispositions techniques ont \u00e9t\u00e9 prises (contr\u00f4les effectu\u00e9s lors des connexions, suivi individuel de l&rsquo;utilisation des diff\u00e9rents postes) afin de v\u00e9rifier que l&rsquo;usage du r\u00e9seau informatique est bien conforme aux r\u00e8gles indiqu\u00e9es dans le pr\u00e9sent contrat, en particulier en ce qui concerne l&rsquo;utilisation d&rsquo;Internet.<\/span><\/p>\n<p><span style=\"font-family: verdana, geneva; font-size: 12pt;\">L&rsquo;utilisateur qui contreviendrait aux r\u00e8gles pr\u00e9c\u00e9demment d\u00e9finies s&rsquo;expose au retrait de son compte informatique ainsi qu&rsquo;aux poursuites, disciplinaires et p\u00e9nales, pr\u00e9vues par les textes l\u00e9gislatifs et r\u00e9glementaires en vigueur.<\/span><\/li>\n<\/ul>\n","protected":false},"excerpt":{"rendered":"<p>Le pr\u00e9sent contrat a pour objet de d\u00e9finir les r\u00e8gles d&rsquo;utilisation du r\u00e9seau p\u00e9dagogique du lyc\u00e9e. Il s&rsquo;inscrit dans le cadre des lois en vigueur : Loi no. 78-17 du 6 janvier 1978 \u00ab\u00a0informatique, fichiers et libert\u00e9s\u00a0\u00bb, Loi no. 78-753 du 17 juillet 1978 sur l&rsquo;acc\u00e8s aux documents administratifs, Loi &#8230;<\/p>\n","protected":false},"author":2,"featured_media":0,"parent":25393,"menu_order":8,"comment_status":"closed","ping_status":"closed","template":"","meta":{"footnotes":""},"class_list":["post-6309","page","type-page","status-publish","hentry","column","threecol"],"_links":{"self":[{"href":"https:\/\/www.lyceejeanperrin.fr\/index.php?rest_route=\/wp\/v2\/pages\/6309","targetHints":{"allow":["GET"]}}],"collection":[{"href":"https:\/\/www.lyceejeanperrin.fr\/index.php?rest_route=\/wp\/v2\/pages"}],"about":[{"href":"https:\/\/www.lyceejeanperrin.fr\/index.php?rest_route=\/wp\/v2\/types\/page"}],"author":[{"embeddable":true,"href":"https:\/\/www.lyceejeanperrin.fr\/index.php?rest_route=\/wp\/v2\/users\/2"}],"replies":[{"embeddable":true,"href":"https:\/\/www.lyceejeanperrin.fr\/index.php?rest_route=%2Fwp%2Fv2%2Fcomments&post=6309"}],"version-history":[{"count":1,"href":"https:\/\/www.lyceejeanperrin.fr\/index.php?rest_route=\/wp\/v2\/pages\/6309\/revisions"}],"predecessor-version":[{"id":90068,"href":"https:\/\/www.lyceejeanperrin.fr\/index.php?rest_route=\/wp\/v2\/pages\/6309\/revisions\/90068"}],"up":[{"embeddable":true,"href":"https:\/\/www.lyceejeanperrin.fr\/index.php?rest_route=\/wp\/v2\/pages\/25393"}],"wp:attachment":[{"href":"https:\/\/www.lyceejeanperrin.fr\/index.php?rest_route=%2Fwp%2Fv2%2Fmedia&parent=6309"}],"curies":[{"name":"wp","href":"https:\/\/api.w.org\/{rel}","templated":true}]}}