{"id":87496,"date":"2017-04-26T08:36:33","date_gmt":"2017-04-26T06:36:33","guid":{"rendered":"https:\/\/www.lyceejeanperrin.fr\/?page_id=87496"},"modified":"2017-04-26T08:36:33","modified_gmt":"2017-04-26T06:36:33","slug":"actions-liees-a-la-sante","status":"publish","type":"page","link":"https:\/\/www.lyceejeanperrin.fr\/?page_id=87496","title":{"rendered":"Actions li\u00e9es \u00e0 la sant\u00e9"},"content":{"rendered":"<div id=\"entete\">\n<h4 class=\"main__title main__title--entete\"><strong><span id=\"titre_h2_deco\" class=\"d-block\" style=\"font-size: 18pt;\">Pr\u00e9vention des conduites \u00e0 risque et des d\u00e9pendances.<\/span><\/strong><\/h4>\n<\/div>\n<div id=\"contenu\" class=\"p-relative contenu \">\n<div id=\"corps\" class=\"clearfix mb1 wysiwyg clearfix\">\n<p class=\"normal\">La semaine du 15 au 20 janvier 2018, Mme BOURLEAU Claudie &#8211; Infirmi\u00e8re scolaire dans le cadre du CESC, a propos\u00e9 aux \u00e9l\u00e8ves de seconde le Spectacle de\u00a0 <span style=\"font-size: 18pt;\"><span style=\"font-size: 12pt;\">Vincent Legrand<\/span> <a href=\"http:\/\/projetgregor.fr\/\">\u00ab\u00a0Gregor et le plaisir imm\u00e9diat\u00a0\u00bb\u00a0<\/a><\/span> en salle Polyvalente. Il s&rsquo;agit d&rsquo;un spectacle d&rsquo;une heure, suivi d&rsquo;une heure de d\u00e9bat avec les \u00e9l\u00e8ves pour chaque classe de seconde.<\/p>\n<p class=\"normal\">\n<\/div>\n<\/div>\n","protected":false},"excerpt":{"rendered":"<p>Pr\u00e9vention des conduites \u00e0 risque et des d\u00e9pendances. La semaine du 15 au 20 janvier 2018, Mme BOURLEAU Claudie &#8211; Infirmi\u00e8re scolaire dans le cadre du CESC, a propos\u00e9 aux \u00e9l\u00e8ves de seconde le Spectacle de\u00a0 Vincent Legrand \u00ab\u00a0Gregor et le plaisir imm\u00e9diat\u00a0\u00bb\u00a0 en salle Polyvalente. Il s&rsquo;agit d&rsquo;un spectacle &#8230;<\/p>\n","protected":false},"author":2,"featured_media":0,"parent":40184,"menu_order":0,"comment_status":"closed","ping_status":"closed","template":"","meta":{"footnotes":""},"class_list":["post-87496","page","type-page","status-publish","hentry","column","threecol"],"_links":{"self":[{"href":"https:\/\/www.lyceejeanperrin.fr\/index.php?rest_route=\/wp\/v2\/pages\/87496","targetHints":{"allow":["GET"]}}],"collection":[{"href":"https:\/\/www.lyceejeanperrin.fr\/index.php?rest_route=\/wp\/v2\/pages"}],"about":[{"href":"https:\/\/www.lyceejeanperrin.fr\/index.php?rest_route=\/wp\/v2\/types\/page"}],"author":[{"embeddable":true,"href":"https:\/\/www.lyceejeanperrin.fr\/index.php?rest_route=\/wp\/v2\/users\/2"}],"replies":[{"embeddable":true,"href":"https:\/\/www.lyceejeanperrin.fr\/index.php?rest_route=%2Fwp%2Fv2%2Fcomments&post=87496"}],"version-history":[{"count":0,"href":"https:\/\/www.lyceejeanperrin.fr\/index.php?rest_route=\/wp\/v2\/pages\/87496\/revisions"}],"up":[{"embeddable":true,"href":"https:\/\/www.lyceejeanperrin.fr\/index.php?rest_route=\/wp\/v2\/pages\/40184"}],"wp:attachment":[{"href":"https:\/\/www.lyceejeanperrin.fr\/index.php?rest_route=%2Fwp%2Fv2%2Fmedia&parent=87496"}],"curies":[{"name":"wp","href":"https:\/\/api.w.org\/{rel}","templated":true}]}}