{"id":88359,"date":"2018-12-19T15:16:54","date_gmt":"2018-12-19T14:16:54","guid":{"rendered":"https:\/\/www.lyceejeanperrin.fr\/?page_id=88359"},"modified":"2018-12-19T15:16:54","modified_gmt":"2018-12-19T14:16:54","slug":"section-europeenne-anglais","status":"publish","type":"page","link":"https:\/\/www.lyceejeanperrin.fr\/?page_id=88359","title":{"rendered":"Section Europ\u00e9enne Anglais"},"content":{"rendered":"<p><img loading=\"lazy\" decoding=\"async\" class=\"alignnone size-full wp-image-89057\" src=\"https:\/\/www.lyceejeanperrin.fr\/wp-content\/uploads\/2020\/06\/ANGLAIS.png\" alt=\"ANGLAIS\" width=\"285\" height=\"177\" \/><\/p>\n<p>Plaquette de pr\u00e9sentation : <a href=\"https:\/\/www.lyceejeanperrin.fr\/wp-content\/uploads\/2020\/06\/Section-Europeenne-Anglais-2020.pdf\">SECTION EUROP\u00c9ENNE ANGLAIS<\/a><\/p>\n<p style=\"text-align: justify;\">La section Europ\u00e9enne Anglais propose \u00e0 des\u00a0\u00e9l\u00e8ves ayant une aptitude\u00a0et une r\u00e9elle motivation pour l&rsquo;apprentissage de l&rsquo;anglais de d\u00e9velopper leurs comp\u00e9tences linguistiques et leur connaissance de la culture des pays anglophones.<\/p>\n<p style=\"text-align: justify;\">Au lyc\u00e9e, la section europ\u00e9enne vise un niveau proche du bilinguisme.<\/p>\n<p style=\"text-align: justify;\">La section propose :<\/p>\n<ul style=\"text-align: justify;\">\n<li>un horaire d&rsquo;enseignement linguistique renforc\u00e9 en anglais (3 heures\/semaine) ;<\/li>\n<li>1 h hebdomadaire d&rsquo;une discipline non linguistiques (DNL), l&rsquo;Histoire-G\u00e9ographie en langue anglaise ;<\/li>\n<li>des activit\u00e9s culturelles et d&rsquo;\u00e9changes internationaux dans le cadre du projet d&rsquo;\u00e9tablissement.<\/li>\n<\/ul>\n<p style=\"text-align: justify;\">Une scolarit\u00e9 en section europ\u00e9enne permet l&rsquo;obtention de l&rsquo;indication \u00ab section europ\u00e9enne \u00bb suivie de la d\u00e9signation de la langue sur le dipl\u00f4me du baccalaur\u00e9at.<\/p>\n<p style=\"text-align: justify;\">Au lyc\u00e9e Jean Perrin, la section europ\u00e9enne est propos\u00e9e pour un cursus de 3 ans, de la 2nde \u00e0 la Terminale.<\/p>\n<p style=\"text-align: justify;\"><strong>Pour candidater, l&rsquo;\u00e9l\u00e8ve doit joindre \u00e0 son dossier d&rsquo;inscription une lettre de motivation r\u00e9dig\u00e9e en anglais.<\/strong><\/p>\n<p style=\"text-align: justify;\">Le nombre de places \u00e9tant limit\u00e9, une s\u00e9lection est r\u00e9alis\u00e9e sur les crit\u00e8res suivants :<\/p>\n<ul>\n<li style=\"text-align: justify;\">motivation de l&rsquo;\u00e9l\u00e8ve \u00e0 int\u00e9grer la section europ\u00e9enne ;<\/li>\n<li style=\"text-align: justify;\">niveau scolaire g\u00e9n\u00e9ral et capacit\u00e9 de l&rsquo;\u00e9l\u00e8ve \u00e0 r\u00e9ussir en section europ\u00e9enne ;<\/li>\n<li style=\"text-align: justify;\">niveau scolaire en anglais et en histoire-g\u00e9ographie (DNL).<\/li>\n<\/ul>\n<p style=\"text-align: justify;\">\n","protected":false},"excerpt":{"rendered":"<p>Plaquette de pr\u00e9sentation : SECTION EUROP\u00c9ENNE ANGLAIS La section Europ\u00e9enne Anglais propose \u00e0 des\u00a0\u00e9l\u00e8ves ayant une aptitude\u00a0et une r\u00e9elle motivation pour l&rsquo;apprentissage de l&rsquo;anglais de d\u00e9velopper leurs comp\u00e9tences linguistiques et leur connaissance de la culture des pays anglophones. Au lyc\u00e9e, la section europ\u00e9enne vise un niveau proche du bilinguisme. La &#8230;<\/p>\n","protected":false},"author":3,"featured_media":0,"parent":89470,"menu_order":3,"comment_status":"closed","ping_status":"closed","template":"","meta":{"footnotes":""},"class_list":["post-88359","page","type-page","status-publish","hentry","column","threecol"],"_links":{"self":[{"href":"https:\/\/www.lyceejeanperrin.fr\/index.php?rest_route=\/wp\/v2\/pages\/88359","targetHints":{"allow":["GET"]}}],"collection":[{"href":"https:\/\/www.lyceejeanperrin.fr\/index.php?rest_route=\/wp\/v2\/pages"}],"about":[{"href":"https:\/\/www.lyceejeanperrin.fr\/index.php?rest_route=\/wp\/v2\/types\/page"}],"author":[{"embeddable":true,"href":"https:\/\/www.lyceejeanperrin.fr\/index.php?rest_route=\/wp\/v2\/users\/3"}],"replies":[{"embeddable":true,"href":"https:\/\/www.lyceejeanperrin.fr\/index.php?rest_route=%2Fwp%2Fv2%2Fcomments&post=88359"}],"version-history":[{"count":1,"href":"https:\/\/www.lyceejeanperrin.fr\/index.php?rest_route=\/wp\/v2\/pages\/88359\/revisions"}],"predecessor-version":[{"id":91367,"href":"https:\/\/www.lyceejeanperrin.fr\/index.php?rest_route=\/wp\/v2\/pages\/88359\/revisions\/91367"}],"up":[{"embeddable":true,"href":"https:\/\/www.lyceejeanperrin.fr\/index.php?rest_route=\/wp\/v2\/pages\/89470"}],"wp:attachment":[{"href":"https:\/\/www.lyceejeanperrin.fr\/index.php?rest_route=%2Fwp%2Fv2%2Fmedia&parent=88359"}],"curies":[{"name":"wp","href":"https:\/\/api.w.org\/{rel}","templated":true}]}}