{"id":88379,"date":"2024-11-25T09:52:00","date_gmt":"2024-11-25T08:52:00","guid":{"rendered":"https:\/\/www.lyceejeanperrin.fr\/?page_id=88379"},"modified":"2026-01-05T13:41:19","modified_gmt":"2026-01-05T12:41:19","slug":"sections-sportives-football-rentree-2019-dossiers-de-candidature","status":"publish","type":"page","link":"https:\/\/www.lyceejeanperrin.fr\/?page_id=88379","title":{"rendered":"Dossier de candidature 2026 &#8211; Dispositif Sport-Etudes Football Masculin"},"content":{"rendered":"\n<p><\/p>\n\n\n<p>Mesdames et Messieurs,<\/p>\n<p>Vous trouverez ci-dessous le dossier de candidature \u00e0 t\u00e9l\u00e9charger pour une candidature au dispositif Sport-\u00e9tudes Football masculin \u00e0 la rentr\u00e9e 2026.<\/p>\n<p><em>Depuis la rentr\u00e9e de septembre 2024, la section sportive f\u00e9minine n&rsquo;existe plus et est remplac\u00e9e par le Centre de Formation. Le recrutement au Centre de Formation est effectu\u00e9 directement par le club sportif du L.O.S.C.<\/em><\/p>\n<p>Le dossier de candidature pour le dispositif sport-\u00e9tudes football <strong>COMPLET<\/strong>\u00a0et <span style=\"text-decoration: underline;\"><strong>sign\u00e9 par les 2 responsables et l&rsquo;\u00e9l\u00e8ve<\/strong><\/span>, est \u00e0 retourner PAR LA POSTE\u00a0 (cachet de la poste faisant foi)\u00a0 :<\/p>\n<h3><strong><span style=\"color: #ff0000;\">AVANT LE 25 MARS 2026<\/span><\/strong><\/h3>\n<p><a href=\"https:\/\/www.lyceejeanperrin.fr\/wp-content\/uploads\/2026\/01\/Dossier-de-Candidature-FOOTBALL-MASCULIN-2026.pdf\">Dossier de Candidature FOOTBALL MASCULIN 2026<\/a><\/p>\n<p>Vous pouvez aussi d\u00e9poser le dossier dans la bo\u00eete aux lettres du lyc\u00e9e accessible 24h\/24h (dans ce cas aucun accus\u00e9 de r\u00e9ception ne vous sera d\u00e9livr\u00e9, vous recevrez un mail lorsque le dossier sera \u00e9tudi\u00e9)<\/p>\n<p><span style=\"color: #ff0000;\"><strong>ATTENTION : AUCUN DOSSIER RE\u00c7U PAR MAIL NE SERA ACCEPTE<\/strong><\/span><\/p>\n<p><strong><span style=\"color: #ff0000;\"><span style=\"color: #000000;\">MERCI DE VOTRE COMPR\u00c9HENSION<\/span><br \/><\/span><\/strong><\/p>\n\n\n<p><\/p>\n","protected":false},"excerpt":{"rendered":"<p>Mesdames et Messieurs, Vous trouverez ci-dessous le dossier de candidature \u00e0 t\u00e9l\u00e9charger pour une candidature au dispositif Sport-\u00e9tudes Football masculin \u00e0 la rentr\u00e9e 2026. Depuis la rentr\u00e9e de septembre 2024, la section sportive f\u00e9minine n&rsquo;existe plus et est remplac\u00e9e par le Centre de Formation. Le recrutement au Centre de Formation &#8230;<\/p>\n","protected":false},"author":3,"featured_media":0,"parent":19826,"menu_order":1,"comment_status":"closed","ping_status":"closed","template":"","meta":{"footnotes":""},"class_list":["post-88379","page","type-page","status-publish","hentry","column","threecol"],"_links":{"self":[{"href":"https:\/\/www.lyceejeanperrin.fr\/index.php?rest_route=\/wp\/v2\/pages\/88379","targetHints":{"allow":["GET"]}}],"collection":[{"href":"https:\/\/www.lyceejeanperrin.fr\/index.php?rest_route=\/wp\/v2\/pages"}],"about":[{"href":"https:\/\/www.lyceejeanperrin.fr\/index.php?rest_route=\/wp\/v2\/types\/page"}],"author":[{"embeddable":true,"href":"https:\/\/www.lyceejeanperrin.fr\/index.php?rest_route=\/wp\/v2\/users\/3"}],"replies":[{"embeddable":true,"href":"https:\/\/www.lyceejeanperrin.fr\/index.php?rest_route=%2Fwp%2Fv2%2Fcomments&post=88379"}],"version-history":[{"count":18,"href":"https:\/\/www.lyceejeanperrin.fr\/index.php?rest_route=\/wp\/v2\/pages\/88379\/revisions"}],"predecessor-version":[{"id":91345,"href":"https:\/\/www.lyceejeanperrin.fr\/index.php?rest_route=\/wp\/v2\/pages\/88379\/revisions\/91345"}],"up":[{"embeddable":true,"href":"https:\/\/www.lyceejeanperrin.fr\/index.php?rest_route=\/wp\/v2\/pages\/19826"}],"wp:attachment":[{"href":"https:\/\/www.lyceejeanperrin.fr\/index.php?rest_route=%2Fwp%2Fv2%2Fmedia&parent=88379"}],"curies":[{"name":"wp","href":"https:\/\/api.w.org\/{rel}","templated":true}]}}