{"id":88741,"date":"2020-01-30T17:18:15","date_gmt":"2020-01-30T16:18:15","guid":{"rendered":"https:\/\/www.lyceejeanperrin.fr\/?page_id=88741"},"modified":"2026-01-19T11:50:28","modified_gmt":"2026-01-19T10:50:28","slug":"terminale-generale-a-compter-de-la-rentree-2020","status":"publish","type":"page","link":"https:\/\/www.lyceejeanperrin.fr\/?page_id=88741","title":{"rendered":"Terminale G\u00e9n\u00e9rale"},"content":{"rendered":"<p><span style=\"color: #ff0000;\">Plaquette de pr\u00e9sentation Terminale G\u00e9n\u00e9rale :<\/span> <a href=\"https:\/\/www.lyceejeanperrin.fr\/wp-content\/uploads\/2026\/01\/Presentation-classe-de-Terminale-GENERALE.pdf\">Cliquez ICI<\/a><\/p>\n<div class=\"entry-content\">\n<p>La classe de Terminale g\u00e9n\u00e9rale est organis\u00e9e comme suit :<\/p>\n<ul>\n<li>des enseignements communs :\n<ul>\n<li>PAR SEMAINE : <strong>4h<\/strong> de Philosophie \u2013 <strong>3h<\/strong> d\u2019Histoire g\u00e9ographie \u2013 <strong>4h<\/strong> de Langues Vivantes (A et B) \u2013 <strong>2h<\/strong> d\u2019\u00c9ducation Physique et Sportive (E.P.S.) \u2013 <strong>2h<\/strong> d\u2019Enseignement scientifique<\/li>\n<li>PAR AN : 18h d\u2019Enseignement Moral et Civique (E.M.C.) \u2013 de l\u2019Accompagnement Personnalis\u00e9 suivant les besoins de l\u2019\u00e9l\u00e8ve \u2013 de l\u2019Accompagnement au choix de l\u2019orientation et des heures de vie de classe.<\/li>\n<\/ul>\n<\/li>\n<li>2 enseignements de sp\u00e9cialit\u00e9s OBLIGATOIRES parmi les 3 suivis en classe de 1\u00e8re :\n<ul>\n<li><strong>6h<\/strong> d\u2019Histoire-G\u00e9ographie, g\u00e9opolitique et sciences politiques <strong>HGGSP<\/strong><\/li>\n<li><strong>6h<\/strong> d\u2019Humanit\u00e9s, litt\u00e9rature et philosophie <strong>HLP<\/strong><\/li>\n<li><strong>6h<\/strong> de Langues, litt\u00e9rature et cultures \u00e9trang\u00e8res ANGLAIS Litt\u00e9rature <strong>LLCE Anglais<\/strong><\/li>\n<li><strong>6h<\/strong> de Langues, litt\u00e9rature et cultures \u00e9trang\u00e8res ANGLAIS Monde contemporain <strong>AMC<\/strong><\/li>\n<li><strong>6h<\/strong> de Math\u00e9matiques<\/li>\n<li><strong>6h<\/strong> de Num\u00e9rique et sciences informatiques <strong>NSI<\/strong><\/li>\n<li><strong>6h<\/strong> de Physique-Chimie<\/li>\n<li><strong>6h<\/strong> de Sciences de la Vie et de la Terre <strong>SVT<\/strong><\/li>\n<li><strong>6h<\/strong> de Sciences \u00c9conomiques et Sociales <strong>SES<\/strong><\/li>\n<\/ul>\n<\/li>\n<\/ul>\n<p>Contenu des sp\u00e9cialit\u00e9s et liens possibles avec les poursuites d\u2019\u00e9tude sur :<\/p>\n<p><a href=\"https:\/\/www.onisep.fr\/horizons21\">https:\/\/www.onisep.fr\/horizons21<\/a><\/p>\n<p>Les enseignements facultatifs :<\/p>\n<ul>\n<li>la <strong>section europ\u00e9enne<\/strong> anglais est propos\u00e9e au Lyc\u00e9e Jean Perrin (<strong>2h par semaine<\/strong>) : 1h d\u2019anglais renforc\u00e9 et 1h de D.N.L. (Discipline Non Linguistique enseign\u00e9e en anglais) en Histoire-G\u00e9ographie.<\/li>\n<li>les enseignements optionnels facultatifs d\u00e9j\u00e0 suivis en classe de 1\u00e8re (<strong>3h par semaine<\/strong>) :\n<ul>\n<li>3h de Latin ou de Grec<\/li>\n<li>3h de Russe<\/li>\n<li>3h d&rsquo;E.P.S.<\/li>\n<li>3h de Musique<\/li>\n<\/ul>\n<\/li>\n<li>les enseignements optionnels de Terminale (<strong>3h par semaine<\/strong>) &#8211; <strong>1 enseignement optionnel possible<\/strong>\u00a0\u00e0 choisir parmi :\n<ul>\n<li>\u00a0Droits et enjeux du Monde Contemporain<\/li>\n<li>Math\u00e9matiques Expertes (accessible aux \u00e9l\u00e8ves en sp\u00e9cialit\u00e9 Math\u00e9matiques en Terminale)<\/li>\n<li>Math\u00e9matiques Compl\u00e9mentaires (accessible aux \u00e9l\u00e8ves qui n&rsquo;ont pas la sp\u00e9cialit\u00e9 Maths)<\/li>\n<\/ul>\n<\/li>\n<\/ul>\n<p><strong>N.B. : Le Lyc\u00e9e Jean Perrin propose les langues vivantes :<\/strong><\/p>\n<p><strong>Anglais et Allemand (LVA-LVB) \u2013 Espagnol (LVB) \u2013 Russe (LVC)<\/strong><\/p>\n<\/div>\n","protected":false},"excerpt":{"rendered":"<p>Plaquette de pr\u00e9sentation Terminale G\u00e9n\u00e9rale : Cliquez ICI La classe de Terminale g\u00e9n\u00e9rale est organis\u00e9e comme suit : des enseignements communs : PAR SEMAINE : 4h de Philosophie \u2013 3h d\u2019Histoire g\u00e9ographie \u2013 4h de Langues Vivantes (A et B) \u2013 2h d\u2019\u00c9ducation Physique et Sportive (E.P.S.) \u2013 2h d\u2019Enseignement &#8230;<\/p>\n","protected":false},"author":3,"featured_media":0,"parent":19135,"menu_order":2,"comment_status":"closed","ping_status":"closed","template":"","meta":{"footnotes":""},"class_list":["post-88741","page","type-page","status-publish","hentry","column","threecol"],"_links":{"self":[{"href":"https:\/\/www.lyceejeanperrin.fr\/index.php?rest_route=\/wp\/v2\/pages\/88741","targetHints":{"allow":["GET"]}}],"collection":[{"href":"https:\/\/www.lyceejeanperrin.fr\/index.php?rest_route=\/wp\/v2\/pages"}],"about":[{"href":"https:\/\/www.lyceejeanperrin.fr\/index.php?rest_route=\/wp\/v2\/types\/page"}],"author":[{"embeddable":true,"href":"https:\/\/www.lyceejeanperrin.fr\/index.php?rest_route=\/wp\/v2\/users\/3"}],"replies":[{"embeddable":true,"href":"https:\/\/www.lyceejeanperrin.fr\/index.php?rest_route=%2Fwp%2Fv2%2Fcomments&post=88741"}],"version-history":[{"count":3,"href":"https:\/\/www.lyceejeanperrin.fr\/index.php?rest_route=\/wp\/v2\/pages\/88741\/revisions"}],"predecessor-version":[{"id":91389,"href":"https:\/\/www.lyceejeanperrin.fr\/index.php?rest_route=\/wp\/v2\/pages\/88741\/revisions\/91389"}],"up":[{"embeddable":true,"href":"https:\/\/www.lyceejeanperrin.fr\/index.php?rest_route=\/wp\/v2\/pages\/19135"}],"wp:attachment":[{"href":"https:\/\/www.lyceejeanperrin.fr\/index.php?rest_route=%2Fwp%2Fv2%2Fmedia&parent=88741"}],"curies":[{"name":"wp","href":"https:\/\/api.w.org\/{rel}","templated":true}]}}