{"id":88833,"date":"2024-06-10T09:18:23","date_gmt":"2024-06-10T07:18:23","guid":{"rendered":"https:\/\/www.lyceejeanperrin.fr\/?page_id=88833"},"modified":"2025-05-16T19:12:12","modified_gmt":"2025-05-16T17:12:12","slug":"dossier-dinscription-en-1ere","status":"publish","type":"page","link":"https:\/\/www.lyceejeanperrin.fr\/?page_id=88833","title":{"rendered":"DOSSIER D&rsquo;INSCRIPTION PREMI\u00c8RE"},"content":{"rendered":"<p><span style=\"color: #0000ff;\"><span style=\"font-size: 12pt;\"><strong>Votre fils ou votre fille entre en classe de Premi\u00e8re \u00e0 la rentr\u00e9e 2025<\/strong><\/span>.<\/span><\/p>\n<p>Vous devez \u00e0 pr\u00e9sent finaliser l&rsquo;inscription au Lyc\u00e9e Jean Perrin en nous remettant le dossier complet accompagn\u00e9 des pi\u00e8ces \u00e0 joindre <strong>le 2 juillet 2025.<\/strong><\/p>\n<p><span style=\"color: #ff0000;\"><strong>ATTENTION<\/strong> SI VOTRE ENFANT N&rsquo;EST PAS AFFECT\u00c9 AU LYC\u00c9E JEAN PERRIN PAR MONSIEUR L&rsquo;INSPECTEUR D&rsquo;ACAD\u00c9MIE, ALORS SON INSCRIPTION NE POURRA \u00caTRE ACCEPT\u00c9E.<\/span><\/p>\n<p><strong><span style=\"color: #ff0000;\">1 &#8211;\u00a0<span style=\"text-decoration: underline;\">PI\u00c8CES DU DOSSIER \u00c0 T\u00c9L\u00c9CHARGER<\/span>\u00a0:<\/span>\u00a0<span style=\"color: #ff0000;\">cliquez sur les liens ci-dessous<\/span><\/strong><\/p>\n<ul>\n<li><a href=\"https:\/\/www.lyceejeanperrin.fr\/wp-content\/uploads\/2025\/05\/FICHE-DE-VOEUX-PEDAGOGIQUES-PREMIERE.pdf\">Fiche de v\u0153ux p\u00e9dagogiques \u2013 1\u00e8re<\/a> &#8211; <strong>\u00c0 COMPL\u00c9TER, SIGNER, ET \u00c0 RENDRE AU LYC\u00c9E<\/strong><\/li>\n<li><a href=\"https:\/\/www.lyceejeanperrin.fr\/wp-content\/uploads\/2025\/05\/Fiche-de-renseignements-2025-2026.pdf\">Fiche de renseignements<\/a> &#8211; <strong>\u00c0 COMPL\u00c9TER, SIGNER, ET \u00c0 RENDRE AU LYC\u00c9E<\/strong><\/li>\n<li><a href=\"https:\/\/www.lyceejeanperrin.fr\/wp-content\/uploads\/2025\/05\/Fiche-dUrgence-2025.pdf\">Fiche d\u2019urgence<\/a> &#8211; <strong>\u00c0 COMPL\u00c9TER, SIGNER, ET \u00c0 RENDRE AU LYC\u00c9E<\/strong><\/li>\n<li><a href=\"https:\/\/www.lyceejeanperrin.fr\/wp-content\/uploads\/2025\/05\/Dossier-Fonds-Social-2025-2026.pdf\">Dossier Fonds Social<\/a> &#8211; <strong>\u00c0 RENDRE COMPL\u00c9T\u00c9, SIGN\u00c9, AVEC LES PI\u00c8CES DEMAND\u00c9ES ou \u00c0 RENDRE BARR\u00c9 DE LA MENTION \u00ab\u00a0N\u00c9ANT\u00a0\u00bb<br \/>\n<\/strong><\/li>\n<li><a href=\"https:\/\/www.lyceejeanperrin.fr\/wp-content\/uploads\/2025\/05\/Adhesion-MDL.pdf\">Bulletin d&rsquo;adh\u00e9sion \u00e0 la Maison des Lyc\u00e9ens<\/a> &#8211;<strong> \u00c0 RENDRE COMPL\u00c9T\u00c9, SIGN\u00c9, AVEC LE R\u00c8GLEMENT<\/strong><\/li>\n<li><a href=\"https:\/\/www.lyceejeanperrin.fr\/wp-content\/uploads\/2025\/05\/Dossier-dinscription-MODE-DEMPLOI-Nouveaux-eleves.pdf\">Mode d\u2019emploi du dossier d\u2019inscription<\/a> &#8211; <strong>\u00c0 CONSERVER PAR LA FAMILLE<\/strong><\/li>\n<li><a href=\"https:\/\/www.lyceejeanperrin.fr\/wp-content\/uploads\/2025\/05\/FICHE-INFO-LA-RESTAURATION-SCOLAIRE-2025.pdf\">Information sur la restauration<\/a> &#8211; <strong>\u00c0 LIRE ATTENTIVEMENT<\/strong><\/li>\n<li><a href=\"https:\/\/www.lyceejeanperrin.fr\/wp-content\/uploads\/2025\/05\/FICHE-INFO-FONDS-SOCIAUX-2025.pdf\">Information sur le Fonds Social<\/a> &#8211; <strong>\u00c0 LIRE ATTENTIVEMENT <\/strong><\/li>\n<li><a href=\"https:\/\/www.lyceejeanperrin.fr\/wp-content\/uploads\/2025\/05\/FICHE-INFO-BOURSES-2025-2026-1.pdf\">Information sur les Bourses<\/a> <b>&#8211; <\/b><strong>\u00c0 LIRE ATTENTIVEMENT<\/strong><\/li>\n<\/ul>\n<p><strong>Le dossier d&rsquo;inscription pour \u00eatre complet doit comprendre<\/strong><strong> :<\/strong><\/p>\n<ul>\n<li style=\"list-style-type: none;\">\n<ul>\n<li>la <strong>fiche de v\u0153ux p\u00e9dagogiques<\/strong> -1\u00e8re<\/li>\n<li>la <strong>fiche de renseignements<\/strong> (pour les services administratifs et financiers)\u00a0<em><br \/>\n<\/em><\/li>\n<li>le <strong>fiche d&rsquo;urgence<\/strong> (pour l&rsquo;infirmi\u00e8re et la vie scolaire)<\/li>\n<li>le <strong>dossier de Fonds Social<\/strong> (\u00e0 rendre avec les pi\u00e8ces demand\u00e9es ou Barr\u00e9 avec la mention \u00ab\u00a0N\u00e9ant\u00a0\u00bb)<\/li>\n<li>un R.I.B. ou R.I.P. (nom-pr\u00e9nom et classe inscrits au dos) &#8211; <span style=\"color: #0000ff;\"><strong>\u00c0 JOINDRE<\/strong><\/span><\/li>\n<li>un ch\u00e8que de 41 \u20ac (environ 10 repas) &#8211; <span style=\"color: #0000ff;\"><strong>\u00c0 JOINDRE<\/strong> si vous souhaitez d\u00e9jeuner \u00e0 la cantine la 1\u00e8re quinzaine de septembre<\/span><\/li>\n<li><span style=\"color: #ff0000;\"><strong>2 photos<\/strong> <b>r\u00e9centes <\/b><\/span>et avec les<b>\u00a0NOM-<\/b><b>PR\u00c9NOM ET\u00a0<\/b><b>CLASSE DE L\u2019\u00c9L\u00c8VE AU VERSO<\/b> &#8211; <span style=\"color: #0000ff;\"><strong>\u00c0 JOINDRE<\/strong><\/span><\/li>\n<li>une copie de la\u00a0pi\u00e8ce d&rsquo;identit\u00e9 de l&rsquo;\u00e9l\u00e8ve &#8211; <span style=\"color: #0000ff;\"><strong>\u00c0 JOINDRE<\/strong><\/span><\/li>\n<li>un\u00a0justificatif de l&rsquo;autorit\u00e9 parentale pour les \u00e9l\u00e8ves mineurs (livret de famille \/ acte de naissance \/ extrait du jugement de s\u00e9paration \/ etc) &#8211; <span style=\"color: #0000ff;\"><strong>\u00c0 JOINDRE<\/strong><\/span><\/li>\n<li>les bulletins de l&rsquo;ann\u00e9e de 2nde &#8211; <span style=\"color: #0000ff;\"><strong>\u00c0 JOINDRE<\/strong><\/span><\/li>\n<li>Attestation de recensement ou certificat de participation \u00e0 la J.D.C. pour les \u00e9l\u00e8ves de plus de 16 ans et de nationalit\u00e9 fran\u00e7aise\u00a0&#8211; <span style=\"color: #0000ff;\"><strong>\u00c0 JOINDRE<\/strong><\/span><\/li>\n<li>le <a href=\"https:\/\/www.lyceejeanperrin.fr\/wp-content\/uploads\/2025\/05\/Adhesion-MDL.pdf\"><span style=\"color: #800080;\">bulletin d\u2019adh\u00e9sion \u00e0 la M.D.L.<\/span><\/a> si vous souhaitez <span style=\"color: #800080;\"><strong>avec le r\u00e8glement de 5 euros<\/strong><\/span> (Ch\u00e8que \u00e0 l&rsquo;ordre de \u00ab\u00a0La maison des Lyc\u00e9ens du Lyc\u00e9e Jean Perrin de Lambersart\u00a0\u00bb ou esp\u00e8ces)<\/li>\n<\/ul>\n<\/li>\n<\/ul>\n<p><strong>JE VOUS REMERCIE DE VEILLER \u00c0 <span style=\"color: #ff0000;\">\u00c9CRIRE LISIBLEMENT (de pr\u00e9f\u00e9rence en majuscules)<\/span> afin qu&rsquo;il n&rsquo;y ait pas d&rsquo;erreur d&rsquo;interpr\u00e9tation lors de la lecture des documents.<\/strong><\/p>\n<p><strong><span style=\"color: #ff0000;\">2\u00a0&#8211;\u00a0<span style=\"text-decoration: underline;\">RETOUR DES DOSSIERS D&rsquo;INSCRIPTION AU<\/span><span style=\"text-decoration: underline;\">\u00a0<\/span><u>LYC\u00c9E LE 2 JUILLET 2025<\/u><\/span><\/strong><\/p>\n<p><strong>INSCRIPTION EN CLASSE DE PREMIERE GENERALE et PREMIERE S.T.M.G.<\/strong><br \/>\nRetour des dossiers entre 13h30 et 16h30<\/p>\n<p><span style=\"color: #008000;\"><strong>3 &#8211; <span style=\"text-decoration: underline;\">R\u00c9SERVATION DES MANUELS SCOLAIRES<\/span><\/strong><\/span><\/p>\n<p><strong>Les documents relatifs au pr\u00eat des manuels scolaires par les F\u00e9d\u00e9rations de Parents d&rsquo;\u00e9l\u00e8ves sont disponibles dans l&rsquo;onglet <span style=\"color: #008000;\"><a style=\"color: #008000;\" href=\"https:\/\/www.lyceejeanperrin.fr\/?page_id=88875\">\u00ab\u00a0ESPACE PARENTS\u00a0\u00bb-\u00ab\u00a0BOURSE AUX LIVRES\u00a0\u00bb<\/a>.<\/span><\/strong><\/p>\n<p><span style=\"color: #3366ff;\"><b><span style=\"color: #000000;\"> Les f\u00e9d\u00e9rations seront pr\u00e9sentes <\/span><strong><span style=\"color: #000000;\">en<\/span> salle A001<\/strong> <span style=\"color: #000000;\">pour recevoir vos bons de r\u00e9servation<\/span> <strong>le 2 juillet 2025<\/strong>.<\/b><\/span><\/p>\n","protected":false},"excerpt":{"rendered":"<p>Votre fils ou votre fille entre en classe de Premi\u00e8re \u00e0 la rentr\u00e9e 2025. Vous devez \u00e0 pr\u00e9sent finaliser l&rsquo;inscription au Lyc\u00e9e Jean Perrin en nous remettant le dossier complet accompagn\u00e9 des pi\u00e8ces \u00e0 joindre le 2 juillet 2025. ATTENTION SI VOTRE ENFANT N&rsquo;EST PAS AFFECT\u00c9 AU LYC\u00c9E JEAN PERRIN &#8230;<\/p>\n","protected":false},"author":3,"featured_media":0,"parent":89079,"menu_order":2,"comment_status":"closed","ping_status":"closed","template":"","meta":{"footnotes":""},"class_list":["post-88833","page","type-page","status-publish","hentry","column","threecol"],"_links":{"self":[{"href":"https:\/\/www.lyceejeanperrin.fr\/index.php?rest_route=\/wp\/v2\/pages\/88833","targetHints":{"allow":["GET"]}}],"collection":[{"href":"https:\/\/www.lyceejeanperrin.fr\/index.php?rest_route=\/wp\/v2\/pages"}],"about":[{"href":"https:\/\/www.lyceejeanperrin.fr\/index.php?rest_route=\/wp\/v2\/types\/page"}],"author":[{"embeddable":true,"href":"https:\/\/www.lyceejeanperrin.fr\/index.php?rest_route=\/wp\/v2\/users\/3"}],"replies":[{"embeddable":true,"href":"https:\/\/www.lyceejeanperrin.fr\/index.php?rest_route=%2Fwp%2Fv2%2Fcomments&post=88833"}],"version-history":[{"count":23,"href":"https:\/\/www.lyceejeanperrin.fr\/index.php?rest_route=\/wp\/v2\/pages\/88833\/revisions"}],"predecessor-version":[{"id":91183,"href":"https:\/\/www.lyceejeanperrin.fr\/index.php?rest_route=\/wp\/v2\/pages\/88833\/revisions\/91183"}],"up":[{"embeddable":true,"href":"https:\/\/www.lyceejeanperrin.fr\/index.php?rest_route=\/wp\/v2\/pages\/89079"}],"wp:attachment":[{"href":"https:\/\/www.lyceejeanperrin.fr\/index.php?rest_route=%2Fwp%2Fv2%2Fmedia&parent=88833"}],"curies":[{"name":"wp","href":"https:\/\/api.w.org\/{rel}","templated":true}]}}