{"id":88875,"date":"2020-06-05T14:50:43","date_gmt":"2020-06-05T12:50:43","guid":{"rendered":"https:\/\/www.lyceejeanperrin.fr\/?page_id=88875"},"modified":"2025-05-16T16:34:53","modified_gmt":"2025-05-16T14:34:53","slug":"bourse-aux-livres-proposee-par-les-federations-de-parents-deleves","status":"publish","type":"page","link":"https:\/\/www.lyceejeanperrin.fr\/?page_id=88875","title":{"rendered":"BOURSE AUX LIVRES"},"content":{"rendered":"<p>Les F\u00e9d\u00e9rations de Parents d&rsquo;\u00e9l\u00e8ves sont vos repr\u00e9sentants aux diff\u00e9rentes instances du lyc\u00e9e.<br \/>Elles peuvent vous accompagner et vous guider dans la scolarit\u00e9 de votre enfant.<\/p>\n<p>Chaque F\u00e9d\u00e9ration de Parent d&rsquo;\u00e9l\u00e8ves vous <strong>propose le pr\u00eat des manuels scolaires<\/strong> pour l&rsquo;ann\u00e9e scolaire.<\/p>\n<p>Deux F\u00e9d\u00e9rations de Parents d&rsquo;\u00e9l\u00e8ves sont pr\u00e9sentes au Lyc\u00e9e Jean Perrin<\/p>\n<p><img loading=\"lazy\" decoding=\"async\" class=\"alignnone wp-image-88877\" src=\"https:\/\/www.lyceejeanperrin.fr\/wp-content\/uploads\/2020\/06\/FCPE.jpg\" alt=\"FCPE\" width=\"70\" height=\"67\" \/>\u00a0\u00a0 et\u00a0\u00a0 <img loading=\"lazy\" decoding=\"async\" class=\"alignnone wp-image-88876\" src=\"https:\/\/www.lyceejeanperrin.fr\/wp-content\/uploads\/2020\/06\/PEEP.jpg\" alt=\"PEEP\" width=\"131\" height=\"26\" \/><\/p>\n<p style=\"text-align: center;\"><strong>VOUS NE DEVEZ ADH\u00c9RER QU&rsquo;A UNE SEULE F\u00c9D\u00c9RATION<\/strong><\/p>\n<p><span style=\"color: #0000ff;\"><strong>RESTITUTION DES MANUELS<span style=\"color: #0000ff;\"> imp\u00e9rativement <\/span>:<\/strong><\/span><\/p>\n<ul>\n<li><strong><span style=\"color: #0000ff;\">Manuels de SECONDE<\/span> : le 6 juin 2025 de 9h \u00e0 12h et de 13h \u00e0 17h<\/strong><\/li>\n<li><strong><span style=\"color: #0000ff;\">Manuels de PREMI\u00c8RE (G\u00e9n\u00e9rale et STMG)<\/span> : le 5 juin 2025 de 8h15 \u00e0 12h et de 13h \u00e0 17h<\/strong><\/li>\n<li><strong><span style=\"color: #0000ff;\">Manuels de TERMINALE (G\u00e9n\u00e9rale et STMG) <\/span> : le 4 juillet 2025 de 9h \u00e0 12h et de 13h \u00e0 16h<\/strong><\/li>\n<\/ul>\n<p><span style=\"color: #ff0000;\"><strong>LA COMMANDE DES MANUELS<\/strong><\/span> <strong><span style=\"color: #ff0000;\">de 1\u00e8re GENERALE<\/span><\/strong> est programm\u00e9e :<\/p>\n<ul>\n<li><strong>pour les \u00e9l\u00e8ves d\u00e9j\u00e0 au lyc\u00e9e : le<\/strong> <strong>6 juin 2025 de 9h \u00e0 16h30.<\/strong><\/li>\n<li><strong>pour les nouveaux \u00e9l\u00e8ves<\/strong> <strong>entrants en 1\u00e8re : le 2 juillet 2025 de 14h30 \u00e0 16h30.<\/strong><\/li>\n<\/ul>\n<p><span style=\"color: #ff0000;\"><strong>LA COMMANDE DES MANUELS<\/strong> <strong>de 1\u00e8re STMG<\/strong><\/span> est programm\u00e9e le <strong>2 juillet 2025 de 14h30 \u00e0 16h30.<\/strong><\/p>\n<p><span style=\"color: #ff0000;\"><strong>LA COMMANDE DES MANUELS<\/strong> <strong>de 2nde<\/strong><\/span> est programm\u00e9e les <strong>2 juillet 2025 suivant le planning des inscriptions (entre 9h et 12h &#8211; 13h30 et 17h).<\/strong><\/p>\n<p><span style=\"color: #ff0000;\"><strong>LA DISTRIBUTION DES MANUELS<\/strong><\/span> est programm\u00e9e le <strong>jour de la rentr\u00e9e scolaire 1er septembre 2025.<\/strong><\/p>\n<p>Vous pouvez t\u00e9l\u00e9charger les documents de r\u00e9servation des livres\u00a0en cliquant sur les liens ci-dessous :<\/p>\n<p><a href=\"https:\/\/www.lyceejeanperrin.fr\/wp-content\/uploads\/2025\/05\/PEEP-Bon-de-commande-seconde-2025-2026.pdf\">Bon de commande 2nde<\/a> <a href=\"https:\/\/www.lyceejeanperrin.fr\/wp-content\/uploads\/2025\/05\/PEEP-Bon-de-commande-seconde-2025-2026.pdf\"><img loading=\"lazy\" decoding=\"async\" class=\"alignnone wp-image-88876\" src=\"https:\/\/www.lyceejeanperrin.fr\/wp-content\/uploads\/2020\/06\/PEEP.jpg\" alt=\"PEEP\" width=\"55\" height=\"11\" \/><\/a>\u00a0\u00a0\u00a0 ou \u00a0\u00a0\u00a0\u00a0 <a href=\"https:\/\/www.lyceejeanperrin.fr\/wp-content\/uploads\/2025\/05\/FCPE-Bon-de-commande-SECONDE-2025-2026.pdf\">Bon de commande 2nde<\/a> <a href=\"https:\/\/www.lyceejeanperrin.fr\/wp-content\/uploads\/2025\/05\/FCPE-Bon-de-commande-SECONDE-2025-2026.pdf\"><img loading=\"lazy\" decoding=\"async\" class=\"alignnone wp-image-88877\" src=\"https:\/\/www.lyceejeanperrin.fr\/wp-content\/uploads\/2020\/06\/FCPE.jpg\" alt=\"FCPE\" width=\"36\" height=\"34\" \/><\/a><\/p>\n<p><a href=\"https:\/\/www.lyceejeanperrin.fr\/wp-content\/uploads\/2025\/05\/PEEP-Bon-de-commande-premiere-2025-2026.pdf\">Bon de commande 1\u00e8re<\/a> <a href=\"https:\/\/www.lyceejeanperrin.fr\/wp-content\/uploads\/2025\/05\/PEEP-Bon-de-commande-premiere-2025-2026.pdf\"><img loading=\"lazy\" decoding=\"async\" class=\"alignnone wp-image-88876\" src=\"https:\/\/www.lyceejeanperrin.fr\/wp-content\/uploads\/2020\/06\/PEEP.jpg\" alt=\"PEEP\" width=\"55\" height=\"11\" \/><\/a>\u00a0 \u00a0 \u00a0 \u00a0 \u00a0 \u00a0 ou \u00a0\u00a0\u00a0\u00a0 <a href=\"https:\/\/www.lyceejeanperrin.fr\/wp-content\/uploads\/2025\/05\/FCPE-Bon-de-commande-PREMIERE-GENERALE-2025-2026-1.pdf\">Bon de commande 1\u00e8re G\u00e9n\u00e9rale<\/a> <a href=\"https:\/\/www.lyceejeanperrin.fr\/wp-content\/uploads\/2025\/05\/FCPE-Bon-de-commande-PREMIERE-GENERALE-2025-2026-1.pdf\"><img loading=\"lazy\" decoding=\"async\" class=\"alignnone wp-image-88877\" src=\"https:\/\/www.lyceejeanperrin.fr\/wp-content\/uploads\/2020\/06\/FCPE.jpg\" alt=\"FCPE\" width=\"36\" height=\"34\" \/><\/a><\/p>\n<p style=\"text-align: right;\"><a href=\"https:\/\/www.lyceejeanperrin.fr\/wp-content\/uploads\/2025\/05\/FCPE-Bon-de-commande-PREMIERE-STMG-2025-2026.pdf\">Bon de commande 1\u00e8re STMG<\/a> <a href=\"https:\/\/www.lyceejeanperrin.fr\/wp-content\/uploads\/2025\/05\/FCPE-Bon-de-commande-PREMIERE-STMG-2025-2026.pdf\"><img loading=\"lazy\" decoding=\"async\" class=\"alignnone wp-image-88877\" src=\"https:\/\/www.lyceejeanperrin.fr\/wp-content\/uploads\/2020\/06\/FCPE.jpg\" alt=\"FCPE\" width=\"36\" height=\"34\" \/><\/a><\/p>\n<p><a href=\"https:\/\/www.lyceejeanperrin.fr\/wp-content\/uploads\/2025\/05\/PEEP-Bon-de-commande-terminale-2025-2026.pdf\">Bon de commande Terminale<\/a> <a href=\"https:\/\/www.lyceejeanperrin.fr\/wp-content\/uploads\/2025\/05\/PEEP-Bon-de-commande-terminale-2025-2026.pdf\"><img loading=\"lazy\" decoding=\"async\" class=\"alignnone wp-image-88876\" src=\"https:\/\/www.lyceejeanperrin.fr\/wp-content\/uploads\/2020\/06\/PEEP.jpg\" alt=\"PEEP\" width=\"55\" height=\"11\" \/><\/a> \u00a0 ou \u00a0\u00a0\u00a0\u00a0 <a href=\"https:\/\/www.lyceejeanperrin.fr\/wp-content\/uploads\/2025\/05\/FCPE-Bon-de-commande-TERMINALE-GENERALE-2025-2026.pdf\">Bon de commande Terminale G\u00e9n\u00e9rale<\/a> <a href=\"https:\/\/www.lyceejeanperrin.fr\/wp-content\/uploads\/2025\/05\/FCPE-Bon-de-commande-TERMINALE-GENERALE-2025-2026.pdf\"><img loading=\"lazy\" decoding=\"async\" class=\"alignnone wp-image-88877\" src=\"https:\/\/www.lyceejeanperrin.fr\/wp-content\/uploads\/2020\/06\/FCPE.jpg\" alt=\"FCPE\" width=\"36\" height=\"34\" \/><\/a><\/p>\n<p style=\"text-align: right;\"><a href=\"https:\/\/www.lyceejeanperrin.fr\/wp-content\/uploads\/2025\/05\/FCPE-Bon-de-commande-TERMINALE-STMG-2025-2026.pdf\">Bon de commande Terminale STMG<\/a> <a href=\"https:\/\/www.lyceejeanperrin.fr\/wp-content\/uploads\/2025\/05\/FCPE-Bon-de-commande-TERMINALE-STMG-2025-2026.pdf\"><img loading=\"lazy\" decoding=\"async\" class=\"alignnone wp-image-88877\" src=\"https:\/\/www.lyceejeanperrin.fr\/wp-content\/uploads\/2020\/06\/FCPE.jpg\" alt=\"FCPE\" width=\"36\" height=\"34\" \/><\/a><\/p>\n<p style=\"text-align: center;\"><strong>Restitution des manuels et d\u00e9p\u00f4t de votre adh\u00e9sion aux F\u00e9d\u00e9rations pour l&rsquo;ann\u00e9e prochaine <\/strong><\/p>\n<p style=\"text-align: center;\"><strong>lors du d\u00e9p\u00f4t des dossiers d\u2019inscription au Lyc\u00e9e. <\/strong><\/p>\n<p style=\"text-align: center;\"><strong><span style=\"background-color: #0000ff; color: #ffffff;\">MERCI DE PR\u00c9VOIR UNE ENVELOPPE DISTINCTE DE CELLE PR\u00c9VUE POUR<\/span><\/strong><strong><span style=\"background-color: #0000ff; color: #ffffff;\"> LE DOSSIER D&rsquo;INSCRIPTION <\/span><br \/><\/strong><\/p>\n<p>Vous devez pr\u00e9voir 3 ch\u00e8ques :<\/p>\n<ul>\n<li>1 pour la cotisation \u00e0 la F\u00e9d\u00e9ration choisie<\/li>\n<li>1 pour le d\u00e9p\u00f4t de garantie (restitu\u00e9 quand vous rendez les manuels)<\/li>\n<li>1 pour la location (qui vous sera rendu si vous payez avec la carte g\u00e9n\u00e9ration H.D.F.)<\/li>\n<\/ul>\n<p style=\"text-align: center;\"><strong>La permanence des F\u00e9d\u00e9rations pour les adh\u00e9sions et les retours des manuels aura lieu en salle A001.<\/strong><\/p>\n<p>En cas de probl\u00e8me, contactez les F\u00e9d\u00e9rations de Parents d&rsquo;\u00e9l\u00e8ves par t\u00e9l\u00e9phone\u00a0 :<\/p>\n<p><img loading=\"lazy\" decoding=\"async\" class=\"alignnone wp-image-88877\" src=\"https:\/\/www.lyceejeanperrin.fr\/wp-content\/uploads\/2020\/06\/FCPE.jpg\" alt=\"FCPE\" width=\"36\" height=\"34\" \/> <strong>06.13.56.52.79<\/strong>\u00a0\u00a0\u00a0 \u00a0\u00a0 <img loading=\"lazy\" decoding=\"async\" class=\"alignnone wp-image-88876\" src=\"https:\/\/www.lyceejeanperrin.fr\/wp-content\/uploads\/2020\/06\/PEEP.jpg\" alt=\"PEEP\" width=\"70\" height=\"14\" \/> <strong>06.50.53.11.44<\/strong><\/p>\n<p>ou par mail :<\/p>\n<p><img loading=\"lazy\" decoding=\"async\" class=\"alignnone wp-image-88877\" src=\"https:\/\/www.lyceejeanperrin.fr\/wp-content\/uploads\/2020\/06\/FCPE.jpg\" alt=\"FCPE\" width=\"36\" height=\"34\" \/>\u00a0\u00a0 <strong>presidentfcpejeanperrin@gmail.com<\/strong><\/p>\n<p><img loading=\"lazy\" decoding=\"async\" class=\"alignnone wp-image-88876\" src=\"https:\/\/www.lyceejeanperrin.fr\/wp-content\/uploads\/2020\/06\/PEEP.jpg\" alt=\"PEEP\" width=\"75\" height=\"15\" \/>\u00a0 <strong>peeplyceejeanperrin@gmail.com<\/strong><\/p>\n<p>A NOTER : Si vous souhaitez des renseignements sur la carte G\u00c9N\u00c9RATION HAUTS DE FRANCE, qui peut vous permettre de financer la location des manuels suivez ce lien : <a href=\"https:\/\/generation.hautsdefrance.fr\/carte-generation-hdf\/\">https:\/\/generation.hautsdefrance.fr\/carte-generation-hdf\/<\/a><\/p>\n\n\n<p><\/p>\n","protected":false},"excerpt":{"rendered":"<p>Les F\u00e9d\u00e9rations de Parents d&rsquo;\u00e9l\u00e8ves sont vos repr\u00e9sentants aux diff\u00e9rentes instances du lyc\u00e9e.Elles peuvent vous accompagner et vous guider dans la scolarit\u00e9 de votre enfant. Chaque F\u00e9d\u00e9ration de Parent d&rsquo;\u00e9l\u00e8ves vous propose le pr\u00eat des manuels scolaires pour l&rsquo;ann\u00e9e scolaire. Deux F\u00e9d\u00e9rations de Parents d&rsquo;\u00e9l\u00e8ves sont pr\u00e9sentes au Lyc\u00e9e Jean &#8230;<\/p>\n","protected":false},"author":3,"featured_media":0,"parent":87633,"menu_order":3,"comment_status":"closed","ping_status":"closed","template":"","meta":{"footnotes":""},"class_list":["post-88875","page","type-page","status-publish","hentry","column","threecol"],"_links":{"self":[{"href":"https:\/\/www.lyceejeanperrin.fr\/index.php?rest_route=\/wp\/v2\/pages\/88875","targetHints":{"allow":["GET"]}}],"collection":[{"href":"https:\/\/www.lyceejeanperrin.fr\/index.php?rest_route=\/wp\/v2\/pages"}],"about":[{"href":"https:\/\/www.lyceejeanperrin.fr\/index.php?rest_route=\/wp\/v2\/types\/page"}],"author":[{"embeddable":true,"href":"https:\/\/www.lyceejeanperrin.fr\/index.php?rest_route=\/wp\/v2\/users\/3"}],"replies":[{"embeddable":true,"href":"https:\/\/www.lyceejeanperrin.fr\/index.php?rest_route=%2Fwp%2Fv2%2Fcomments&post=88875"}],"version-history":[{"count":34,"href":"https:\/\/www.lyceejeanperrin.fr\/index.php?rest_route=\/wp\/v2\/pages\/88875\/revisions"}],"predecessor-version":[{"id":91171,"href":"https:\/\/www.lyceejeanperrin.fr\/index.php?rest_route=\/wp\/v2\/pages\/88875\/revisions\/91171"}],"up":[{"embeddable":true,"href":"https:\/\/www.lyceejeanperrin.fr\/index.php?rest_route=\/wp\/v2\/pages\/87633"}],"wp:attachment":[{"href":"https:\/\/www.lyceejeanperrin.fr\/index.php?rest_route=%2Fwp%2Fv2%2Fmedia&parent=88875"}],"curies":[{"name":"wp","href":"https:\/\/api.w.org\/{rel}","templated":true}]}}