{"id":88946,"date":"2020-06-08T20:08:25","date_gmt":"2020-06-08T18:08:25","guid":{"rendered":"https:\/\/www.lyceejeanperrin.fr\/?page_id=88946"},"modified":"2025-06-12T10:49:49","modified_gmt":"2025-06-12T08:49:49","slug":"carte-generation-hauts-de-france","status":"publish","type":"page","link":"https:\/\/www.lyceejeanperrin.fr\/?page_id=88946","title":{"rendered":"CARTE G\u00c9N\u00c9RATION H.D.F."},"content":{"rendered":"<p><a href=\"https:\/\/generation.hautsdefrance.fr\/carte-generation-hdf\/\"><img loading=\"lazy\" decoding=\"async\" class=\"img-fluid d-none d-lg-block alignnone\" src=\"https:\/\/generation.hautsdefrance.fr\/wp-content\/themes\/generation2019\/img\/carte-hdf-2019-600.png\" alt=\"\" width=\"600\" height=\"393\" \/><br \/>\n<\/a><\/p>\n<h3><strong>Pour l&rsquo;ann\u00e9e scolaire 2025\/2026, les inscriptions pour les nouveaux lyc\u00e9ens peuvent \u00eatre r\u00e9alis\u00e9es \u00e0 partir du 2 juillet 2025.<\/strong><\/h3>\n<h3><strong>Nous vous conseillons vivement de faire cette inscription avant le 9 juillet dernier d\u00e9lai si vous envisagez d&rsquo;obtenir votre carte pour la rentr\u00e9e.<\/strong><\/h3>\n","protected":false},"excerpt":{"rendered":"<p>Pour l&rsquo;ann\u00e9e scolaire 2025\/2026, les inscriptions pour les nouveaux lyc\u00e9ens peuvent \u00eatre r\u00e9alis\u00e9es \u00e0 partir du 2 juillet 2025. Nous vous conseillons vivement de faire cette inscription avant le 9 juillet dernier d\u00e9lai si vous envisagez d&rsquo;obtenir votre carte pour la rentr\u00e9e.<\/p>\n","protected":false},"author":3,"featured_media":0,"parent":90548,"menu_order":3,"comment_status":"closed","ping_status":"closed","template":"","meta":{"footnotes":""},"class_list":["post-88946","page","type-page","status-publish","hentry","column","threecol"],"_links":{"self":[{"href":"https:\/\/www.lyceejeanperrin.fr\/index.php?rest_route=\/wp\/v2\/pages\/88946","targetHints":{"allow":["GET"]}}],"collection":[{"href":"https:\/\/www.lyceejeanperrin.fr\/index.php?rest_route=\/wp\/v2\/pages"}],"about":[{"href":"https:\/\/www.lyceejeanperrin.fr\/index.php?rest_route=\/wp\/v2\/types\/page"}],"author":[{"embeddable":true,"href":"https:\/\/www.lyceejeanperrin.fr\/index.php?rest_route=\/wp\/v2\/users\/3"}],"replies":[{"embeddable":true,"href":"https:\/\/www.lyceejeanperrin.fr\/index.php?rest_route=%2Fwp%2Fv2%2Fcomments&post=88946"}],"version-history":[{"count":7,"href":"https:\/\/www.lyceejeanperrin.fr\/index.php?rest_route=\/wp\/v2\/pages\/88946\/revisions"}],"predecessor-version":[{"id":91190,"href":"https:\/\/www.lyceejeanperrin.fr\/index.php?rest_route=\/wp\/v2\/pages\/88946\/revisions\/91190"}],"up":[{"embeddable":true,"href":"https:\/\/www.lyceejeanperrin.fr\/index.php?rest_route=\/wp\/v2\/pages\/90548"}],"wp:attachment":[{"href":"https:\/\/www.lyceejeanperrin.fr\/index.php?rest_route=%2Fwp%2Fv2%2Fmedia&parent=88946"}],"curies":[{"name":"wp","href":"https:\/\/api.w.org\/{rel}","templated":true}]}}