{"id":89009,"date":"2020-06-10T18:06:56","date_gmt":"2020-06-10T16:06:56","guid":{"rendered":"https:\/\/www.lyceejeanperrin.fr\/?page_id=89009"},"modified":"2023-04-12T16:18:19","modified_gmt":"2023-04-12T14:18:19","slug":"transports","status":"publish","type":"page","link":"https:\/\/www.lyceejeanperrin.fr\/?page_id=89009","title":{"rendered":"TRANSPORTS SCOLAIRES"},"content":{"rendered":"<p><img loading=\"lazy\" decoding=\"async\" class=\"alignnone wp-image-89010\" src=\"https:\/\/www.lyceejeanperrin.fr\/wp-content\/uploads\/2020\/06\/LOGO-Ilevia.png\" alt=\"LOGO Il\u00e9via\" width=\"243\" height=\"69\" srcset=\"https:\/\/www.lyceejeanperrin.fr\/wp-content\/uploads\/2020\/06\/LOGO-Ilevia.png 376w, https:\/\/www.lyceejeanperrin.fr\/wp-content\/uploads\/2020\/06\/LOGO-Ilevia-300x85.png 300w, https:\/\/www.lyceejeanperrin.fr\/wp-content\/uploads\/2020\/06\/LOGO-Ilevia-332x94.png 332w\" sizes=\"auto, (max-width: 243px) 100vw, 243px\" \/> Depuis janvier 2022, les jeunes de moins de 18 ans habitant la M\u00e9tropole Europ\u00e9enne de Lille peuvent circuler gratuitement s&rsquo;ils sont munis de leur carte PASS PASS personnelle.<\/p>\n<p>Pour conna\u00eetre les d\u00e9marches \u00e0 suivre ou plus d&rsquo;informations, je vous invite \u00e0 <a href=\"https:\/\/www.ilevia.fr\/fr\/accueil\/294-titre-moins-de-18-ans.html\">CLIQUER ICI<\/a><\/p>\n<p><img loading=\"lazy\" decoding=\"async\" class=\"alignnone wp-image-89010\" src=\"https:\/\/www.lyceejeanperrin.fr\/wp-content\/uploads\/2020\/06\/LOGO-Ilevia.png\" alt=\"LOGO Il\u00e9via\" width=\"243\" height=\"69\" srcset=\"https:\/\/www.lyceejeanperrin.fr\/wp-content\/uploads\/2020\/06\/LOGO-Ilevia.png 376w, https:\/\/www.lyceejeanperrin.fr\/wp-content\/uploads\/2020\/06\/LOGO-Ilevia-300x85.png 300w, https:\/\/www.lyceejeanperrin.fr\/wp-content\/uploads\/2020\/06\/LOGO-Ilevia-332x94.png 332w\" sizes=\"auto, (max-width: 243px) 100vw, 243px\" \/> propose des offres pour les 18-25 ans (abonnements permanent, 10 mois, mensuel et des titres de transport unitaire <strong>pour tous les lyc\u00e9ens majeurs et \u00e9tudiants et lyc\u00e9ens Hors MEL<\/strong>. Vous trouverez tous les renseignements n\u00e9cessaires <a href=\"https:\/\/www.ilevia.fr\/fr\/16-les-offres-4-25-ans\">EN CLIQUANT ICI<\/a><\/p>\n<p>Si vous souhaitez savoir quel transport en commun utiliser depuis chez vous, vous pouvez\u00a0 <a href=\"https:\/\/www.ilevia.fr\/cms\/institutionnel\/se-deplacer\/\">PR\u00c9PARER VOTRE ITIN\u00c9RAIRE ICI<\/a> \u00a0 (adresse du Lyc\u00e9e : 2 avenue Sakharov LAMBERSART)<\/p>\n<p><strong>A NOTER<\/strong> : Les lyc\u00e9ens peuvent demander l&rsquo;aide du <a href=\"https:\/\/www.lyceejeanperrin.fr\/?page_id=90502\">Fonds Social<\/a> en cas de difficult\u00e9 pour financer leur abonnement.<\/p>\n<p>La R\u00e9gion Hauts de France <img loading=\"lazy\" decoding=\"async\" class=\"alignnone wp-image-89016\" src=\"https:\/\/www.lyceejeanperrin.fr\/wp-content\/uploads\/2020\/06\/LOGO-HDF.png\" alt=\"LOGO HDF\" width=\"66\" height=\"62\" \/> offre la gratuit\u00e9 des transports scolaires <strong>aux \u00e9l\u00e8ves qui r\u00e9pondent \u00e0 certaines conditions<\/strong> (avoir une distance sup\u00e9rieure ou \u00e9gale \u00e0 3 km \u00e0 parcourir entre son domicile et son \u00e9tablissement scolaire &#8211; ne pas \u00eatre \u00e0 la fois domicili\u00e9 et scolaris\u00e9 au sein de l&rsquo;agglom\u00e9ration Lilloise &#8211; etc). Pour plus d&rsquo;informations suivez <a href=\"https:\/\/transports.hautsdefrance.fr\/transport-scolaire\/\">CE LIEN<\/a>.<\/p>\n<p><em>Pour les \u00e9l\u00e8ves internes, la demande de transport doit \u00eatre faite dans la R\u00e9gion dans laquelle vous r\u00e9sidez.<\/em><\/p>\n<p>La prise en charge du transport des <strong>\u00e9l\u00e8ves en situation de handicap<\/strong> doit \u00eatre demand\u00e9e aupr\u00e8s des D\u00e9partements :<\/p>\n<p><img loading=\"lazy\" decoding=\"async\" class=\"alignnone wp-image-89018\" src=\"https:\/\/www.lyceejeanperrin.fr\/wp-content\/uploads\/2020\/06\/LODO-CDG59-1.png\" alt=\"LODO CDG59\" width=\"75\" height=\"30\" \/> Pour le Nord, vous trouverez des informations en <a href=\"https:\/\/transportscolaire-handicap.lenord.fr\/\">CLIQUANT ICI<\/a><\/p>\n<p><img loading=\"lazy\" decoding=\"async\" class=\"alignnone wp-image-89021\" src=\"https:\/\/www.lyceejeanperrin.fr\/wp-content\/uploads\/2020\/06\/LOGO-CDG62.png\" alt=\"LOGO CDG62\" width=\"102\" height=\"31\" srcset=\"https:\/\/www.lyceejeanperrin.fr\/wp-content\/uploads\/2020\/06\/LOGO-CDG62.png 433w, https:\/\/www.lyceejeanperrin.fr\/wp-content\/uploads\/2020\/06\/LOGO-CDG62-300x91.png 300w, https:\/\/www.lyceejeanperrin.fr\/wp-content\/uploads\/2020\/06\/LOGO-CDG62-332x100.png 332w\" sizes=\"auto, (max-width: 102px) 100vw, 102px\" \/>\u00a0 Pour le Pas-de-Calais, vous trouverez des informations en <a href=\"https:\/\/www.pasdecalais.fr\/Solidarite-Sante\/Personnes-en-situation-de-handicap\/Transport-des-eleves-ou-etudiants-en-situation-de-handicap\">CLIQUANT ICI<\/a><\/p>\n","protected":false},"excerpt":{"rendered":"<p>Depuis janvier 2022, les jeunes de moins de 18 ans habitant la M\u00e9tropole Europ\u00e9enne de Lille peuvent circuler gratuitement s&rsquo;ils sont munis de leur carte PASS PASS personnelle. Pour conna\u00eetre les d\u00e9marches \u00e0 suivre ou plus d&rsquo;informations, je vous invite \u00e0 CLIQUER ICI propose des offres pour les 18-25 ans &#8230;<\/p>\n","protected":false},"author":3,"featured_media":0,"parent":90548,"menu_order":5,"comment_status":"closed","ping_status":"closed","template":"","meta":{"footnotes":""},"class_list":["post-89009","page","type-page","status-publish","hentry","column","threecol"],"_links":{"self":[{"href":"https:\/\/www.lyceejeanperrin.fr\/index.php?rest_route=\/wp\/v2\/pages\/89009","targetHints":{"allow":["GET"]}}],"collection":[{"href":"https:\/\/www.lyceejeanperrin.fr\/index.php?rest_route=\/wp\/v2\/pages"}],"about":[{"href":"https:\/\/www.lyceejeanperrin.fr\/index.php?rest_route=\/wp\/v2\/types\/page"}],"author":[{"embeddable":true,"href":"https:\/\/www.lyceejeanperrin.fr\/index.php?rest_route=\/wp\/v2\/users\/3"}],"replies":[{"embeddable":true,"href":"https:\/\/www.lyceejeanperrin.fr\/index.php?rest_route=%2Fwp%2Fv2%2Fcomments&post=89009"}],"version-history":[{"count":6,"href":"https:\/\/www.lyceejeanperrin.fr\/index.php?rest_route=\/wp\/v2\/pages\/89009\/revisions"}],"predecessor-version":[{"id":90547,"href":"https:\/\/www.lyceejeanperrin.fr\/index.php?rest_route=\/wp\/v2\/pages\/89009\/revisions\/90547"}],"up":[{"embeddable":true,"href":"https:\/\/www.lyceejeanperrin.fr\/index.php?rest_route=\/wp\/v2\/pages\/90548"}],"wp:attachment":[{"href":"https:\/\/www.lyceejeanperrin.fr\/index.php?rest_route=%2Fwp%2Fv2%2Fmedia&parent=89009"}],"curies":[{"name":"wp","href":"https:\/\/api.w.org\/{rel}","templated":true}]}}