{"id":89031,"date":"2020-06-15T17:13:58","date_gmt":"2020-06-15T15:13:58","guid":{"rendered":"https:\/\/www.lyceejeanperrin.fr\/?page_id=89031"},"modified":"2026-01-22T09:17:10","modified_gmt":"2026-01-22T08:17:10","slug":"option-e-p-s","status":"publish","type":"page","link":"https:\/\/www.lyceejeanperrin.fr\/?page_id=89031","title":{"rendered":"Option E.P.S."},"content":{"rendered":"<p style=\"text-align: justify;\"><span style=\"color: #333399;\">L&rsquo;enseignement optionnel E.P.S. est propos\u00e9 au lyc\u00e9e Jean Perrin de LAMBERSART.<\/span><\/p>\n<p style=\"text-align: justify;\"><span style=\"color: #333399;\">Cette option s&rsquo;adresse \u00e0 tout \u00e9l\u00e8ve d\u00e9sireux de r\u00e9fl\u00e9chir et d&rsquo;approfondir ses connaissances du monde sportif et de ses relations \u00e0 la soci\u00e9t\u00e9.<\/span><\/p>\n<p style=\"text-align: justify;\"><span style=\"color: #333399;\">Vous trouverez la <a href=\"https:\/\/www.lyceejeanperrin.fr\/wp-content\/uploads\/2026\/01\/Plaquette-de-presentation-OPTION-EPS.pdf\"><span style=\"color: #ff6600;\">fiche de pr\u00e9sentation ICI<\/span> <\/a><\/span><\/p>\n<p style=\"text-align: justify;\"><span style=\"color: #333399;\"><strong>Vous joindrez obligatoirement une lettre de motivation r\u00e9dig\u00e9e par l&rsquo;\u00e9l\u00e8ve au dossier d&rsquo;inscription<\/strong>.<\/span><\/p>\n\n\n<p><\/p>\n","protected":false},"excerpt":{"rendered":"<p>L&rsquo;enseignement optionnel E.P.S. est propos\u00e9 au lyc\u00e9e Jean Perrin de LAMBERSART. Cette option s&rsquo;adresse \u00e0 tout \u00e9l\u00e8ve d\u00e9sireux de r\u00e9fl\u00e9chir et d&rsquo;approfondir ses connaissances du monde sportif et de ses relations \u00e0 la soci\u00e9t\u00e9. Vous trouverez la fiche de pr\u00e9sentation ICI Vous joindrez obligatoirement une lettre de motivation r\u00e9dig\u00e9e par &#8230;<\/p>\n","protected":false},"author":3,"featured_media":0,"parent":89470,"menu_order":6,"comment_status":"closed","ping_status":"closed","template":"","meta":{"footnotes":""},"class_list":["post-89031","page","type-page","status-publish","hentry","column","threecol"],"_links":{"self":[{"href":"https:\/\/www.lyceejeanperrin.fr\/index.php?rest_route=\/wp\/v2\/pages\/89031","targetHints":{"allow":["GET"]}}],"collection":[{"href":"https:\/\/www.lyceejeanperrin.fr\/index.php?rest_route=\/wp\/v2\/pages"}],"about":[{"href":"https:\/\/www.lyceejeanperrin.fr\/index.php?rest_route=\/wp\/v2\/types\/page"}],"author":[{"embeddable":true,"href":"https:\/\/www.lyceejeanperrin.fr\/index.php?rest_route=\/wp\/v2\/users\/3"}],"replies":[{"embeddable":true,"href":"https:\/\/www.lyceejeanperrin.fr\/index.php?rest_route=%2Fwp%2Fv2%2Fcomments&post=89031"}],"version-history":[{"count":6,"href":"https:\/\/www.lyceejeanperrin.fr\/index.php?rest_route=\/wp\/v2\/pages\/89031\/revisions"}],"predecessor-version":[{"id":91412,"href":"https:\/\/www.lyceejeanperrin.fr\/index.php?rest_route=\/wp\/v2\/pages\/89031\/revisions\/91412"}],"up":[{"embeddable":true,"href":"https:\/\/www.lyceejeanperrin.fr\/index.php?rest_route=\/wp\/v2\/pages\/89470"}],"wp:attachment":[{"href":"https:\/\/www.lyceejeanperrin.fr\/index.php?rest_route=%2Fwp%2Fv2%2Fmedia&parent=89031"}],"curies":[{"name":"wp","href":"https:\/\/api.w.org\/{rel}","templated":true}]}}