{"id":89064,"date":"2020-06-17T15:48:15","date_gmt":"2020-06-17T13:48:15","guid":{"rendered":""},"modified":"2026-01-19T14:21:34","modified_gmt":"2026-01-19T13:21:34","slug":"section-europeenne-allemand","status":"publish","type":"page","link":"https:\/\/www.lyceejeanperrin.fr\/?page_id=89064","title":{"rendered":"Section Europ\u00e9enne Allemand"},"content":{"rendered":"<p><img loading=\"lazy\" decoding=\"async\" class=\"alignnone size-full wp-image-89058\" src=\"https:\/\/www.lyceejeanperrin.fr\/wp-content\/uploads\/2020\/06\/ALLEMAND.png\" alt=\"ALLEMAND\" width=\"284\" height=\"178\" \/><\/p>\n<p>Plaquette de pr\u00e9sentation : <a href=\"https:\/\/www.lyceejeanperrin.fr\/wp-content\/uploads\/2026\/01\/Plaquette-de-presentation-Section-Europeenne-Allemand.pdf\">SECTION EUROP\u00c9ENNE ALLEMAND<\/a><\/p>\n<p style=\"text-align: justify;\">La section Europ\u00e9enne Allemand propose \u00e0 des\u00a0\u00e9l\u00e8ves ayant une aptitude\u00a0et une r\u00e9elle motivation pour l&rsquo;apprentissage de l&rsquo;Allemand de d\u00e9velopper leurs comp\u00e9tences linguistiques et leur connaissance de la culture des pays germaniques.<\/p>\n<p style=\"text-align: justify;\">Au lyc\u00e9e, la section europ\u00e9enne vise un niveau proche du bilinguisme.<\/p>\n<p style=\"text-align: justify;\">La section propose :<\/p>\n<ul style=\"text-align: justify;\">\n<li>un horaire d&rsquo;enseignement linguistique renforc\u00e9 en allemand (3 heures\/semaine) ;<\/li>\n<li>1 h hebdomadaire en discipline non linguistiques (DNL), les Math\u00e9matiques en langue allemande ;<\/li>\n<li>des activit\u00e9s culturelles et d&rsquo;\u00e9changes internationaux dans le cadre du projet d&rsquo;\u00e9tablissement.<\/li>\n<\/ul>\n<p style=\"text-align: justify;\">Une scolarit\u00e9 en section europ\u00e9enne permet l&rsquo;obtention de l&rsquo;indication \u00ab section europ\u00e9enne \u00bb suivie de la d\u00e9signation de la langue sur le dipl\u00f4me du baccalaur\u00e9at.<\/p>\n<p style=\"text-align: justify;\">Au lyc\u00e9e Jean Perrin, la section europ\u00e9enne est propos\u00e9e pour un cursus de 3 ans, de la 2nde \u00e0 la Terminale.<\/p>\n<p style=\"text-align: justify;\"><strong>Pour candidater, l&rsquo;\u00e9l\u00e8ve doit solliciter\u00a0en fin de 3\u00e8me son affectation par Monsieur l&rsquo;Inspecteur d&rsquo;Acad\u00e9mie en 2nde GT Section Europ\u00e9enne Allemand.<br \/>\n<\/strong><\/p>\n<p style=\"text-align: justify;\">\n","protected":false},"excerpt":{"rendered":"<p>Plaquette de pr\u00e9sentation : SECTION EUROP\u00c9ENNE ALLEMAND La section Europ\u00e9enne Allemand propose \u00e0 des\u00a0\u00e9l\u00e8ves ayant une aptitude\u00a0et une r\u00e9elle motivation pour l&rsquo;apprentissage de l&rsquo;Allemand de d\u00e9velopper leurs comp\u00e9tences linguistiques et leur connaissance de la culture des pays germaniques. Au lyc\u00e9e, la section europ\u00e9enne vise un niveau proche du bilinguisme. La &#8230;<\/p>\n","protected":false},"author":3,"featured_media":0,"parent":89470,"menu_order":2,"comment_status":"closed","ping_status":"closed","template":"","meta":{"footnotes":""},"class_list":["post-89064","page","type-page","status-publish","hentry","column","threecol"],"_links":{"self":[{"href":"https:\/\/www.lyceejeanperrin.fr\/index.php?rest_route=\/wp\/v2\/pages\/89064","targetHints":{"allow":["GET"]}}],"collection":[{"href":"https:\/\/www.lyceejeanperrin.fr\/index.php?rest_route=\/wp\/v2\/pages"}],"about":[{"href":"https:\/\/www.lyceejeanperrin.fr\/index.php?rest_route=\/wp\/v2\/types\/page"}],"author":[{"embeddable":true,"href":"https:\/\/www.lyceejeanperrin.fr\/index.php?rest_route=\/wp\/v2\/users\/3"}],"replies":[{"embeddable":true,"href":"https:\/\/www.lyceejeanperrin.fr\/index.php?rest_route=%2Fwp%2Fv2%2Fcomments&post=89064"}],"version-history":[{"count":2,"href":"https:\/\/www.lyceejeanperrin.fr\/index.php?rest_route=\/wp\/v2\/pages\/89064\/revisions"}],"predecessor-version":[{"id":91397,"href":"https:\/\/www.lyceejeanperrin.fr\/index.php?rest_route=\/wp\/v2\/pages\/89064\/revisions\/91397"}],"up":[{"embeddable":true,"href":"https:\/\/www.lyceejeanperrin.fr\/index.php?rest_route=\/wp\/v2\/pages\/89470"}],"wp:attachment":[{"href":"https:\/\/www.lyceejeanperrin.fr\/index.php?rest_route=%2Fwp%2Fv2%2Fmedia&parent=89064"}],"curies":[{"name":"wp","href":"https:\/\/api.w.org\/{rel}","templated":true}]}}