{"id":89079,"date":"2020-06-24T12:29:28","date_gmt":"2020-06-24T10:29:28","guid":{"rendered":"https:\/\/www.lyceejeanperrin.fr\/?page_id=89079"},"modified":"2025-05-16T14:18:41","modified_gmt":"2025-05-16T12:18:41","slug":"teleinscription-en-classe-de-2nde","status":"publish","type":"page","link":"https:\/\/www.lyceejeanperrin.fr\/?page_id=89079","title":{"rendered":"INSCRIPTIONS"},"content":{"rendered":"<p><span style=\"text-decoration: underline;\"><span style=\"color: #0000ff;\"><strong>EN CLASSE DE 2NDE<\/strong><\/span><\/span><\/p>\n<p><strong>SUR AFFECTATION<\/strong> EN CLASSE DE SECONDE PAR MONSIEUR L&rsquo;INSPECTEUR D\u2019ACAD\u00c9MIE :<\/p>\n<p>Dates de progression de la proc\u00e9dure d&rsquo;affectation :<\/p>\n<ul>\n<li><strong>vendredi 4 avril 2025<\/strong> : <strong>consultation<\/strong> des offres de formation dans le service en ligne d&rsquo;affectation (avec vos comptes EDUCONNECT)<\/li>\n<li><strong>du lundi 5 mai 14h au lundi 26 mai 2025 \u00e0 23h59<\/strong>\u00a0: <strong>saisie<\/strong> des v\u0153ux d&rsquo;affectation par les familles (codes \u00e0 demander \u00e0 votre coll\u00e8ge actuel si vous n&rsquo;en disposez pas)<\/li>\n<li>le <strong>27 juin 2025 &#8211; 16h<\/strong> : Publication des r\u00e9sultats de l&rsquo;affectation et d\u00e9but de la T\u00e9l\u00e9 inscription<\/li>\n<li>le <strong>2 juillet 2025<\/strong> : D\u00e9p\u00f4t des dossiers d&rsquo;inscription au lyc\u00e9e (suivant les horaires du planning).<\/li>\n<\/ul>\n<p>Le lyc\u00e9e Jean Perrin participe \u00e0 la t\u00e9l\u00e9inscription pour les \u00e9l\u00e8ves entrant en 2nde \u00e0 la rentr\u00e9e 2025.<\/p>\n<p>Pour t\u00e9l\u00e9inscrire votre enfant, la proc\u00e9dure est la suivante :<\/p>\n<ul>\n<li><strong>A partir du 27 juin 2025 &#8211; 16h<\/strong> : vous recevez le r\u00e9sultat de l&rsquo;affectation de votre enfant par le coll\u00e8ge qui vous a \u00e9galement remis les codes d&rsquo;acc\u00e8s pour vous rendre sur le site du <a href=\"https:\/\/teleservices.ac-lille.fr\/login\/ct_logon_vk.jsp?CT_ORIG_URL=%2Fts%2F&amp;ct_orig_uri=%2Fts%2F\">T\u00e9l\u00e9services Inscription<\/a><\/li>\n<li><strong>D\u00e8s le 27 juin 2025<\/strong> : Vous proc\u00e9dez \u00e0 l&rsquo;inscription de votre enfant via T\u00e9l\u00e9services Inscription. Cela valide votre souhait d&rsquo;entrer \u00e0 Jean Perrin.<\/li>\n<li><strong>U<span style=\"font-size: 14pt;\">ne fois la t\u00e9l\u00e9inscription r\u00e9alis\u00e9e<\/span>, vous devez t\u00e9l\u00e9charger<\/strong> le dossier d&rsquo;inscription sur le site dans <a href=\"https:\/\/www.lyceejeanperrin.fr\/?page_id=89079\">l&rsquo;onglet \u00ab\u00a0INSCRIPTIONS\u00a0\u00bb<\/a><\/li>\n<li><strong>Le 2 JUILLET 2025 <\/strong>: Vous venez d\u00e9poser le dossier compl\u00e9t\u00e9 avec les pi\u00e8ces \u00e0 joindre au Lyc\u00e9e suivant le planning communiqu\u00e9.<\/li>\n<li><a href=\"https:\/\/www.lyceejeanperrin.fr\/?page_id=89641\">MODALIT\u00c9S D&rsquo;INSCRIPTION EN SECONDE ICI<\/a><\/li>\n<\/ul>\n<p><span style=\"text-decoration: underline;\"><span style=\"color: #0000ff;\"><strong>EN CLASSE DE 1ERE<br \/>\n<\/strong><\/span><\/span><\/p>\n<p>Pour inscrire votre enfant, la proc\u00e9dure est la suivante :<\/p>\n<ul>\n<li><strong>27 juin 2025<\/strong> : R\u00e9sultats de la commission d&rsquo;affectation en 1\u00e8re G\u00e9n\u00e9rale (d\u00e9m\u00e9nagement, changement d&rsquo;\u00e9tablissement,&#8230;)<\/li>\n<li><strong>27 juin 2025<\/strong> : vous recevez le r\u00e9sultat de l&rsquo;affectation en 1\u00e8re STMG de votre enfant par votre \u00e9tablissement d&rsquo;origine<\/li>\n<li><strong>Vous devez t\u00e9l\u00e9charger<\/strong> le dossier d&rsquo;inscription sur le site dans l&rsquo;onglet \u00ab\u00a0INSCRIPTIONS\u00a0\u00bb<\/li>\n<li><strong>Le 2 JUILLET 2025 <\/strong>: Vous venez d\u00e9poser au lyc\u00e9e le dossier compl\u00e9t\u00e9 avec les pi\u00e8ces \u00e0 joindre :\n<ul>\n<li>entre 13h30 et 16h30 : pour une inscription en 1\u00e8re G\u00e9n\u00e9rale (nouveaux entrants) ou en 1\u00e8re S.T.M.G.<\/li>\n<\/ul>\n<\/li>\n<li><a href=\"https:\/\/www.lyceejeanperrin.fr\/?page_id=88833\">DOSSIER D&rsquo;INSCRIPTION EN PREMI\u00c8RE en t\u00e9l\u00e9chargement ICI<\/a><\/li>\n<\/ul>\n<p><span style=\"text-decoration: underline;\"><span style=\"color: #0000ff;\"><strong>EN CLASSE DE TERMINALE<br \/>\n<\/strong><\/span><\/span><\/p>\n<p><span style=\"color: #ff0000;\"><strong>Pour les doublants &#8211; imp\u00e9rativement d\u00e9poser une demande de doublement le jour des r\u00e9sultats du 1er ou du 2nd groupe<\/strong>.<\/span><\/p>\n<p>Pour s&rsquo;inscrire en Terminale si vous venez d&rsquo;un autre \u00e9tablissement, la proc\u00e9dure est la suivante :<\/p>\n<ul>\n<li><strong>D\u00e8s que vous recevez le r\u00e9sultat de l&rsquo;affectation de votre enfant au lyc\u00e9e Jean Perrin<\/strong><strong>, vous devez t\u00e9l\u00e9charger<\/strong> le dossier d&rsquo;inscription sur le site dans l&rsquo;onglet \u00ab\u00a0INSCRIPTIONS\u00a0\u00bb\u00a0 &#8211; (Commission d&rsquo;affectation en Terminale de mi-juillet)<\/li>\n<li><strong>Au plus tard le 11 juillet 2025<\/strong> : Vous venez d\u00e9poser au lyc\u00e9e le dossier compl\u00e9t\u00e9 avec les pi\u00e8ces \u00e0 joindre ou vous nous transmettez le dossier par la voie postale \u00e0 l&rsquo;adresse suivante :\n<pre><span style=\"color: #666699;\"><strong>LYC\u00c9E JEAN PERRIN - <em>Inscription Terminale<\/em> - 2 AVENUE SAKHAROV \/ B.P. 129 \/ 59832 LAMBERSART Cedex<\/strong><\/span><\/pre>\n<\/li>\n<li><a href=\"https:\/\/www.lyceejeanperrin.fr\/?page_id=88843\">MODALIT\u00c9S D&rsquo;INSCRIPTION EN TERMINALE ICI<\/a><\/li>\n<\/ul>\n<p><span style=\"text-decoration: underline;\"><span style=\"color: #0000ff;\"><strong>EN CLASSE DE B.T.S.<br \/>\n<\/strong><\/span><\/span><\/p>\n<p>Pour s&rsquo;inscrire en B.T.S. la proc\u00e9dure est la suivante :<\/p>\n<ul>\n<li><strong>Dans PARCOURSUP, vous devez r\u00e9pondre \u00ab\u00a0OUI d\u00e9finitif\u00a0\u00bb\u00a0 et avoir votre Baccalaur\u00e9at pour pouvoir vous inscrire au lyc\u00e9e Jean Perrin<\/strong><strong>, <\/strong><\/li>\n<li><strong>D\u00e8s que cela est fait, vous devez t\u00e9l\u00e9charger<\/strong> le dossier d&rsquo;inscription sur le site dans l&rsquo;onglet <a href=\"https:\/\/www.lyceejeanperrin.fr\/?page_id=88953\">\u00ab\u00a0INSCRIPTIONS\u00a0\u00bb &#8211; DOSSIER ICI<\/a><\/li>\n<li><strong>Au plus tard le 11 juillet 2025<\/strong> : Vous devez d\u00e9poser au lyc\u00e9e votre dossier ou envoyer par la voie postale le dossier compl\u00e9t\u00e9 avec les pi\u00e8ces \u00e0 joindre \u00e0 l&rsquo;adresse suivante :<\/li>\n<\/ul>\n<p>LYC\u00c9E JEAN PERRIN<\/p>\n<p>DOSSIER D&rsquo;INSCRIPTION EN BTS<\/p>\n<p>2 AVENUE SAKHAROV &#8211; B.P. 129<\/p>\n<p>59832 LAMBERSART CEDEX<\/p>\n","protected":false},"excerpt":{"rendered":"<p>EN CLASSE DE 2NDE SUR AFFECTATION EN CLASSE DE SECONDE PAR MONSIEUR L&rsquo;INSPECTEUR D\u2019ACAD\u00c9MIE : Dates de progression de la proc\u00e9dure d&rsquo;affectation : vendredi 4 avril 2025 : consultation des offres de formation dans le service en ligne d&rsquo;affectation (avec vos comptes EDUCONNECT) du lundi 5 mai 14h au lundi &#8230;<\/p>\n","protected":false},"author":3,"featured_media":0,"parent":0,"menu_order":7,"comment_status":"closed","ping_status":"closed","template":"","meta":{"footnotes":""},"class_list":["post-89079","page","type-page","status-publish","hentry","column","threecol"],"_links":{"self":[{"href":"https:\/\/www.lyceejeanperrin.fr\/index.php?rest_route=\/wp\/v2\/pages\/89079","targetHints":{"allow":["GET"]}}],"collection":[{"href":"https:\/\/www.lyceejeanperrin.fr\/index.php?rest_route=\/wp\/v2\/pages"}],"about":[{"href":"https:\/\/www.lyceejeanperrin.fr\/index.php?rest_route=\/wp\/v2\/types\/page"}],"author":[{"embeddable":true,"href":"https:\/\/www.lyceejeanperrin.fr\/index.php?rest_route=\/wp\/v2\/users\/3"}],"replies":[{"embeddable":true,"href":"https:\/\/www.lyceejeanperrin.fr\/index.php?rest_route=%2Fwp%2Fv2%2Fcomments&post=89079"}],"version-history":[{"count":22,"href":"https:\/\/www.lyceejeanperrin.fr\/index.php?rest_route=\/wp\/v2\/pages\/89079\/revisions"}],"predecessor-version":[{"id":91116,"href":"https:\/\/www.lyceejeanperrin.fr\/index.php?rest_route=\/wp\/v2\/pages\/89079\/revisions\/91116"}],"wp:attachment":[{"href":"https:\/\/www.lyceejeanperrin.fr\/index.php?rest_route=%2Fwp%2Fv2%2Fmedia&parent=89079"}],"curies":[{"name":"wp","href":"https:\/\/api.w.org\/{rel}","templated":true}]}}