{"id":89470,"date":"2021-03-22T11:53:19","date_gmt":"2021-03-22T10:53:19","guid":{"rendered":"https:\/\/www.lyceejeanperrin.fr\/?page_id=89470"},"modified":"2025-01-20T14:13:25","modified_gmt":"2025-01-20T13:13:25","slug":"options","status":"publish","type":"page","link":"https:\/\/www.lyceejeanperrin.fr\/?page_id=89470","title":{"rendered":"Options facultatives"},"content":{"rendered":"<p>Le lyc\u00e9e Jean Perrin propose deux sections europ\u00e9ennes :<\/p>\n<ul>\n<li>Section Europ\u00e9enne ALLEMAND &#8211; D.N.L. enseignement scientifique\/math\u00e9matiques<\/li>\n<li>Section Europ\u00e9enne ANGLAIS &#8211; D.N.L. histoire-g\u00e9ographie<\/li>\n<\/ul>\n<p>Les enseignements optionnels sont propos\u00e9s au lyc\u00e9e de la classe de SECONDE \u00e0 la classe de TERMINALE sont :<\/p>\n<ul>\n<li>le latin<\/li>\n<li>le grec<\/li>\n<li>le russe en Langue Vivante C<\/li>\n<li>la musique<\/li>\n<li>l&rsquo;E.P.S.<\/li>\n<\/ul>\n<p>Deux enseignements technologiques sont \u00e9galement propos\u00e9s mais UNIQUEMENT EN CLASSE DE SECONDE :<\/p>\n<ul>\n<li>Management et Gestion<\/li>\n<li>Sciences de Laboratoire<\/li>\n<\/ul>\n","protected":false},"excerpt":{"rendered":"<p>Le lyc\u00e9e Jean Perrin propose deux sections europ\u00e9ennes : Section Europ\u00e9enne ALLEMAND &#8211; D.N.L. enseignement scientifique\/math\u00e9matiques Section Europ\u00e9enne ANGLAIS &#8211; D.N.L. histoire-g\u00e9ographie Les enseignements optionnels sont propos\u00e9s au lyc\u00e9e de la classe de SECONDE \u00e0 la classe de TERMINALE sont : le latin le grec le russe en Langue Vivante &#8230;<\/p>\n","protected":false},"author":3,"featured_media":0,"parent":0,"menu_order":5,"comment_status":"closed","ping_status":"closed","template":"","meta":{"footnotes":""},"class_list":["post-89470","page","type-page","status-publish","hentry","column","threecol"],"_links":{"self":[{"href":"https:\/\/www.lyceejeanperrin.fr\/index.php?rest_route=\/wp\/v2\/pages\/89470","targetHints":{"allow":["GET"]}}],"collection":[{"href":"https:\/\/www.lyceejeanperrin.fr\/index.php?rest_route=\/wp\/v2\/pages"}],"about":[{"href":"https:\/\/www.lyceejeanperrin.fr\/index.php?rest_route=\/wp\/v2\/types\/page"}],"author":[{"embeddable":true,"href":"https:\/\/www.lyceejeanperrin.fr\/index.php?rest_route=\/wp\/v2\/users\/3"}],"replies":[{"embeddable":true,"href":"https:\/\/www.lyceejeanperrin.fr\/index.php?rest_route=%2Fwp%2Fv2%2Fcomments&post=89470"}],"version-history":[{"count":1,"href":"https:\/\/www.lyceejeanperrin.fr\/index.php?rest_route=\/wp\/v2\/pages\/89470\/revisions"}],"predecessor-version":[{"id":91013,"href":"https:\/\/www.lyceejeanperrin.fr\/index.php?rest_route=\/wp\/v2\/pages\/89470\/revisions\/91013"}],"wp:attachment":[{"href":"https:\/\/www.lyceejeanperrin.fr\/index.php?rest_route=%2Fwp%2Fv2%2Fmedia&parent=89470"}],"curies":[{"name":"wp","href":"https:\/\/api.w.org\/{rel}","templated":true}]}}