{"id":89493,"date":"2021-03-24T16:18:36","date_gmt":"2021-03-24T15:18:36","guid":{"rendered":"https:\/\/www.lyceejeanperrin.fr\/?page_id=89493"},"modified":"2021-03-24T16:18:36","modified_gmt":"2021-03-24T15:18:36","slug":"option-langues-anciennes-latingrec","status":"publish","type":"page","link":"https:\/\/www.lyceejeanperrin.fr\/?page_id=89493","title":{"rendered":"Langues Anciennes &#8211; Latin et Grec"},"content":{"rendered":"<p align=\"justify\"><strong><span style=\"font-family: Times New Roman, serif;\">L\u2019option L.C.A<\/span><\/strong><span style=\"font-family: Times New Roman, serif;\">. (Langues et Cultures de l\u2019Antiquit\u00e9) est offerte \u00e0 tous les curieux de la culture antique\u00a0: latinistes assidus au coll\u00e8ge mais aussi d\u00e9butants d\u00e9sireux de d\u00e9couvrir une langue ancienne au lyc\u00e9e.<\/span><\/p>\n<p align=\"justify\"><span style=\"font-family: Times New Roman, serif;\">Au lyc\u00e9e Jean Perrin, on peut \u00e9tudier\u00a0:<\/span><\/p>\n<p align=\"justify\"><span style=\"font-family: Times New Roman, serif;\">le <\/span><span style=\"font-family: Times New Roman, serif;\"><b>latin &#8230;<\/b><\/span><\/p>\n<p align=\"justify\"><img loading=\"lazy\" decoding=\"async\" class=\"size-full wp-image-89486 alignleft\" src=\"https:\/\/www.lyceejeanperrin.fr\/wp-content\/uploads\/2021\/03\/Image-1-Latin.jpg\" alt=\"Image 1 Latin\" width=\"300\" height=\"168\" \/><\/p>\n<p align=\"justify\"><span style=\"font-family: Times New Roman, serif;\">\u00a0\u00a0\u00a0\u00a0\u00a0\u00a0\u00a0 ou le <\/span><span style=\"font-family: Times New Roman, serif;\"><b>grec \u2026\u00a0!<\/b><\/span><\/p>\n<p align=\"justify\"><img loading=\"lazy\" decoding=\"async\" class=\"size-full wp-image-89487 aligncenter\" src=\"https:\/\/www.lyceejeanperrin.fr\/wp-content\/uploads\/2021\/03\/Image-2-Grec.jpg\" alt=\"Image 2 Grec\" width=\"277\" height=\"182\" \/><\/p>\n<p align=\"justify\"><img loading=\"lazy\" decoding=\"async\" class=\"wp-image-89488 aligncenter\" src=\"https:\/\/www.lyceejeanperrin.fr\/wp-content\/uploads\/2021\/03\/Image-3-LCA.png\" alt=\"Image 3 - LCA\" width=\"241\" height=\"196\" srcset=\"https:\/\/www.lyceejeanperrin.fr\/wp-content\/uploads\/2021\/03\/Image-3-LCA.png 394w, https:\/\/www.lyceejeanperrin.fr\/wp-content\/uploads\/2021\/03\/Image-3-LCA-300x244.png 300w, https:\/\/www.lyceejeanperrin.fr\/wp-content\/uploads\/2021\/03\/Image-3-LCA-332x270.png 332w\" sizes=\"auto, (max-width: 241px) 100vw, 241px\" \/><\/p>\n<p align=\"justify\"><span style=\"color: #ff0000;\"><strong><span style=\"font-family: Segoe Script, sans-serif;\"><span style=\"font-size: large;\">Une \u00ab\u00a0option\u00a0\u00bb &#8230; qui peut rapporter gros\u00a0!<\/span><\/span><\/strong><\/span><\/p>\n<p align=\"justify\"><strong><span style=\"font-family: Times New Roman, serif;\">L\u2019option latin ou grec<\/span><\/strong><span style=\"font-family: Times New Roman, serif;\"> est un enseignement optionnel qui peut se poursuivre jusqu\u2019au bac\u00a0:<\/span><\/p>\n<p align=\"justify\">\u21d2 <span style=\"font-family: Times New Roman, serif;\">trois heures par semaine (et <\/span><span style=\"font-family: Times New Roman, serif;\"><u><b>tr\u00e8s<\/b><\/u><\/span><span style=\"font-family: Times New Roman, serif;\"><b> peu de travail<\/b><\/span><span style=\"font-family: Times New Roman, serif;\"> \u00e0 la maison&#8230;)<\/span><\/p>\n<p align=\"justify\">\u21d2 <span style=\"font-family: Times New Roman, serif;\">avec une \u00e9valuation en contr\u00f4le continu (<\/span><span style=\"font-family: Times New Roman, serif;\"><u>sans \u00e9preuve terminale<\/u><\/span><span style=\"font-family: Times New Roman, serif;\">) qui <\/span><span style=\"font-family: Times New Roman, serif;\"><b>apporte des points suppl\u00e9mentaires au baccalaur\u00e9at<\/b><\/span><span style=\"font-family: Times New Roman, serif;\"> (les points au-dessus de la moyenne multipli\u00e9s par trois\u00a0!)<\/span><\/p>\n<p align=\"justify\"><span style=\"color: #ff0000;\"><span style=\"font-family: Segoe Script, sans-serif;\"><span style=\"font-size: large;\"><b>Un savoir pr\u00e9cieux<\/b><\/span><\/span><\/span><\/p>\n<p align=\"justify\"><span style=\"font-family: Times New Roman, serif;\"><img loading=\"lazy\" decoding=\"async\" class=\"alignnone size-medium wp-image-89489\" src=\"https:\/\/www.lyceejeanperrin.fr\/wp-content\/uploads\/2021\/03\/Image-4-LCA-500x201.png\" alt=\"Image 4 - LCA\" width=\"500\" height=\"201\" \/><\/span><\/p>\n<p align=\"justify\"><span style=\"font-family: Times New Roman, serif;\">Cet enseignement propose une ouverture sur le monde antique et permet d\u2019aborder de plus loin les grandes questions qui agitent le monde contemporain\u00a0:<\/span><\/p>\n<ul>\n<li>\n<p align=\"justify\"><em><span style=\"font-family: Times New Roman, serif;\">Qu\u2019est-ce qu\u2019une cit\u00e9\u00a0?<\/span><\/em><\/p>\n<\/li>\n<li>\n<p align=\"justify\"><em><span style=\"font-family: Times New Roman, serif;\">Comment vivre dans la cit\u00e9\u00a0?<\/span><\/em><\/p>\n<\/li>\n<li>\n<p align=\"justify\"><em><span style=\"font-family: Times New Roman, serif;\">Qui suis-je\u00a0?<\/span><\/em><\/p>\n<\/li>\n<li>\n<p align=\"justify\"><em><span style=\"font-family: Times New Roman, serif;\">Comment accueillir l\u2019autre\u00a0?<\/span><\/em><\/p>\n<\/li>\n<li>\n<p align=\"justify\"><em><span style=\"font-family: Times New Roman, serif;\">Quelle relation l\u2019homme entretient-il avec le sacr\u00e9\u00a0?<\/span><\/em><\/p>\n<\/li>\n<li>\n<p align=\"justify\"><em><span style=\"font-family: Times New Roman, serif;\">Quel regard l\u2019homme porte-t-il sur l\u2019animal\u00a0?<\/span><\/em><\/p>\n<\/li>\n<li>\n<p align=\"justify\"><em><span style=\"font-family: Times New Roman, serif;\">Qu\u2019est-ce que la M\u00e9diterran\u00e9e\u00a0?<\/span><\/em><\/p>\n<\/li>\n<li>\n<p align=\"justify\"><em><span style=\"font-family: Times New Roman, serif;\">Ses peuples et ses villes\u00a0? ROME, ATH\u00c8NES, CARTHAGE&#8230;<\/span><\/em><\/p>\n<\/li>\n<\/ul>\n<p align=\"justify\"><span style=\"font-family: Times New Roman, serif;\">Il s&rsquo;agit, par ailleurs, d&rsquo;<\/span><span style=\"font-family: Times New Roman, serif;\">un enseignement <\/span><span style=\"font-family: Times New Roman, serif;\"><b>tr\u00e8s compl\u00e9mentaire de celui du fran\u00e7ais en seconde et premi\u00e8re<\/b><\/span><span style=\"font-family: Times New Roman, serif;\">, et <\/span><span style=\"font-family: Times New Roman, serif;\"><b>de la philosophie en terminale<\/b><\/span><span style=\"font-family: Times New Roman, serif;\"> (chouette!)\u00a0<\/span><\/p>\n<p align=\"justify\"><span style=\"font-family: Times New Roman, serif;\">\u00a0 <img loading=\"lazy\" decoding=\"async\" class=\"wp-image-89491 alignright\" src=\"https:\/\/www.lyceejeanperrin.fr\/wp-content\/uploads\/2021\/03\/Image-6-LCA.png\" alt=\"Image 6 - LCA\" width=\"215\" height=\"194\" \/><img loading=\"lazy\" decoding=\"async\" class=\"alignnone wp-image-89490\" src=\"https:\/\/www.lyceejeanperrin.fr\/wp-content\/uploads\/2021\/03\/Image-5-LCA.png\" alt=\"Image 5 - LCA\" width=\"190\" height=\"255\" srcset=\"https:\/\/www.lyceejeanperrin.fr\/wp-content\/uploads\/2021\/03\/Image-5-LCA.png 322w, https:\/\/www.lyceejeanperrin.fr\/wp-content\/uploads\/2021\/03\/Image-5-LCA-224x300.png 224w\" sizes=\"auto, (max-width: 190px) 100vw, 190px\" \/><br \/>\n<\/span><\/p>\n<p align=\"justify\"><span style=\"color: #ff0000;\"><span style=\"font-family: Segoe Script, sans-serif;\"><span style=\"font-size: large;\"><b><span style=\"color: #ff0000;\">Un apport pr\u00e9cieux pour l&rsquo;\u00a0\u00ab\u00a0apr\u00e8s-bac\u00a0\u00bb<\/span> <\/b><\/span><\/span><\/span><\/p>\n<p align=\"justify\"><span style=\"font-family: Times New Roman, serif;\">L\u2019enseignement des L.C.A. propose d\u2019entrer dans le monde antique par\u00a0:<\/span><\/p>\n<p align=\"justify\">\u25ba <span style=\"font-family: Times New Roman, serif;\">l\u2019apprentissage d\u2019une langue, le latin ou le grec.<\/span><\/p>\n<p align=\"justify\">\u25ba <span style=\"font-family: Times New Roman, serif;\">la lecture de grands textes litt\u00e9raires fondateurs en V.O. et en traduction.<\/span><\/p>\n<p align=\"justify\">\u25ba <span style=\"font-family: Times New Roman, serif;\">la connaissance de la mythologie, mais aussi d\u2019une histoire politique, philosophique et artistique au croisement de plusieurs disciplines scolaires.<\/span><\/p>\n<p align=\"justify\"><span style=\"font-family: Times New Roman, serif;\"><b>Loin de la pression de l\u2019examen<\/b><\/span><span style=\"font-family: Times New Roman, serif;\">, cet enseignement encourage la r\u00e9flexion par la confrontation des mondes antiques et du monde moderne ainsi que la prise de parole fr\u00e9quente \u00e0 l\u2019oral. En effet, il se d\u00e9roule en petits groupes, ce qui permet \u00e0 chacun de s\u2019exprimer et de travailler dans <\/span><span style=\"font-family: Times New Roman, serif;\"><b>une ambiance d\u00e9tendue et collaborative<\/b><\/span><span style=\"font-family: Times New Roman, serif;\">. Il permet en outre l\u2019enrichissement du vocabulaire en fran\u00e7ais gr\u00e2ce \u00e0 la d\u00e9couverte de l\u2019\u00e9tymologie, la consolidation des connaissances grammaticales ainsi que la constitution d\u2019une <\/span><span style=\"font-family: Times New Roman, serif;\"><b>solide culture g\u00e9n\u00e9rale recherch\u00e9e dans de nombreuses fili\u00e8res universitaires ou classes pr\u00e9paratoires<\/b><\/span><span style=\"font-family: Times New Roman, serif;\">.<\/span><\/p>\n<p align=\"justify\"><span style=\"font-family: Times New Roman, serif;\"><img loading=\"lazy\" decoding=\"async\" class=\"wp-image-89492 aligncenter\" src=\"https:\/\/www.lyceejeanperrin.fr\/wp-content\/uploads\/2021\/03\/Image-7-LCA.png\" alt=\"Image 7 - LCA\" width=\"130\" height=\"213\" srcset=\"https:\/\/www.lyceejeanperrin.fr\/wp-content\/uploads\/2021\/03\/Image-7-LCA.png 275w, https:\/\/www.lyceejeanperrin.fr\/wp-content\/uploads\/2021\/03\/Image-7-LCA-184x300.png 184w\" sizes=\"auto, (max-width: 130px) 100vw, 130px\" \/><br \/>\n<\/span><\/p>\n","protected":false},"excerpt":{"rendered":"<p>L\u2019option L.C.A. (Langues et Cultures de l\u2019Antiquit\u00e9) est offerte \u00e0 tous les curieux de la culture antique\u00a0: latinistes assidus au coll\u00e8ge mais aussi d\u00e9butants d\u00e9sireux de d\u00e9couvrir une langue ancienne au lyc\u00e9e. Au lyc\u00e9e Jean Perrin, on peut \u00e9tudier\u00a0: le latin &#8230; \u00a0\u00a0\u00a0\u00a0\u00a0\u00a0\u00a0 ou le grec \u2026\u00a0! Une \u00ab\u00a0option\u00a0\u00bb &#8230; &#8230;<\/p>\n","protected":false},"author":3,"featured_media":0,"parent":89470,"menu_order":4,"comment_status":"closed","ping_status":"closed","template":"","meta":{"footnotes":""},"class_list":["post-89493","page","type-page","status-publish","hentry","column","threecol"],"_links":{"self":[{"href":"https:\/\/www.lyceejeanperrin.fr\/index.php?rest_route=\/wp\/v2\/pages\/89493","targetHints":{"allow":["GET"]}}],"collection":[{"href":"https:\/\/www.lyceejeanperrin.fr\/index.php?rest_route=\/wp\/v2\/pages"}],"about":[{"href":"https:\/\/www.lyceejeanperrin.fr\/index.php?rest_route=\/wp\/v2\/types\/page"}],"author":[{"embeddable":true,"href":"https:\/\/www.lyceejeanperrin.fr\/index.php?rest_route=\/wp\/v2\/users\/3"}],"replies":[{"embeddable":true,"href":"https:\/\/www.lyceejeanperrin.fr\/index.php?rest_route=%2Fwp%2Fv2%2Fcomments&post=89493"}],"version-history":[{"count":0,"href":"https:\/\/www.lyceejeanperrin.fr\/index.php?rest_route=\/wp\/v2\/pages\/89493\/revisions"}],"up":[{"embeddable":true,"href":"https:\/\/www.lyceejeanperrin.fr\/index.php?rest_route=\/wp\/v2\/pages\/89470"}],"wp:attachment":[{"href":"https:\/\/www.lyceejeanperrin.fr\/index.php?rest_route=%2Fwp%2Fv2%2Fmedia&parent=89493"}],"curies":[{"name":"wp","href":"https:\/\/api.w.org\/{rel}","templated":true}]}}