{"id":89641,"date":"2023-06-01T16:54:54","date_gmt":"2023-06-01T14:54:54","guid":{"rendered":"https:\/\/www.lyceejeanperrin.fr\/?page_id=89641"},"modified":"2025-05-16T14:23:00","modified_gmt":"2025-05-16T12:23:00","slug":"dossier-dinscription-seconde","status":"publish","type":"page","link":"https:\/\/www.lyceejeanperrin.fr\/?page_id=89641","title":{"rendered":"DOSSIER D&rsquo;INSCRIPTION SECONDE"},"content":{"rendered":"<p><span style=\"color: #0000ff;\"><span style=\"font-size: 12pt;\"><strong>Vous venez de t\u00e9l\u00e9inscrire votre enfant en 2nde sur T\u00e9l\u00e9services<\/strong><\/span>.<\/span><\/p>\n<p style=\"text-align: center;\"><span style=\"background-color: #ff0000; color: #ffffff;\"><strong>ATTENTION<\/strong>\u00a0SI VOTRE ENFANT N\u2019EST PAS AFFECT\u00c9 AU LYC\u00c9E JEAN PERRIN PAR MONSIEUR L\u2019INSPECTEUR D\u2019ACAD\u00c9MIE, ALORS SON INSCRIPTION NE POURRA \u00caTRE ACCEPT\u00c9E.<\/span><\/p>\n<p>Vous devez \u00e0 pr\u00e9sent finaliser l&rsquo;inscription au Lyc\u00e9e Jean Perrin en nous remettant le dossier complet accompagn\u00e9 des pi\u00e8ces \u00e0 joindre <strong>au plus tard le 2 juillet 2025.<\/strong><\/p>\n<p><strong><span style=\"color: #ff0000;\">1 &#8211; <span style=\"text-decoration: underline;\">PI\u00c8CES DU DOSSIER \u00c0 T\u00c9L\u00c9CHARGER<\/span> :<\/span> <span style=\"color: #ff0000;\">cliquez sur les liens ci-dessous<\/span><\/strong><\/p>\n<ul>\n<li><span style=\"font-family: Calibri, sans-serif;\"><span style=\"font-size: large;\"><a href=\"https:\/\/www.lyceejeanperrin.fr\/wp-content\/uploads\/2025\/05\/FICHE-DE-VOEUX-PEDAGOGIQUES-SECONDE.pdf\">Fiche de v\u0153ux p\u00e9dagogiques \u2013 2nde<\/a> <\/span><\/span><span style=\"font-family: Calibri, sans-serif;\"><span style=\"font-size: medium;\">&#8211; <\/span><\/span><strong><span style=\"color: #000000;\"><span style=\"font-family: Calibri, sans-serif;\"><span style=\"font-size: medium;\">\u00c0 COMPL\u00c9TER, SIGNER, ET \u00c0 RENDRE AU LYC\u00c9E<\/span><\/span><\/span><\/strong><\/li>\n<li><a href=\"https:\/\/www.lyceejeanperrin.fr\/wp-content\/uploads\/2025\/05\/Fiche-de-renseignements-2025-2026.pdf\"><span style=\"font-family: Calibri, sans-serif;\"><span style=\"font-size: large;\">Fiche de renseignements <\/span><\/span><\/a><span style=\"font-family: Calibri, sans-serif;\"><span style=\"font-size: medium;\">&#8211; <\/span><\/span><strong><span style=\"font-family: Calibri, sans-serif;\"><span style=\"font-size: medium;\">\u00c0 COMPL\u00c9TER, SIGNER, ET \u00c0 RENDRE AU LYC\u00c9E<\/span><\/span><\/strong><\/li>\n<li><a href=\"https:\/\/www.lyceejeanperrin.fr\/wp-content\/uploads\/2025\/05\/Fiche-dUrgence-2025.pdf\"><span style=\"font-family: Calibri, sans-serif;\"><span style=\"font-size: large;\">Fiche d\u2019urgence <\/span><\/span><\/a><span style=\"font-family: Calibri, sans-serif;\"><span style=\"font-size: medium;\">&#8211; <\/span><\/span><strong><span style=\"font-family: Calibri, sans-serif;\"><span style=\"font-size: medium;\">\u00c0 COMPL\u00c9TER, SIGNER, ET \u00c0 RENDRE AU LYC\u00c9E<\/span><\/span><\/strong><\/li>\n<li><a href=\"https:\/\/www.lyceejeanperrin.fr\/wp-content\/uploads\/2025\/05\/Dossier-Fonds-Social-2025-2026.pdf\"><span style=\"font-family: Calibri, sans-serif;\"><span style=\"font-size: large;\">Dossier Fonds Social <\/span><\/span><\/a><span style=\"font-family: Calibri, sans-serif;\"><span style=\"font-size: medium;\">&#8211; <\/span><\/span><strong><span style=\"color: #000000;\"><span style=\"font-family: Calibri, sans-serif;\"><span style=\"font-size: medium;\">\u00c0 RENDRE COMPL\u00c9T\u00c9, SIGN\u00c9, AVEC LES PI\u00c8CES DEMAND\u00c9ES ou \u00c0 RENDRE BARR\u00c9 DE LA MENTION \u00ab\u00a0N\u00c9ANT\u00a0\u00bb<br \/><\/span><\/span><\/span><\/strong><\/li>\n<li><a href=\"https:\/\/www.lyceejeanperrin.fr\/wp-content\/uploads\/2025\/05\/Adhesion-MDL.pdf\">Bulletin d&rsquo;adh\u00e9sion \u00e0 la Maison des Lyc\u00e9ens<\/a> &#8211;<strong> <span style=\"font-family: Calibri, sans-serif;\"><span style=\"font-size: medium;\">\u00c0 RENDRE COMPL\u00c9T\u00c9, SIGN\u00c9, AVEC LE R<span style=\"font-family: Calibri, sans-serif;\">\u00c8<\/span>GLEMENT<\/span><\/span><\/strong><\/li>\n<li><a href=\"https:\/\/www.lyceejeanperrin.fr\/wp-content\/uploads\/2025\/05\/Dossier-dinscription-MODE-DEMPLOI-Nouveaux-eleves.pdf\"><span style=\"font-family: Calibri, sans-serif;\"><span style=\"font-size: large;\">Mode d\u2019emploi du dossier d\u2019inscription <\/span><\/span><\/a><span style=\"font-family: Calibri, sans-serif;\"><span style=\"font-size: medium;\">&#8211; <\/span><\/span><strong><span style=\"font-family: Calibri, sans-serif;\"><span style=\"font-size: medium;\">\u00c0 CONSERVER PAR LA FAMILLE<\/span><\/span><\/strong><\/li>\n<li><a href=\"https:\/\/www.lyceejeanperrin.fr\/wp-content\/uploads\/2025\/05\/FICHE-INFO-LA-RESTAURATION-SCOLAIRE-2025.pdf\"><span style=\"font-family: Calibri, sans-serif;\"><span style=\"font-size: large;\">Information sur la restauration<\/span><\/span><\/a> <span style=\"font-family: Calibri, sans-serif;\"><span style=\"font-size: medium;\">&#8211; <\/span><\/span><strong><span style=\"font-family: Calibri, sans-serif;\"><span style=\"font-size: medium;\">\u00c0 LIRE ATTENTIVEMENT<\/span><\/span><\/strong><\/li>\n<li><a href=\"https:\/\/www.lyceejeanperrin.fr\/wp-content\/uploads\/2025\/05\/FICHE-INFO-FONDS-SOCIAUX-2025.pdf\"><span style=\"font-family: Calibri, sans-serif;\"><span style=\"font-size: large;\">Information sur le Fonds Social <\/span><\/span><\/a><span style=\"font-family: Calibri, sans-serif;\"><span style=\"font-size: medium;\">&#8211; <\/span><\/span><strong><span style=\"font-family: Calibri, sans-serif;\"><span style=\"font-size: medium;\">\u00c0 <\/span><\/span><span style=\"font-family: Calibri, sans-serif;\"><span style=\"font-size: medium;\">LIRE ATTENTIVEMENT <\/span><\/span><\/strong><\/li>\n<li><a href=\"https:\/\/www.lyceejeanperrin.fr\/wp-content\/uploads\/2025\/05\/FICHE-INFO-BOURSES-2025-2026-1.pdf\"><span style=\"font-family: Calibri, sans-serif;\"><span style=\"font-size: large;\">Information sur les Bourses <\/span><\/span><\/a><span style=\"font-family: Calibri, sans-serif;\"><span style=\"font-size: medium;\"><b>&#8211; <\/b><strong>\u00c0 LIRE ATTENTIVEMENT<\/strong><\/span><\/span><\/li>\n<\/ul>\n<p><strong>Le dossier d&rsquo;inscription pour \u00eatre complet doit comprendre<\/strong><strong> :<\/strong><\/p>\n<ul>\n<li>la <strong>fiche de v\u0153ux p\u00e9dagogiques<\/strong> -2nde<\/li>\n<li>la <strong>fiche de renseignements<\/strong> (pour les services administratifs et financiers)<\/li>\n<li>la <strong>fiche d&rsquo;urgence<\/strong> (pour l&rsquo;infirmi\u00e8re scolaire)<\/li>\n<li>le <strong>dossier de Fonds Social<\/strong> (\u00e0 rendre avec les pi\u00e8ces demand\u00e9es ou Barr\u00e9 avec la mention \u00ab\u00a0N\u00e9ant\u00a0\u00bb)<\/li>\n<li>un <span style=\"color: #0000ff;\">R.I.B. <\/span>ou R.I.P. (nom-pr\u00e9nom et classe inscrits au dos) &#8211; <span style=\"color: #0000ff;\"><strong>\u00c0 JOINDRE<\/strong><\/span><\/li>\n<li>un <span style=\"color: #0000ff;\">ch\u00e8que de 41 \u20ac<\/span> (environ 10 repa<span style=\"color: #000000;\">s) &#8211; <span style=\"color: #0000ff;\"><strong>\u00c0 JOINDRE<\/strong> <\/span><\/span><span style=\"color: #0000ff;\">si vous souhaitez d\u00e9jeuner \u00e0 la cantine la 1\u00e8re quinzaine de septembre<\/span><\/li>\n<li><span style=\"color: #ff0000;\"><strong>2 photos<\/strong> <b>r\u00e9centes <\/b><\/span>et avec les<span style=\"font-size: 10pt;\"><span style=\"font-size: 10pt;\"><b>\u00a0NOM-<\/b><\/span><span style=\"font-size: 13.3333px;\"><b>PR\u00c9NOM ET\u00a0<\/b><\/span><span style=\"font-size: 10pt;\"><b>CLASSE DE L\u2019\u00c9L\u00c8VE AU VERSO<\/b><\/span><\/span> &#8211; <span style=\"color: #0000ff;\"><strong>\u00c0 JOINDRE<\/strong><\/span><\/li>\n<li>une copie de la\u00a0<span style=\"color: #0000ff;\">pi\u00e8ce d&rsquo;identit\u00e9 de l&rsquo;\u00e9l\u00e8ve<\/span> &#8211; <span style=\"color: #0000ff;\"><strong>\u00c0 JOINDRE<\/strong><\/span><\/li>\n<li><span style=\"color: #0000ff;\">un\u00a0justificatif de l&rsquo;autorit\u00e9 parentale<\/span> pour les \u00e9l\u00e8ves mineurs (livret de famille \/ acte de naissance \/ extrait du jugement de s\u00e9paration \/ etc) &#8211; <span style=\"color: #0000ff;\"><strong>\u00c0 JOINDRE<\/strong><\/span><\/li>\n<li><span style=\"color: #0000ff;\">les bulletins de l&rsquo;ann\u00e9e de 3\u00e8me &#8211; <strong>\u00c0 JOINDRE<\/strong><\/span><\/li>\n<li>le <span style=\"color: #800080;\">bulletin d\u2019adh\u00e9sion \u00e0 la M.D.L.<\/span> si vous souhaitez <span style=\"color: #800080;\"><strong>avec le r\u00e8glement de 5 euros<\/strong><\/span> (Ch\u00e8que \u00e0 l&rsquo;ordre de \u00ab\u00a0La maison des Lyc\u00e9ens du Lyc\u00e9e Jean Perrin de Lambersart\u00a0\u00bb ou esp\u00e8ces)<strong><br \/><\/strong><\/li>\n<\/ul>\n<p><strong>JE VOUS REMERCIE DE VEILLER \u00c0 <span style=\"color: #ff0000;\">\u00c9CRIRE LISIBLEMENT<\/span> (<span style=\"color: #ff0000;\">de pr\u00e9f\u00e9rence en majuscules<\/span>) afin qu&rsquo;il n&rsquo;y ait pas d&rsquo;erreur d&rsquo;interpr\u00e9tation lors de la lecture des documents.<\/strong><\/p>\n<p><strong><span style=\"color: #ff0000;\">2\u00a0&#8211;\u00a0<span style=\"text-decoration: underline;\">DATES DE RETOUR DES DOSSIERS D&rsquo;INSCRIPTION AU<\/span><span style=\"text-decoration: underline;\">\u00a0<\/span><u>LYC\u00c9E<\/u><\/span><\/strong><\/p>\n<p><span style=\"color: #0000ff;\">Les \u00e9l\u00e8ves de la <strong>section sportive football<\/strong> sont invit\u00e9s \u00e0 s&rsquo;inscrire le <strong>2 juillet 2025<\/strong> \u00e0 partir de 16h.<\/span><\/p>\n<p><span style=\"color: #ff0000;\"><strong>Pour tous les autres \u00e9l\u00e8ves de 2nde<\/strong><\/span>, le planning de <strong>retour des dossiers le 2 juillet 2025<\/strong> est le suivant :<\/p>\n<p><strong>Coll\u00e8ges de SAINT-ANDR\u00c9-LEZ-LILLE<\/strong> :<br \/>Retour des dossiers entre 9h00 et 9h30<br \/><strong>Coll\u00e8ges Lavoisier et Dominique Savio de LAMBERSART <\/strong>:<br \/>Retour des dossiers entre 9h30 et 10h30<br \/><strong>Coll\u00e8ge Anne Frank LAMBERSART\u00a0<\/strong> :<br \/>Retour des dossiers entre 10h30 et 12h00<\/p>\n<p><strong>Coll\u00e8ges de LILLE et LOMME\u00a0<\/strong> :<br \/>Retour des dossiers entre 13h30 et 15h00<br \/><strong>Coll\u00e8ges de MARQUETTE et P\u00c9RENCHIES<\/strong> :<br \/>Retour des dossiers entre 15h00 et 15h30<br \/><strong>Autres coll\u00e8ges et lyc\u00e9es<\/strong> : Retour des dossiers entre 15h30 et 16h30<\/p>\n<p><strong><span style=\"color: #ff00ff;\">SECTION EURO ANGLAIS<\/span><\/strong> : Merci de joindre \u00e0 votre dossier d\u2019inscription une lettre de motivation r\u00e9dig\u00e9e en anglais.<\/p>\n<p><strong><span style=\"color: #ff00ff;\">OPTIONS MUSIQUE ou E.P.S.<\/span><\/strong>\u00a0: Merci de joindre une lettre de motivation \u00e0 votre dossier d\u2019inscription.<\/p>\n<p><span style=\"background-color: #ff0000; color: #ffffff;\"><strong>ATTENTION<\/strong> : Noubliez pas de commander votre carte H.D.F. pour pouvoir acc\u00e9der \u00e0 la restauration scolaire d\u00e8s la rentr\u00e9e : <a style=\"color: #ffffff;\" href=\"https:\/\/www.lyceejeanperrin.fr\/?page_id=88946\">LIEN H.D.F. Ici<\/a>.<\/span><\/p>\n<p><span style=\"color: #008000;\"><strong>3 &#8211; <span style=\"text-decoration: underline;\">R\u00c9SERVATION DES MANUELS SCOLAIRES<\/span> <\/strong><\/span><\/p>\n<p><strong>Les documents relatifs au pr\u00eat des manuels scolaires par les F\u00e9d\u00e9rations de Parents d&rsquo;\u00e9l\u00e8ves sont disponibles dans l&rsquo;onglet <span style=\"color: #008000;\"><a style=\"color: #008000;\" href=\"https:\/\/www.lyceejeanperrin.fr\/?page_id=88875\">\u00ab\u00a0ESPACE PARENTS\u00a0\u00bb-\u00ab\u00a0BOURSE AUX LIVRES\u00a0\u00bb<\/a>.<\/span><\/strong><\/p>\n<p>Les f\u00e9d\u00e9rations seront pr\u00e9sentes <strong><span style=\"color: #ff6600;\">en salle A001<\/span><\/strong> pour recevoir vos bons de r\u00e9servation <strong><span style=\"color: #ff6600;\">le 2 juillet 2025<\/span><\/strong>.<\/p>\n\n\n<p><\/p>\n","protected":false},"excerpt":{"rendered":"<p>Vous venez de t\u00e9l\u00e9inscrire votre enfant en 2nde sur T\u00e9l\u00e9services. ATTENTION\u00a0SI VOTRE ENFANT N\u2019EST PAS AFFECT\u00c9 AU LYC\u00c9E JEAN PERRIN PAR MONSIEUR L\u2019INSPECTEUR D\u2019ACAD\u00c9MIE, ALORS SON INSCRIPTION NE POURRA \u00caTRE ACCEPT\u00c9E. Vous devez \u00e0 pr\u00e9sent finaliser l&rsquo;inscription au Lyc\u00e9e Jean Perrin en nous remettant le dossier complet accompagn\u00e9 des pi\u00e8ces &#8230;<\/p>\n","protected":false},"author":3,"featured_media":0,"parent":89079,"menu_order":1,"comment_status":"closed","ping_status":"closed","template":"","meta":{"footnotes":""},"class_list":["post-89641","page","type-page","status-publish","hentry","column","threecol"],"_links":{"self":[{"href":"https:\/\/www.lyceejeanperrin.fr\/index.php?rest_route=\/wp\/v2\/pages\/89641","targetHints":{"allow":["GET"]}}],"collection":[{"href":"https:\/\/www.lyceejeanperrin.fr\/index.php?rest_route=\/wp\/v2\/pages"}],"about":[{"href":"https:\/\/www.lyceejeanperrin.fr\/index.php?rest_route=\/wp\/v2\/types\/page"}],"author":[{"embeddable":true,"href":"https:\/\/www.lyceejeanperrin.fr\/index.php?rest_route=\/wp\/v2\/users\/3"}],"replies":[{"embeddable":true,"href":"https:\/\/www.lyceejeanperrin.fr\/index.php?rest_route=%2Fwp%2Fv2%2Fcomments&post=89641"}],"version-history":[{"count":32,"href":"https:\/\/www.lyceejeanperrin.fr\/index.php?rest_route=\/wp\/v2\/pages\/89641\/revisions"}],"predecessor-version":[{"id":91147,"href":"https:\/\/www.lyceejeanperrin.fr\/index.php?rest_route=\/wp\/v2\/pages\/89641\/revisions\/91147"}],"up":[{"embeddable":true,"href":"https:\/\/www.lyceejeanperrin.fr\/index.php?rest_route=\/wp\/v2\/pages\/89079"}],"wp:attachment":[{"href":"https:\/\/www.lyceejeanperrin.fr\/index.php?rest_route=%2Fwp%2Fv2%2Fmedia&parent=89641"}],"curies":[{"name":"wp","href":"https:\/\/api.w.org\/{rel}","templated":true}]}}