{"id":89784,"date":"2021-10-13T09:15:28","date_gmt":"2021-10-13T07:15:28","guid":{"rendered":"https:\/\/www.lyceejeanperrin.fr\/?page_id=89784"},"modified":"2021-10-13T09:15:28","modified_gmt":"2021-10-13T07:15:28","slug":"octobre-rose","status":"publish","type":"page","link":"https:\/\/www.lyceejeanperrin.fr\/?page_id=89784","title":{"rendered":"Octobre Rose"},"content":{"rendered":"<p>Dans le cadre de l&rsquo;op\u00e9ration \u00ab\u00a0Octobre Rose\u00a0\u00bb, les \u00e9l\u00e8ves de l&rsquo;Internat se sont mobilis\u00e9s :<\/p>\n<div style=\"width: 660px;\" class=\"wp-video\"><video class=\"wp-video-shortcode\" id=\"video-89784-1\" width=\"660\" height=\"374\" preload=\"metadata\" controls=\"controls\"><source type=\"video\/mp4\" src=\"https:\/\/www.lyceejeanperrin.fr\/wp-content\/uploads\/2021\/10\/73ea9e34-105c-41e8-aee1-6ec078637cf3.mp4?_=1\" \/><a href=\"https:\/\/www.lyceejeanperrin.fr\/wp-content\/uploads\/2021\/10\/73ea9e34-105c-41e8-aee1-6ec078637cf3.mp4\">https:\/\/www.lyceejeanperrin.fr\/wp-content\/uploads\/2021\/10\/73ea9e34-105c-41e8-aee1-6ec078637cf3.mp4<\/a><\/video><\/div>\n","protected":false},"excerpt":{"rendered":"<p>Dans le cadre de l&rsquo;op\u00e9ration \u00ab\u00a0Octobre Rose\u00a0\u00bb, les \u00e9l\u00e8ves de l&rsquo;Internat se sont mobilis\u00e9s :<\/p>\n","protected":false},"author":3,"featured_media":0,"parent":40175,"menu_order":1,"comment_status":"closed","ping_status":"closed","template":"","meta":{"footnotes":""},"class_list":["post-89784","page","type-page","status-publish","hentry","column","threecol"],"_links":{"self":[{"href":"https:\/\/www.lyceejeanperrin.fr\/index.php?rest_route=\/wp\/v2\/pages\/89784","targetHints":{"allow":["GET"]}}],"collection":[{"href":"https:\/\/www.lyceejeanperrin.fr\/index.php?rest_route=\/wp\/v2\/pages"}],"about":[{"href":"https:\/\/www.lyceejeanperrin.fr\/index.php?rest_route=\/wp\/v2\/types\/page"}],"author":[{"embeddable":true,"href":"https:\/\/www.lyceejeanperrin.fr\/index.php?rest_route=\/wp\/v2\/users\/3"}],"replies":[{"embeddable":true,"href":"https:\/\/www.lyceejeanperrin.fr\/index.php?rest_route=%2Fwp%2Fv2%2Fcomments&post=89784"}],"version-history":[{"count":0,"href":"https:\/\/www.lyceejeanperrin.fr\/index.php?rest_route=\/wp\/v2\/pages\/89784\/revisions"}],"up":[{"embeddable":true,"href":"https:\/\/www.lyceejeanperrin.fr\/index.php?rest_route=\/wp\/v2\/pages\/40175"}],"wp:attachment":[{"href":"https:\/\/www.lyceejeanperrin.fr\/index.php?rest_route=%2Fwp%2Fv2%2Fmedia&parent=89784"}],"curies":[{"name":"wp","href":"https:\/\/api.w.org\/{rel}","templated":true}]}}