{"id":89803,"date":"2021-10-15T09:52:25","date_gmt":"2021-10-15T07:52:25","guid":{"rendered":"https:\/\/www.lyceejeanperrin.fr\/?page_id=89799"},"modified":"2025-05-16T15:21:25","modified_gmt":"2025-05-16T13:21:25","slug":"permanence-ape-contact","status":"publish","type":"page","link":"https:\/\/www.lyceejeanperrin.fr\/?page_id=89803","title":{"rendered":"Permanence APE &#8211; contact"},"content":{"rendered":"<p>Les <strong>A<\/strong>ssociations de <strong>P<\/strong>arents d&rsquo;<strong>E<\/strong>l\u00e8ves peuvent \u00eatre contact\u00e9es tout au long de l&rsquo;ann\u00e9e.<\/p>\n<p>Elles assurent des permanences au lyc\u00e9e en salle A 215 aux horaires suivants :<\/p>\n<p><img loading=\"lazy\" decoding=\"async\" class=\"alignnone wp-image-88877\" src=\"https:\/\/www.lyceejeanperrin.fr\/wp-content\/uploads\/2020\/06\/FCPE.jpg\" alt=\"FCPE\" width=\"69\" height=\"66\" \/> Madame Tabia MAYNOU est pr\u00e9sente le lundi et le vendredi de 10h \u00e0 17h ou <span style=\"text-decoration: underline;\">sur rendez-vous \u00e0 tout autre moment de la semaine<\/span>. Elle est est joignable au 06.13.56.52.79.<\/p>\n<p>Madame DEHOVE Sarah &#8211; Pr\u00e9sidente de l&rsquo;A.P.E. FCPE du lyc\u00e9e peut \u00eatre contact\u00e9 par mail \u00e0 l&rsquo;adresse : presidentfcpejeanperrin@gmail.com<\/p>\n<p><img loading=\"lazy\" decoding=\"async\" class=\"alignnone wp-image-88876\" src=\"https:\/\/www.lyceejeanperrin.fr\/wp-content\/uploads\/2020\/06\/PEEP.jpg\" alt=\"PEEP\" width=\"125\" height=\"25\" \/>Madame Shaeene DUMOULIN sera pr\u00e9sente aux inscriptions ou <span style=\"text-decoration: underline;\">sur rendez-vous \u00e0 tout autre moment de la semaine<\/span>. Elle est joignable au 06.50.53.11.44 pour tous renseignements ou prise de rendez-vous.<\/p>\n<p>Vous pouvez \u00e9galement contacter M. TERRAS Robert &#8211; Pr\u00e9sident de l&rsquo;APE PEEP par mail : peeplyceejeanperrin@gmail.com<\/p>\n","protected":false},"excerpt":{"rendered":"<p>Les Associations de Parents d&rsquo;El\u00e8ves peuvent \u00eatre contact\u00e9es tout au long de l&rsquo;ann\u00e9e. Elles assurent des permanences au lyc\u00e9e en salle A 215 aux horaires suivants : Madame Tabia MAYNOU est pr\u00e9sente le lundi et le vendredi de 10h \u00e0 17h ou sur rendez-vous \u00e0 tout autre moment de la &#8230;<\/p>\n","protected":false},"author":3,"featured_media":0,"parent":87633,"menu_order":4,"comment_status":"closed","ping_status":"closed","template":"","meta":{"footnotes":""},"class_list":["post-89803","page","type-page","status-publish","hentry","column","threecol"],"_links":{"self":[{"href":"https:\/\/www.lyceejeanperrin.fr\/index.php?rest_route=\/wp\/v2\/pages\/89803","targetHints":{"allow":["GET"]}}],"collection":[{"href":"https:\/\/www.lyceejeanperrin.fr\/index.php?rest_route=\/wp\/v2\/pages"}],"about":[{"href":"https:\/\/www.lyceejeanperrin.fr\/index.php?rest_route=\/wp\/v2\/types\/page"}],"author":[{"embeddable":true,"href":"https:\/\/www.lyceejeanperrin.fr\/index.php?rest_route=\/wp\/v2\/users\/3"}],"replies":[{"embeddable":true,"href":"https:\/\/www.lyceejeanperrin.fr\/index.php?rest_route=%2Fwp%2Fv2%2Fcomments&post=89803"}],"version-history":[{"count":11,"href":"https:\/\/www.lyceejeanperrin.fr\/index.php?rest_route=\/wp\/v2\/pages\/89803\/revisions"}],"predecessor-version":[{"id":91170,"href":"https:\/\/www.lyceejeanperrin.fr\/index.php?rest_route=\/wp\/v2\/pages\/89803\/revisions\/91170"}],"up":[{"embeddable":true,"href":"https:\/\/www.lyceejeanperrin.fr\/index.php?rest_route=\/wp\/v2\/pages\/87633"}],"wp:attachment":[{"href":"https:\/\/www.lyceejeanperrin.fr\/index.php?rest_route=%2Fwp%2Fv2%2Fmedia&parent=89803"}],"curies":[{"name":"wp","href":"https:\/\/api.w.org\/{rel}","templated":true}]}}